{"id":1372,"date":"2024-10-23T09:57:35","date_gmt":"2024-10-23T12:57:35","guid":{"rendered":"https:\/\/wp.ufpel.edu.br\/cpa\/?page_id=1372"},"modified":"2024-10-30T10:03:22","modified_gmt":"2024-10-30T13:03:22","slug":"avaliacao-do-docente-e-avaliacao-geral","status":"publish","type":"page","link":"https:\/\/wp.ufpel.edu.br\/cpa\/avaliacao-do-docente-e-avaliacao-geral\/","title":{"rendered":"Avalia\u00e7\u00e3o do docente e avalia\u00e7\u00e3o geral"},"content":{"rendered":"<p><a href=\"https:\/\/drive.google.com\/drive\/folders\/1YLsQNv-kq-iMgPd_XAPmcfd2XlfJkqDI?usp=drive_link\">Avalia\u00e7\u00e3o 2021<\/a><\/p>\n<p><a href=\"https:\/\/drive.google.com\/drive\/folders\/1KkjQcqwCLEIHOr2oAAXT6jWbnwN4OpME?usp=drive_link\">Avalia\u00e7\u00e3o 2022\u00a0<\/a><\/p>\n<p><a href=\"https:\/\/drive.google.com\/drive\/folders\/1z17HGfBhJD0Cjhr-ta3cy3SEhBQXCyII?usp=drive_link\">Avalia\u00e7\u00e3o 2023<\/a><\/p>\n<p>(Na c\u00e9lula B13 selecione a unidade ou curso, conforme a aba consultada)<\/p>\n","protected":false},"excerpt":{"rendered":"<p>Avalia\u00e7\u00e3o 2021 Avalia\u00e7\u00e3o 2022\u00a0 Avalia\u00e7\u00e3o 2023 (Na c\u00e9lula B13 selecione a unidade ou curso, conforme a aba consultada)<\/p>\n","protected":false},"author":106,"featured_media":0,"parent":0,"menu_order":0,"comment_status":"closed","ping_status":"closed","template":"","meta":{"footnotes":""},"class_list":["post-1372","page","type-page","status-publish","hentry","nodate","item-wrap"],"jetpack_sharing_enabled":true,"_links":{"self":[{"href":"https:\/\/wp.ufpel.edu.br\/cpa\/wp-json\/wp\/v2\/pages\/1372","targetHints":{"allow":["GET"]}}],"collection":[{"href":"https:\/\/wp.ufpel.edu.br\/cpa\/wp-json\/wp\/v2\/pages"}],"about":[{"href":"https:\/\/wp.ufpel.edu.br\/cpa\/wp-json\/wp\/v2\/types\/page"}],"author":[{"embeddable":true,"href":"https:\/\/wp.ufpel.edu.br\/cpa\/wp-json\/wp\/v2\/users\/106"}],"replies":[{"embeddable":true,"href":"https:\/\/wp.ufpel.edu.br\/cpa\/wp-json\/wp\/v2\/comments?post=1372"}],"version-history":[{"count":3,"href":"https:\/\/wp.ufpel.edu.br\/cpa\/wp-json\/wp\/v2\/pages\/1372\/revisions"}],"predecessor-version":[{"id":1376,"href":"https:\/\/wp.ufpel.edu.br\/cpa\/wp-json\/wp\/v2\/pages\/1372\/revisions\/1376"}],"wp:attachment":[{"href":"https:\/\/wp.ufpel.edu.br\/cpa\/wp-json\/wp\/v2\/media?parent=1372"}],"curies":[{"name":"wp","href":"https:\/\/api.w.org\/{rel}","templated":true}]}}