{"id":1259,"date":"2024-08-22T11:50:23","date_gmt":"2024-08-22T14:50:23","guid":{"rendered":"https:\/\/wp.ufpel.edu.br\/cpa\/?page_id=1259"},"modified":"2024-12-26T10:56:52","modified_gmt":"2024-12-26T13:56:52","slug":"apresentacoes","status":"publish","type":"page","link":"https:\/\/wp.ufpel.edu.br\/cpa\/apresentacoes\/","title":{"rendered":"Apresenta\u00e7\u00f5es"},"content":{"rendered":"<p><a href=\"https:\/\/wp.ufpel.edu.br\/cpa\/files\/2024\/08\/Apresentacao-CPA-Profs-ingressantes2024.pdf\">Apresenta\u00e7\u00e3o professores ingressantes 2024.1<\/a><\/p>\n<p><a href=\"https:\/\/wp.ufpel.edu.br\/cpa\/files\/2024\/12\/Apresentacao-CPA-Reuniao-de-Gestao.pdf\">Apresenta\u00e7\u00e3o CPA &#8211; Reuni\u00e3o de Gest\u00e3o<\/a> &#8211; dez\/2024<\/p>\n","protected":false},"excerpt":{"rendered":"<p>Apresenta\u00e7\u00e3o professores ingressantes 2024.1 Apresenta\u00e7\u00e3o CPA &#8211; Reuni\u00e3o de Gest\u00e3o &#8211; dez\/2024<\/p>\n","protected":false},"author":106,"featured_media":0,"parent":0,"menu_order":0,"comment_status":"closed","ping_status":"closed","template":"","meta":{"footnotes":""},"class_list":["post-1259","page","type-page","status-publish","hentry","nodate","item-wrap"],"jetpack_sharing_enabled":true,"_links":{"self":[{"href":"https:\/\/wp.ufpel.edu.br\/cpa\/wp-json\/wp\/v2\/pages\/1259","targetHints":{"allow":["GET"]}}],"collection":[{"href":"https:\/\/wp.ufpel.edu.br\/cpa\/wp-json\/wp\/v2\/pages"}],"about":[{"href":"https:\/\/wp.ufpel.edu.br\/cpa\/wp-json\/wp\/v2\/types\/page"}],"author":[{"embeddable":true,"href":"https:\/\/wp.ufpel.edu.br\/cpa\/wp-json\/wp\/v2\/users\/106"}],"replies":[{"embeddable":true,"href":"https:\/\/wp.ufpel.edu.br\/cpa\/wp-json\/wp\/v2\/comments?post=1259"}],"version-history":[{"count":2,"href":"https:\/\/wp.ufpel.edu.br\/cpa\/wp-json\/wp\/v2\/pages\/1259\/revisions"}],"predecessor-version":[{"id":1521,"href":"https:\/\/wp.ufpel.edu.br\/cpa\/wp-json\/wp\/v2\/pages\/1259\/revisions\/1521"}],"wp:attachment":[{"href":"https:\/\/wp.ufpel.edu.br\/cpa\/wp-json\/wp\/v2\/media?parent=1259"}],"curies":[{"name":"wp","href":"https:\/\/api.w.org\/{rel}","templated":true}]}}