{"id":8,"date":"2020-03-30T14:30:23","date_gmt":"2020-03-30T17:30:23","guid":{"rendered":"https:\/\/wp.ufpel.edu.br\/covid19\/?page_id=8"},"modified":"2020-09-10T18:20:59","modified_gmt":"2020-09-10T21:20:59","slug":"artigos-cientificos","status":"publish","type":"page","link":"https:\/\/wp.ufpel.edu.br\/covid19\/artigos-cientificos\/","title":{"rendered":"Artigos Cient\u00edficos"},"content":{"rendered":"<ol>\n<li>\n<h5><a href=\"https:\/\/wp.ufpel.edu.br\/covid19\/files\/2020\/09\/Coletiva-RS-Fase-8-20200908_v2.pdf\">Epidemiologia da Covid-19 no RS: estudo de base populacional. Oitavo inqu\u00e9rito<\/a><\/h5>\n<\/li>\n<li>\n<h5><a href=\"https:\/\/wp.ufpel.edu.br\/covid19\/files\/2020\/07\/Coletiva-RS-Fase-6-20200727-FPH.pdf\">Epidemiologia da Covid-19 no RS: estudo de base populacional. Sexto inqu\u00e9rito<\/a><\/h5>\n<\/li>\n<li>\n<h5><a href=\"https:\/\/wp.ufpel.edu.br\/covid19\/files\/2020\/07\/Consenso-Brasileiro.pdf\">Diretrizes para o tratamento farmacol\u00f3gico da COVID-19<\/a><\/h5>\n<\/li>\n<li>\n<h5><a href=\"https:\/\/wp.ufpel.edu.br\/covid19\/files\/2020\/07\/Coletiva-RS-Fase-5-20200629.pdf\">Epidemiologia da Covid-19 no Rio Grande do Sul: Estudo de base populacional. Quinto inqu\u00e9rito\u00a0<\/a><\/h5>\n<\/li>\n<li>\n<h5><a href=\"https:\/\/serrapilheira.org\/modelos-matematicos-ajudam-a-otimizar-distanciamento-social-na-pandemia\/\">Modelos matem\u00e1ticos ajudam a otimizar distanciamento social na pandemia<\/a>.<\/h5>\n<ul>\n<li>\n<h6>Veja tamb\u00e9m: <a href=\"http:\/\/www.cemeai.icmc.usp.br\/ModCovid19\/\">http:\/\/www.cemeai.icmc.usp.br\/ModCovid19\/<\/a><\/h6>\n<\/li>\n<\/ul>\n<\/li>\n<li>\n<h5><a href=\"https:\/\/revistagalileu.globo.com\/Ciencia\/Saude\/noticia\/2020\/06\/tres-cepas-de-sars-cov-2-predominam-infeccoes-por-covid-19-no-brasil.html?utm_source=twitter&amp;utm_medium=social&amp;utm_campaign=post\">Tr\u00eas cepas de SARS-COV-2 predominam infec\u00e7\u00f5es por Covid-19 no Brasil<\/a><\/h5>\n<\/li>\n<li>\n<h5><a href=\"https:\/\/wp.ufpel.edu.br\/covid19\/files\/2020\/05\/Coletiva-Fase-4-20200526.pdf\">Epidemiologia da Covid-19 no Rio Grande do Sul: Estudo de base populacional. Quarto inqu\u00e9rito\u00a0<\/a><\/h5>\n<\/li>\n<\/ol>\n<ol>\n<li>\n<h5><a href=\"https:\/\/wp.ufpel.edu.br\/covid19\/files\/2020\/05\/EPICOVID19BR-release-fase-1-Portugues.pdf\">Epidemiologia da Covid-19 no Brasil: Estudo de base populacional. Primeiro inqu\u00e9rito<\/a><\/h5>\n<\/li>\n<li>\n<h5><a href=\"https:\/\/wp.ufpel.edu.br\/covid19\/files\/2020\/05\/Epicovid-resultados-do-3\u00ba-inqu\u00e9rito.pdf\">EPIDEMIOLOGIA DA COVID-19 NO RIO GRANDE DO SUL: Estudo de base populacional. Resultado do terceiro inqu\u00e9rito<\/a><\/h5>\n<\/li>\n<li>\n<h5><a href=\"https:\/\/docs.google.com\/document\/d\/1wuECMEbJn4h1htw5EpvnewbKMM5FB5pU4hIpXbymb1E\/edit?usp=sharing\">Material sobre o Covid-19 produzido pelos Youth Ambassadors da UNESCO<\/a><\/h5>\n<\/li>\n<li>\n<h5><a href=\"https:\/\/wp.ufpel.edu.br\/covid19\/files\/2020\/04\/1980-5497-rbepid-23-e200032-1.pdf.pdf\">O que \u00e9 urgente e necess\u00e1rio para subsidiar as pol\u00edticas de enfrentamento da pandemia de COVID-19 no Brasil?\u00a0<\/a> (REV BRAS EPIDEMIOL 2020; 23: E200032) &#8211; 17-04-2020<\/h5>\n<\/li>\n<li>\n<h5><a href=\"https:\/\/wp.ufpel.edu.br\/covid19\/files\/2020\/04\/1980-5497-rbepid-23-e200033-1.pdf\">Isolamento social e o aumento da viol\u00eancia dom\u00e9stica: o que isso nos revela?<\/a> (REV BRAS EPIDEMIOL 2020; 23: E200033) &#8211; 17-04-2020<\/h5>\n<\/li>\n<li>\n<h5><a href=\"https:\/\/wp.ufpel.edu.br\/covid19\/files\/2020\/04\/Covid-19vers\u00e3o.pdf\">EPICOVID-19 &#8211; EPIDEMIOLOGIA DA COVID-19 NO RIO GRANDE DO SUL. Estudo de base populacional e valida\u00e7\u00e3o de testes diagn\u00f3sticos<\/a><\/h5>\n<\/li>\n<li>\n<h5><a href=\"https:\/\/wp.ufpel.edu.br\/covid19\/files\/2020\/04\/Protocolo-COVID-submetido-CSC-20200412-submetido.pdf\">Protocolo COVID submetido CSC 20200412 submetido<\/a><\/h5>\n<\/li>\n<li>\n<h5><a href=\"http:\/\/www.scielo.br\/scielo.php?script=sci_arttext&amp;pid=S2237-96222020000100100\">Editorial sobre a resposta da Vigil\u00e2ncia frente a pandemia do COVID-19<\/a><\/h5>\n<\/li>\n<li>\n<h5><a href=\"\/\/blog.scielo.org\/blog\/2020\/04\/03\/analise-da-gravidade-da-pandemia-de-covid-19\/#.Xohs4YhKjDc\">An\u00e1lise da Gravidade da Pandemia de Covid-19<\/a><\/h5>\n<\/li>\n<li>\n<h5><a href=\"http:\/\/www.scielo.br\/scielo.php?script=sci_arttext&amp;pid=S0034-89102020000100700&amp;lng=en&amp;nrm=iso&amp;tlng=pt\">Investiga\u00e7\u00e3o de surto em navio de carga em tempo de COVID-19, Porto de Santos, Brasil<\/a><\/h5>\n<\/li>\n<li>\n<h5><a href=\"http:\/\/www.scielo.br\/scielo.php?script=sci_arttext&amp;pid=S1415-790X2020000100100&amp;lang=pt\">Sobre a possibilidade de interrup\u00e7\u00e3o da epidemia pelo coronav\u00edrus (COVID-19) com base nas melhores evid\u00eancias cient\u00edficas dispon\u00edveis<\/a><\/h5>\n<\/li>\n<li>\n<h5><a href=\"http:\/\/www.cienciaesaudecoletiva.com.br\/novidades\/pesquisa-com-a-populacao-cearense-indica-discrepancia-de-genero-idade-e-escolaridade-dados-sugerem-ineficacia-de-isolamento-vertical\/98?id=98&amp;id=98&amp;id=98\">Pesquisa com a popula\u00e7\u00e3o cearense indica discrep\u00e2ncia de g\u00eanero, idade e escolaridade; dados sugerem inefic\u00e1cia de &#8220;isolamento vertical&#8221;<\/a><\/h5>\n<\/li>\n<li>\n<h5><a href=\"https:\/\/blog.scielo.org\/blog\/2020\/04\/07\/intervencoes-nao-farmacologicas-para-o-enfrentamento-a-epidemia-da-covid19-no-brasil\/#.Xo3H-ohKjDc\">Interven\u00e7\u00f5es n\u00e3o farmacol\u00f3gicas para o enfrentamento a epidemia da covid-19 no Brasil<\/a><\/h5>\n<\/li>\n<li>\n<h5><a href=\"https:\/\/blog.scielo.org\/blog\/2020\/04\/07\/tuberculose-e-coronavirus-o-que-sabemos\/#.Xo3IJIhKjDc\">Tuberculose e coronav\u00edrus. O que sabemos<\/a><\/h5>\n<\/li>\n<li>\n<h5><a href=\"https:\/\/gauchazh.clicrbs.com.br\/saude\/noticia\/2020\/04\/isolamento-social-evitou-mais-de-2-mil-internacoes-por-covid-19-em-porto-alegre-diz-estudo-ck8q7wyky00nr01qwfv2rg3xz.html\">Isolamento social evitou mais de 2 mil interna\u00e7\u00f5es em POA<\/a><\/h5>\n<\/li>\n<li>\n<h5><a href=\"https:\/\/wp.ufpel.edu.br\/covid19\/files\/2020\/04\/mapeamento-da-popula\u00e7\u00e3o-de-risco-para-o-Covid-19-no-espa\u00e7o-urbano-do-munic\u00edpio-de-Pelotas.pdf\">Grupo de Pesquisa GEOTER\/UFPel: Mapeamento da Popula\u00e7\u00e3o de Risco para a Covid-19 no Espa\u00e7o Urbano do Munic\u00edpio de Pelotas<\/a><\/h5>\n<\/li>\n<li>\n<h5><a href=\"https:\/\/wp.ufpel.edu.br\/covid19\/files\/2020\/04\/Boletim-Semanal-Receita-Estadual-Impactos-COVID-19-Edic\u0327a\u0303o-1-Revisa\u0303o-1.pdf.pdf\">Boletim Semanal Receita Estadual &#8211; Impactos COVID-19 &#8211; Edic\u0327a\u0303o 1 &#8211; Revisa\u0303o 1.pdf<\/a><\/h5>\n<\/li>\n<li>\n<h5><a href=\"https:\/\/wp.ufpel.edu.br\/covid19\/files\/2020\/04\/Daily-Update-Coronavirus-31-03.pdf.pdf\">Gr\u00e1fico D\u00e1rio da Evolu\u00e7\u00e3o do Coronav\u00edrus (31-03)\u00a0<\/a><\/h5>\n<\/li>\n<li>\n<h5><a href=\"http:\/\/adufpel.org.br\/site\/noticias\/entrevista-sobre-uso-de-mscaras-durante-a-pandemia-de-covid-19\">Entrevista sobre uso de m\u00e1scaras durante a pandemia de Covid-19<\/a><\/h5>\n<\/li>\n<li>\n<h5><a href=\"https:\/\/www.sciencemag.org\/news\/2020\/03\/not-wearing-masks-protect-against-coronavirus-big-mistake-top-chinese-scientist-says\">N\u00e3o usar m\u00e1scaras para proteger contra o coronav\u00edrus \u00e9 um &#8220;grande erro&#8221;, diz o principal cientista chin\u00eas<\/a>\u00a0 (texto em ingl\u00eas)<\/h5>\n<\/li>\n<li>\n<h5>LitCovid \u00e9 um centro com curadoria para rastrear informa\u00e7\u00f5es cient\u00edficas atualizadas sobre a COVID-19. (Site em Ingl\u00eas). Acesse em: <a href=\"https:\/\/www.ncbi.nlm.nih.gov\/research\/coronavirus\/\">https:\/\/www.ncbi.nlm.nih.gov\/research\/coronavirus\/<\/a><\/h5>\n<\/li>\n<li><\/li>\n<\/ol>\n<p>&nbsp;<\/p>\n","protected":false},"excerpt":{"rendered":"<p>Epidemiologia da Covid-19 no RS: estudo de base populacional. Oitavo inqu\u00e9rito Epidemiologia da Covid-19 no RS: estudo de base populacional. Sexto inqu\u00e9rito Diretrizes para o tratamento farmacol\u00f3gico da COVID-19 Epidemiologia da Covid-19 no Rio&#46;&#46;&#46;<\/p>\n","protected":false},"author":244,"featured_media":0,"parent":0,"menu_order":0,"comment_status":"closed","ping_status":"closed","template":"","meta":{"jetpack_post_was_ever_published":false,"footnotes":""},"class_list":["post-8","page","type-page","status-publish","hentry"],"jetpack_sharing_enabled":true,"_links":{"self":[{"href":"https:\/\/wp.ufpel.edu.br\/covid19\/wp-json\/wp\/v2\/pages\/8","targetHints":{"allow":["GET"]}}],"collection":[{"href":"https:\/\/wp.ufpel.edu.br\/covid19\/wp-json\/wp\/v2\/pages"}],"about":[{"href":"https:\/\/wp.ufpel.edu.br\/covid19\/wp-json\/wp\/v2\/types\/page"}],"author":[{"embeddable":true,"href":"https:\/\/wp.ufpel.edu.br\/covid19\/wp-json\/wp\/v2\/users\/244"}],"replies":[{"embeddable":true,"href":"https:\/\/wp.ufpel.edu.br\/covid19\/wp-json\/wp\/v2\/comments?post=8"}],"version-history":[{"count":27,"href":"https:\/\/wp.ufpel.edu.br\/covid19\/wp-json\/wp\/v2\/pages\/8\/revisions"}],"predecessor-version":[{"id":818,"href":"https:\/\/wp.ufpel.edu.br\/covid19\/wp-json\/wp\/v2\/pages\/8\/revisions\/818"}],"wp:attachment":[{"href":"https:\/\/wp.ufpel.edu.br\/covid19\/wp-json\/wp\/v2\/media?parent=8"}],"curies":[{"name":"wp","href":"https:\/\/api.w.org\/{rel}","templated":true}]}}