{"id":49,"date":"2020-03-30T16:19:06","date_gmt":"2020-03-30T19:19:06","guid":{"rendered":"https:\/\/wp.ufpel.edu.br\/covid19\/?page_id=49"},"modified":"2022-02-25T15:38:20","modified_gmt":"2022-02-25T18:38:20","slug":"saude","status":"publish","type":"page","link":"https:\/\/wp.ufpel.edu.br\/covid19\/saude\/","title":{"rendered":"Sa\u00fade"},"content":{"rendered":"<p>O sistema de sa\u00fade da cidade de Pelotas (RS) est\u00e1 preparado para receber a comunidade da Universidade Federal de Pelotas. O munic\u00edpio mant\u00e9m dezenas de unidades b\u00e1sicas de sa\u00fade espalhadas em seu territ\u00f3rio, todas elas contando com atendimento geral e especializado em sintomas gripais. De modo geral, durante a manh\u00e3, as UBSs atendem casos de s\u00edndromes gripais; \u00e0 tarde, outras demandas.<\/p>\n<p>Al\u00e9m disso, algumas instala\u00e7\u00f5es prestam servi\u00e7os espec\u00edficos de vacina\u00e7\u00e3o, testagem e atendimento a pessoas com sintomas gripais.<\/p>\n<p>No link abaixo pode ser encontrada a localiza\u00e7\u00e3o de todos as UBSs de Pelotas, al\u00e9m dos locais de aten\u00e7\u00e3o espec\u00edfica voltados \u00e0 pandemia.<\/p>\n<p><a href=\"https:\/\/www.google.com\/maps\/d\/u\/1\/viewer?hl=pt-BR&amp;mid=1NO6gIQW2wuoh99iRvAoRTA4B4gujVi9I&amp;ll=-31.593275042814916%2C-52.38235698261718&amp;z=10\">Clique aqui para informa\u00e7\u00f5es de sa\u00fade em Pelotas (RS).<\/a><\/p>\n","protected":false},"excerpt":{"rendered":"<p>O sistema de sa\u00fade da cidade de Pelotas (RS) est\u00e1 preparado para receber a comunidade da Universidade Federal de Pelotas. O munic\u00edpio mant\u00e9m dezenas de unidades b\u00e1sicas de sa\u00fade espalhadas em seu territ\u00f3rio, todas&#46;&#46;&#46;<\/p>\n","protected":false},"author":244,"featured_media":1303,"parent":0,"menu_order":0,"comment_status":"closed","ping_status":"closed","template":"","meta":{"jetpack_post_was_ever_published":false,"footnotes":""},"class_list":["post-49","page","type-page","status-publish","has-post-thumbnail","hentry"],"jetpack_sharing_enabled":true,"_links":{"self":[{"href":"https:\/\/wp.ufpel.edu.br\/covid19\/wp-json\/wp\/v2\/pages\/49","targetHints":{"allow":["GET"]}}],"collection":[{"href":"https:\/\/wp.ufpel.edu.br\/covid19\/wp-json\/wp\/v2\/pages"}],"about":[{"href":"https:\/\/wp.ufpel.edu.br\/covid19\/wp-json\/wp\/v2\/types\/page"}],"author":[{"embeddable":true,"href":"https:\/\/wp.ufpel.edu.br\/covid19\/wp-json\/wp\/v2\/users\/244"}],"replies":[{"embeddable":true,"href":"https:\/\/wp.ufpel.edu.br\/covid19\/wp-json\/wp\/v2\/comments?post=49"}],"version-history":[{"count":13,"href":"https:\/\/wp.ufpel.edu.br\/covid19\/wp-json\/wp\/v2\/pages\/49\/revisions"}],"predecessor-version":[{"id":1321,"href":"https:\/\/wp.ufpel.edu.br\/covid19\/wp-json\/wp\/v2\/pages\/49\/revisions\/1321"}],"wp:featuredmedia":[{"embeddable":true,"href":"https:\/\/wp.ufpel.edu.br\/covid19\/wp-json\/wp\/v2\/media\/1303"}],"wp:attachment":[{"href":"https:\/\/wp.ufpel.edu.br\/covid19\/wp-json\/wp\/v2\/media?parent=49"}],"curies":[{"name":"wp","href":"https:\/\/api.w.org\/{rel}","templated":true}]}}