{"id":1312,"date":"2022-02-25T15:29:44","date_gmt":"2022-02-25T18:29:44","guid":{"rendered":"https:\/\/wp.ufpel.edu.br\/covid19\/?page_id=1312"},"modified":"2022-02-25T15:43:59","modified_gmt":"2022-02-25T18:43:59","slug":"videos","status":"publish","type":"page","link":"https:\/\/wp.ufpel.edu.br\/covid19\/videos\/","title":{"rendered":"V\u00eddeos"},"content":{"rendered":"<p>Assista ao v\u00eddeo sobre o app do Cobalto e veja como \u00e9 f\u00e1cil responder as tr\u00eas perguntas antes de se dirigir para qualquer um dos pr\u00e9dios da UFPel. Clique no link abaixo.<\/p>\n<p><a href=\"https:\/\/www.youtube.com\/watch?v=hcYl1tJJAdE\">Monitoramento COVID | APP Cobalto UFPel &#8211; YouTube<\/a><\/p>\n<p>&nbsp;<\/p>\n<p>&nbsp;<\/p>\n","protected":false},"excerpt":{"rendered":"<p>Assista ao v\u00eddeo sobre o app do Cobalto e veja como \u00e9 f\u00e1cil responder as tr\u00eas perguntas antes de se dirigir para qualquer um dos pr\u00e9dios da UFPel. Clique no link abaixo. Monitoramento COVID&#46;&#46;&#46;<\/p>\n","protected":false},"author":1143,"featured_media":0,"parent":0,"menu_order":0,"comment_status":"closed","ping_status":"closed","template":"","meta":{"jetpack_post_was_ever_published":false,"footnotes":""},"class_list":["post-1312","page","type-page","status-publish","hentry"],"jetpack_sharing_enabled":true,"_links":{"self":[{"href":"https:\/\/wp.ufpel.edu.br\/covid19\/wp-json\/wp\/v2\/pages\/1312","targetHints":{"allow":["GET"]}}],"collection":[{"href":"https:\/\/wp.ufpel.edu.br\/covid19\/wp-json\/wp\/v2\/pages"}],"about":[{"href":"https:\/\/wp.ufpel.edu.br\/covid19\/wp-json\/wp\/v2\/types\/page"}],"author":[{"embeddable":true,"href":"https:\/\/wp.ufpel.edu.br\/covid19\/wp-json\/wp\/v2\/users\/1143"}],"replies":[{"embeddable":true,"href":"https:\/\/wp.ufpel.edu.br\/covid19\/wp-json\/wp\/v2\/comments?post=1312"}],"version-history":[{"count":3,"href":"https:\/\/wp.ufpel.edu.br\/covid19\/wp-json\/wp\/v2\/pages\/1312\/revisions"}],"predecessor-version":[{"id":1324,"href":"https:\/\/wp.ufpel.edu.br\/covid19\/wp-json\/wp\/v2\/pages\/1312\/revisions\/1324"}],"wp:attachment":[{"href":"https:\/\/wp.ufpel.edu.br\/covid19\/wp-json\/wp\/v2\/media?parent=1312"}],"curies":[{"name":"wp","href":"https:\/\/api.w.org\/{rel}","templated":true}]}}