{"id":1225,"date":"2021-11-25T16:53:14","date_gmt":"2021-11-25T19:53:14","guid":{"rendered":"https:\/\/wp.ufpel.edu.br\/covid19\/?page_id=1225"},"modified":"2021-11-25T17:02:38","modified_gmt":"2021-11-25T20:02:38","slug":"questionario-triagem","status":"publish","type":"page","link":"https:\/\/wp.ufpel.edu.br\/covid19\/questionario-triagem\/","title":{"rendered":"Question\u00e1rio Triagem"},"content":{"rendered":"<p><b>Question\u00e1rio para Triagem COVID-19 da UFPel<\/b><\/p>\n<p>&nbsp;<\/p>\n<p><b>Para que serve o Question\u00e1rio para Triagem COVID-19 ?<\/b><\/p>\n<p><span style=\"font-weight: 400\">O Question\u00e1rio para Triagem COVID-19 serve para que a comunidade universit\u00e1ria da UFPel, compreendida por servidores e estudantes, possa diariamente antes de dirigir-se \u00e0s depend\u00eancias da Universidade para atividades presenciais certificar-se que n\u00e3o apresenta sinais ou sintomas suspeitos de COVID-19 nem tampouco esteve em contato com casos confirmados ou suspeitos nas \u00faltimas 48 horas. Assim, pretende-se reduzir o risco de transmiss\u00e3o do Conorav\u00edrus nas atividades da UFPel. O telefone do servi\u00e7o de vigil\u00e2ncia para COVID-19 da Universidade \u00e9 encaminhado para todos os usu\u00e1rios que marcarem pelo menos uma alternativa positiva para sinais\/sintomas ou contato de sintom\u00e1tico. Este servi\u00e7o \u00e9 o respons\u00e1vel por fazer uma an\u00e1lise mais detalhada da situa\u00e7\u00e3o do usu\u00e1rio e a necessidade de encaminhamento para testagem, isolamento ou servi\u00e7o de sa\u00fade.<\/span><\/p>\n<p><span style=\"font-weight: 400\">Todas as informa\u00e7\u00f5es solicitadas no question\u00e1rio est\u00e3o de acordo com o Guia de Vigil\u00e2ncia epidemiol\u00f3gica Emerg\u00eancia de sa\u00fade p\u00fablica de import\u00e2ncia nacional pela Doen\u00e7a pelo coronav\u00edrus 2019 \u2013 covid-19, do Minist\u00e9rio da Sa\u00fade.<\/span><\/p>\n<p><span style=\"font-weight: 400\">Refer\u00eancia:<\/span><span style=\"font-weight: 400\"><br \/>\n<\/span><span style=\"font-weight: 400\">Brasil. Minist\u00e9rio da Sa\u00fade. Secretaria de Vigil\u00e2ncia em Sa\u00fade. Departamento de An\u00e1lise em Sa\u00fade e Doen\u00e7as n\u00e3o Transmiss\u00edveis. <\/span><a href=\"https:\/\/docs.bvsalud.org\/biblioref\/2021\/05\/1179745\/guia-de-vigilancia-epidemiologica-covid-19.pdf\"><span style=\"font-weight: 400\">Guia de vigil\u00e2ncia epidemiol\u00f3gica: emerg\u00eancia de sa\u00fade p\u00fablica de import\u00e2ncia nacional pela Doen\u00e7a pelo coronav\u00edrus 2019 \u2013 covid-19<\/span><\/a><span style=\"font-weight: 400\"> [recurso eletr\u00f4nico] \/ Minist\u00e9rio da Sa\u00fade, Secretaria de Vigil\u00e2ncia em Sa\u00fade. \u2013 Bras\u00edlia: Minist\u00e9rio da Sa\u00fade, 2021.\u00a0\u00a0<\/span><\/p>\n<p>&nbsp;<\/p>\n<p><b>Onde eu acesso o Question\u00e1rio para Triagem COVID-19 ?<\/b><\/p>\n<p><span style=\"font-weight: 400\">O Question\u00e1rio para Triagem COVID-19 est\u00e1 dispon\u00edvel no APP do Cobalto para as plataformas Android e IOS.<\/span><\/p>\n<p><span style=\"font-weight: 400\">Dispon\u00edvel na Google Play: <\/span><a href=\"https:\/\/play.google.com\/store\/apps\/details?id=br.edu.ufpel.progic\"><span style=\"font-weight: 400\">https:\/\/play.google.com\/store\/apps\/details?id=br.edu.ufpel.progic<\/span><\/a><\/p>\n<p><span style=\"font-weight: 400\">Dispon\u00edvel na App Store: <\/span><a href=\"https:\/\/apps.apple.com\/br\/app\/cobalto-app\/id1472083651\"><span style=\"font-weight: 400\">https:\/\/apps.apple.com\/br\/app\/cobalto-app\/id1472083651<\/span><\/a><\/p>\n<p><span style=\"font-weight: 400\">O Question\u00e1rio para Triagem COVID-19 est\u00e1 dispon\u00edvel no primeiro item do menu como apresentado abaixo.<\/span><\/p>\n<p>&nbsp;<\/p>\n<p><b>O que fa\u00e7o com o resultado do Question\u00e1rio para Triagem COVID-19 ?<\/b><\/p>\n<p><span style=\"font-weight: 400\">O Question\u00e1rio para Triagem COVID-19 busca de forma preventiva evitar que indiv\u00edduos com quaisquer sintomas sugestivos de COVID-19 ou que tenham tido contato com pessoas nesta situa\u00e7\u00e3o acessem presencialmente as depend\u00eancias da Universidade Federal de Pelotas para trabalho ou atividades presenciais. Caso o usu\u00e1rio responda \u201csim\u201d a qualquer uma das perguntas formuladas, o app direciona o mesmo imediatamente a fazer contato com o servi\u00e7o de Vigil\u00e2ncia Epidemiol\u00f3gica Da COVID-19 da UFPel, que poder\u00e1 analisar em detalhes a situa\u00e7\u00e3o do usu\u00e1rio e realizar os encaminhamentos necess\u00e1rios. Caso o usu\u00e1rio responda \u201cn\u00e3o\u201d para todas as respostas, uma mensagem verde aparece sinalizando que o usu\u00e1rio est\u00e1 apto a ingressar nas depend\u00eancias da Universidade. Importante ressaltar que o car\u00e1ter desta ferramenta \u00e9 exclusivamente educativo\/preventivo, ou seja, ningu\u00e9m ser\u00e1 impedido de circular na Institui\u00e7\u00e3o com base nas respostas ao question\u00e1rio. O objetivo \u00e9 direcionar casos suspeitos para que possam ter o atendimento em servi\u00e7o especializado que dar\u00e1 o encaminhamento apropriado.\u00a0\u00a0\u00a0\u00a0<\/span><\/p>\n<p>&nbsp;<\/p>\n<p><b>Quer saber mais sobre a COVID-19 ?<\/b><\/p>\n<p><span style=\"font-weight: 400\">Acesso do site do Minist\u00e9rio da Sa\u00fade em: <\/span><a href=\"https:\/\/www.gov.br\/saude\/pt-br\/coronavirus\"><span style=\"font-weight: 400\">https:\/\/www.gov.br\/saude\/pt-br\/coronavirus<\/span><\/a><span style=\"font-weight: 400\">\u00a0<\/span><\/p>\n","protected":false},"excerpt":{"rendered":"<p>Question\u00e1rio para Triagem COVID-19 da UFPel &nbsp; Para que serve o Question\u00e1rio para Triagem COVID-19 ? O Question\u00e1rio para Triagem COVID-19 serve para que a comunidade universit\u00e1ria da UFPel, compreendida por servidores e estudantes,&#46;&#46;&#46;<\/p>\n","protected":false},"author":1143,"featured_media":0,"parent":0,"menu_order":0,"comment_status":"closed","ping_status":"closed","template":"","meta":{"jetpack_post_was_ever_published":false,"footnotes":""},"class_list":["post-1225","page","type-page","status-publish","hentry"],"jetpack_sharing_enabled":true,"_links":{"self":[{"href":"https:\/\/wp.ufpel.edu.br\/covid19\/wp-json\/wp\/v2\/pages\/1225","targetHints":{"allow":["GET"]}}],"collection":[{"href":"https:\/\/wp.ufpel.edu.br\/covid19\/wp-json\/wp\/v2\/pages"}],"about":[{"href":"https:\/\/wp.ufpel.edu.br\/covid19\/wp-json\/wp\/v2\/types\/page"}],"author":[{"embeddable":true,"href":"https:\/\/wp.ufpel.edu.br\/covid19\/wp-json\/wp\/v2\/users\/1143"}],"replies":[{"embeddable":true,"href":"https:\/\/wp.ufpel.edu.br\/covid19\/wp-json\/wp\/v2\/comments?post=1225"}],"version-history":[{"count":2,"href":"https:\/\/wp.ufpel.edu.br\/covid19\/wp-json\/wp\/v2\/pages\/1225\/revisions"}],"predecessor-version":[{"id":1230,"href":"https:\/\/wp.ufpel.edu.br\/covid19\/wp-json\/wp\/v2\/pages\/1225\/revisions\/1230"}],"wp:attachment":[{"href":"https:\/\/wp.ufpel.edu.br\/covid19\/wp-json\/wp\/v2\/media?parent=1225"}],"curies":[{"name":"wp","href":"https:\/\/api.w.org\/{rel}","templated":true}]}}