{"id":939,"date":"2024-03-05T21:54:27","date_gmt":"2024-03-06T00:54:27","guid":{"rendered":"https:\/\/wp.ufpel.edu.br\/coremu\/?page_id=939"},"modified":"2025-01-10T10:56:40","modified_gmt":"2025-01-10T13:56:40","slug":"processo-seletivo-de-vagas-remanescentes-2024-1","status":"publish","type":"page","link":"https:\/\/wp.ufpel.edu.br\/coremu\/processos-seletivos\/anteriores\/processo-seletivo-de-vagas-remanescentes-2024-1\/","title":{"rendered":"Processo Seletivo 2024 (vagas remanescentes)"},"content":{"rendered":"<h3>Programa de Resid\u00eancia Multiprofissional em Aten\u00e7\u00e3o em Oncologia (Ingresso 2024\/1)<\/h3>\n<p>\u00c1rea Profissional: Terapia Ocupacional<\/p>\n<p><a href=\"https:\/\/wp.ufpel.edu.br\/coremu\/files\/2024\/03\/SEI_UFPel-2544227-Edital-de-selecao-PRPPG.pdf\">Edital n\u00ba 39\/2024<\/a> (05\/03\/2024)<\/p>\n<p><a href=\"https:\/\/wp.ufpel.edu.br\/coremu\/files\/2024\/03\/Bibliografia_EDITAL-TO.pdf\">Bibliografia <\/a>\u00a0(06\/03\/2024)<\/p>\n<p><a href=\"https:\/\/wp.ufpel.edu.br\/coremu\/files\/2024\/03\/Edital_39_anexo_I.pdf\">ANEXO I &#8211; Tabela de Avalia\u00e7\u00e3o Curricular<\/a> (05\/03\/2024)<\/p>\n<p><a href=\"https:\/\/forms.gle\/cHM8XE1z3P1cWXS79\">Requerimento para Inscri\u00e7\u00e3o<\/a> (05\/03\/2024)<\/p>\n<p><a href=\"https:\/\/forms.gle\/waaGDtYumP8iPXkv7\">Formul\u00e1rio para Recursos<\/a> (05\/03\/2024)<\/p>\n<h3><\/h3>\n<h3>Homologa\u00e7\u00e3o de inscri\u00e7\u00e3o (Publica\u00e7\u00e3o em 13\/03\/2024)<\/h3>\n<p>Aline kichkofel Alves<\/p>\n<p>&nbsp;<\/p>\n<h3>Aplica\u00e7\u00e3o da prova: (Publica\u00e7\u00e3o em 13\/03\/2024)<\/h3>\n<p>Dia: 18\/03\/2024, \u00e0s 9h (chegar 30 minutos antes)<\/p>\n<p>Sala 1 (sala de aula) do Servi\u00e7o-Escola de Terapia Ocupacional<\/p>\n<p>Rua Marechal Deodoro, 1160 (centro de pesquisas da epidemiologia)<\/p>\n<p>O candidato dever\u00e1 se atentar \u00e0s regras do edital do processo seletivo.<\/p>\n<p>&nbsp;<\/p>\n<h3>N\u00e3o houve aprovados neste processo seletivo (Publica\u00e7\u00e3o em 19\/03\/2024)<\/h3>\n<p>&nbsp;<\/p>\n","protected":false},"excerpt":{"rendered":"<p>Programa de Resid\u00eancia Multiprofissional em Aten\u00e7\u00e3o em Oncologia (Ingresso 2024\/1) \u00c1rea Profissional: Terapia Ocupacional Edital n\u00ba 39\/2024 (05\/03\/2024) Bibliografia \u00a0(06\/03\/2024) ANEXO I &#8211; Tabela de Avalia\u00e7\u00e3o Curricular (05\/03\/2024) Requerimento para Inscri\u00e7\u00e3o (05\/03\/2024) Formul\u00e1rio para Recursos (05\/03\/2024) Homologa\u00e7\u00e3o de inscri\u00e7\u00e3o (Publica\u00e7\u00e3o em 13\/03\/2024) Aline kichkofel Alves &nbsp; Aplica\u00e7\u00e3o da prova: (Publica\u00e7\u00e3o em 13\/03\/2024) Dia: 18\/03\/2024, \u00e0s [&hellip;]<\/p>\n","protected":false},"author":1208,"featured_media":0,"parent":1201,"menu_order":8,"comment_status":"closed","ping_status":"closed","template":"","meta":{"_crdt_document":"","footnotes":""},"class_list":["post-939","page","type-page","status-publish","hentry"],"_links":{"self":[{"href":"https:\/\/wp.ufpel.edu.br\/coremu\/wp-json\/wp\/v2\/pages\/939","targetHints":{"allow":["GET"]}}],"collection":[{"href":"https:\/\/wp.ufpel.edu.br\/coremu\/wp-json\/wp\/v2\/pages"}],"about":[{"href":"https:\/\/wp.ufpel.edu.br\/coremu\/wp-json\/wp\/v2\/types\/page"}],"author":[{"embeddable":true,"href":"https:\/\/wp.ufpel.edu.br\/coremu\/wp-json\/wp\/v2\/users\/1208"}],"replies":[{"embeddable":true,"href":"https:\/\/wp.ufpel.edu.br\/coremu\/wp-json\/wp\/v2\/comments?post=939"}],"version-history":[{"count":11,"href":"https:\/\/wp.ufpel.edu.br\/coremu\/wp-json\/wp\/v2\/pages\/939\/revisions"}],"predecessor-version":[{"id":965,"href":"https:\/\/wp.ufpel.edu.br\/coremu\/wp-json\/wp\/v2\/pages\/939\/revisions\/965"}],"up":[{"embeddable":true,"href":"https:\/\/wp.ufpel.edu.br\/coremu\/wp-json\/wp\/v2\/pages\/1201"}],"wp:attachment":[{"href":"https:\/\/wp.ufpel.edu.br\/coremu\/wp-json\/wp\/v2\/media?parent=939"}],"curies":[{"name":"wp","href":"https:\/\/api.w.org\/{rel}","templated":true}]}}