{"id":93,"date":"2021-12-08T16:12:00","date_gmt":"2021-12-08T19:12:00","guid":{"rendered":"https:\/\/wp.ufpel.edu.br\/coremu\/?page_id=93"},"modified":"2021-12-08T16:12:00","modified_gmt":"2021-12-08T19:12:00","slug":"programa-de-residencia-multiprofissional-em-atencao-a-saude-da-crianca","status":"publish","type":"page","link":"https:\/\/wp.ufpel.edu.br\/coremu\/documentos\/programa-de-residencia-multiprofissional-em-atencao-a-saude-da-crianca\/","title":{"rendered":"Programa de Resid\u00eancia Multiprofissional em Aten\u00e7\u00e3o \u00e0 Sa\u00fade da Crian\u00e7a"},"content":{"rendered":"<p><a href=\"https:\/\/wp.ufpel.edu.br\/coremu\/files\/2021\/12\/Folha-de-Frequencia.docx\">Folha de Frequ\u00eancia<\/a><\/p>\n","protected":false},"excerpt":{"rendered":"<p>Folha de Frequ\u00eancia<\/p>\n","protected":false},"author":1209,"featured_media":0,"parent":22,"menu_order":1,"comment_status":"closed","ping_status":"closed","template":"","meta":{"footnotes":""},"class_list":["post-93","page","type-page","status-publish","hentry"],"_links":{"self":[{"href":"https:\/\/wp.ufpel.edu.br\/coremu\/wp-json\/wp\/v2\/pages\/93","targetHints":{"allow":["GET"]}}],"collection":[{"href":"https:\/\/wp.ufpel.edu.br\/coremu\/wp-json\/wp\/v2\/pages"}],"about":[{"href":"https:\/\/wp.ufpel.edu.br\/coremu\/wp-json\/wp\/v2\/types\/page"}],"author":[{"embeddable":true,"href":"https:\/\/wp.ufpel.edu.br\/coremu\/wp-json\/wp\/v2\/users\/1209"}],"replies":[{"embeddable":true,"href":"https:\/\/wp.ufpel.edu.br\/coremu\/wp-json\/wp\/v2\/comments?post=93"}],"version-history":[{"count":1,"href":"https:\/\/wp.ufpel.edu.br\/coremu\/wp-json\/wp\/v2\/pages\/93\/revisions"}],"predecessor-version":[{"id":95,"href":"https:\/\/wp.ufpel.edu.br\/coremu\/wp-json\/wp\/v2\/pages\/93\/revisions\/95"}],"up":[{"embeddable":true,"href":"https:\/\/wp.ufpel.edu.br\/coremu\/wp-json\/wp\/v2\/pages\/22"}],"wp:attachment":[{"href":"https:\/\/wp.ufpel.edu.br\/coremu\/wp-json\/wp\/v2\/media?parent=93"}],"curies":[{"name":"wp","href":"https:\/\/api.w.org\/{rel}","templated":true}]}}