{"id":890,"date":"2024-02-15T10:26:29","date_gmt":"2024-02-15T13:26:29","guid":{"rendered":"https:\/\/wp.ufpel.edu.br\/coremu\/?page_id=890"},"modified":"2024-03-19T20:52:00","modified_gmt":"2024-03-19T23:52:00","slug":"matriculados","status":"publish","type":"page","link":"https:\/\/wp.ufpel.edu.br\/coremu\/processos-seletivos\/anteriores\/processo-seletivo-2023-2024\/convocacoes\/matriculados\/","title":{"rendered":"Matriculados"},"content":{"rendered":"<h2>Listagem de matriculados nos Programas de Resid\u00eancia Multiprofissionais e em Sa\u00fade &#8211; INGRESSO 2024\/1<\/h2>\n<p>&nbsp;<\/p>\n<h3>Programa Multiprofissional em Aten\u00e7\u00e3o \u00e0 Sa\u00fade da Crian\u00e7a<\/h3>\n<h3><strong>Educa\u00e7\u00e3o F\u00edsica (Vagas preenchidas)<\/strong><\/h3>\n<p><em>1\u00ba (0400049603) Adriana Machado Perez (MATRICULADA)<\/em><\/p>\n<p><em>2\u00ba (0400029410) Cezar Augusto Brito Pinheiro (MATRICULADO)<\/em><\/p>\n<p>&nbsp;<\/p>\n<h3><strong>Nutri\u00e7\u00e3o <\/strong><strong>(<\/strong><strong>Vagas preenchidas<\/strong><strong>)<\/strong><\/h3>\n<p><em>3\u00ba (0470011503) Washington Miranda De Sousa (MATRICULADO)<\/em><\/p>\n<p><em> 5\u00ba (0470039902) Maria Gisele Carneiro Da Silva (MATRICULADA)<\/em><\/p>\n<p>&nbsp;<\/p>\n<h3><strong>Odontologia (Vagas Preenchidas)<\/strong><\/h3>\n<p><em>2\u00ba (0480034994) Natalia Vieria Firmino (MATRICULADA)<\/em><\/p>\n<p><em>6\u00ba (0480044857) \u00c1urea Cristina Ribeiro Vilas Boas (MATRICULADA)<\/em><\/p>\n<p>&nbsp;<\/p>\n<h3>Programa Multiprofissional em Aten\u00e7\u00e3o em Oncologia<\/h3>\n<h3><strong>Enfermagem (Vagas preenchidas)<br \/>\n<\/strong><\/h3>\n<p>2<em>\u00ba (0410002246) Carla Evangelista de Araujo (MATRICULADA)<\/em><\/p>\n<p><em>3\u00ba (0410038631) Amanda Da Silveira Nadal (MATRICULADA)<\/em><\/p>\n<p>&nbsp;<\/p>\n<h3><strong>Odontologia (Vagas preenchidas)<br \/>\n<\/strong><\/h3>\n<p><em>1\u00ba (0480043228) Ivan Lucas Ribeiro Araujo (MATRICULADO)<\/em><\/p>\n<p><em>3\u00ba (0460036053) Denyson Reinaldo Xisto Da Silva (MATRICULADO)<\/em><\/p>\n<p>&nbsp;<\/p>\n<h3><strong>Terapia Ocupacional (01 vaga restante)<br \/>\n<\/strong><\/h3>\n<p><em>1\u00ba (0520030731) Camila Schander da Rocha (MATRICULADA)<\/em><\/p>\n<p>2\u00ba &#8211;<\/p>\n<p>&nbsp;<\/p>\n<h3>Anestesiologia Veterin\u00e1ria <strong> (Vagas preenchidas)<\/strong><\/h3>\n<p><em>1\u00ba (0460051694) Rafael Valerio Martins (MATRICULADO)<\/em><\/p>\n<p><em>2\u00ba (0460018320) Iara Catarina Alves de Almeida (MATRICULADA)<br \/>\n<\/em><\/p>\n<p>&nbsp;<\/p>\n<h3>Cl\u00ednica Cir\u00fargica em Animais de Companhia <strong> (Vagas preenchidas)<\/strong><\/h3>\n<p><em>1\u00ba (0460039682) Gabriela Yuriko Fujihara (MATRICULADA)<\/em><\/p>\n<p><em>2\u00ba (0460038302) Matheus Alisson Rocha Araujo (MATRICULADO)<\/em><\/p>\n<p>&nbsp;<\/p>\n<h3>Cl\u00ednica M\u00e9dica em Animais de Companhia <strong> (Vagas preenchidas)<\/strong><\/h3>\n<p><em>1\u00ba (0460032229) Anna Carolina Scholz Os\u00f3rio (MATRICULADA)<\/em><\/p>\n<p><em>2\u00ba (0460014475) Mariana Timm Krolow (MATRICULADA)<\/em><\/p>\n<p>&nbsp;<\/p>\n<h3>Cl\u00ednica M\u00e9dica de Equinos <strong> (Vagas preenchidas)<\/strong><\/h3>\n<p><em>1\u00ba (0460032320) Thiago Nunes Alves Reis (MATRICULADO)<\/em><\/p>\n<p><em>2\u00ba (0460006504) Milena Miolo Antunes (MATRICULADA)<\/em><\/p>\n<h3><\/h3>\n<h3>Cl\u00ednica M\u00e9dica de Ruminantes (<strong>Vagas preenchidas)<\/strong><\/h3>\n<p><em>2\u00ba (460048968) Carina Mendes Soares (MATRICULADA)<\/em><\/p>\n<p>&nbsp;<\/p>\n<h3>Diagn\u00f3stico por Imagem em Medicina Veterin\u00e1ria <strong>(Vaga Preenchida)<\/strong><\/h3>\n<p><em>2\u00ba (0460047277) Indyara Mesquita Fernandes (MATRICULADA)<\/em><\/p>\n<p>&nbsp;<\/p>\n<h3>Inspe\u00e7\u00e3o e Tecnologias de Produtos de Origem Animal (Vaga preenchida)<\/h3>\n<p><em>3\u00ba (460036345) Kelly Guedes (MATRICULADA)<\/em><\/p>\n<p>&nbsp;<\/p>\n<h3>Medicina de Animais Silvestres <strong> (Vagas preenchidas)<\/strong><\/h3>\n<p><em>1\u00ba (0460001211) Roberto Gumieiro Junior (MATRICULADO)<\/em><\/p>\n<p><em>2\u00ba (0460001060) Lorena Eduarda Feitosa Ferrarezi da Silva (MATRICULADA)<\/em><\/p>\n<p>&nbsp;<\/p>\n<h3>Medicina Veterin\u00e1ria Preventiva <strong> (Vagas preenchidas)<\/strong><\/h3>\n<p><em>1\u00ba (0460008831) Giulia Ribeiro Meireles (MATRICULADA)<\/em><\/p>\n<p><em>2\u00ba (0460043201) Wesley Porto de Oliveira (MATRICULADO)<\/em><\/p>\n<p>&nbsp;<\/p>\n<h3>Patologia Animal <strong> (01 Vaga Restante)<\/strong><\/h3>\n<p><em>2\u00ba (0460051371) Ana Clara Sousa Torres (MATRICULADA)<\/em><\/p>\n<p>&nbsp;<\/p>\n<h3>Patologia Cl\u00ednica Veterin\u00e1ria (Vaga preenchida)<\/h3>\n<p><span data-sheets-formula-bar-text-style=\"font-size:13px;color:#000000;font-weight:normal;text-decoration:none;font-family:'Arial';font-style:normal;text-decoration-skip-ink:none;\"><em>2\u00ba (0460048583) Pedro Cilon Brum Rodeghiero (MATRICULADO)<\/em><\/span><\/p>\n<p>&nbsp;<\/p>\n<h3>Sa\u00fade Animal integrada \u00e0 Sa\u00fade P\u00fablica <strong> (Vaga preenchida)<\/strong><\/h3>\n<p><em>1\u00ba (0460026477) <\/em><span data-sheets-formula-bar-text-style=\"font-size:13px;color:#000000;font-weight:normal;text-decoration:none;font-family:'Arial';font-style:normal;text-decoration-skip-ink:none;\"><em>Fernanda Hirooka da Silva (MATRICULADA)<\/em><br \/>\n<\/span><\/p>\n<p>&nbsp;<\/p>\n<h3>Sa\u00fade Coletiva <strong> (Vagas preenchidas)<\/strong><\/h3>\n<p><em>1\u00ba (0460009378) Estefani Rinaldi (MATRICULADA)<\/em><\/p>\n<p><em>2\u00ba (0460018718) Jaciara Xavier Carvalho (MATRICULADA)<\/em><\/p>\n","protected":false},"excerpt":{"rendered":"<p>Listagem de matriculados nos Programas de Resid\u00eancia Multiprofissionais e em Sa\u00fade &#8211; INGRESSO 2024\/1 &nbsp; Programa Multiprofissional em Aten\u00e7\u00e3o \u00e0 Sa\u00fade da Crian\u00e7a Educa\u00e7\u00e3o F\u00edsica (Vagas preenchidas) 1\u00ba (0400049603) Adriana Machado Perez (MATRICULADA) 2\u00ba (0400029410) Cezar Augusto Brito Pinheiro (MATRICULADO) &nbsp; Nutri\u00e7\u00e3o (Vagas preenchidas) 3\u00ba (0470011503) Washington Miranda De Sousa (MATRICULADO) 5\u00ba (0470039902) Maria Gisele [&hellip;]<\/p>\n","protected":false},"author":1209,"featured_media":0,"parent":788,"menu_order":0,"comment_status":"closed","ping_status":"closed","template":"","meta":{"footnotes":""},"class_list":["post-890","page","type-page","status-publish","hentry"],"_links":{"self":[{"href":"https:\/\/wp.ufpel.edu.br\/coremu\/wp-json\/wp\/v2\/pages\/890","targetHints":{"allow":["GET"]}}],"collection":[{"href":"https:\/\/wp.ufpel.edu.br\/coremu\/wp-json\/wp\/v2\/pages"}],"about":[{"href":"https:\/\/wp.ufpel.edu.br\/coremu\/wp-json\/wp\/v2\/types\/page"}],"author":[{"embeddable":true,"href":"https:\/\/wp.ufpel.edu.br\/coremu\/wp-json\/wp\/v2\/users\/1209"}],"replies":[{"embeddable":true,"href":"https:\/\/wp.ufpel.edu.br\/coremu\/wp-json\/wp\/v2\/comments?post=890"}],"version-history":[{"count":9,"href":"https:\/\/wp.ufpel.edu.br\/coremu\/wp-json\/wp\/v2\/pages\/890\/revisions"}],"predecessor-version":[{"id":964,"href":"https:\/\/wp.ufpel.edu.br\/coremu\/wp-json\/wp\/v2\/pages\/890\/revisions\/964"}],"up":[{"embeddable":true,"href":"https:\/\/wp.ufpel.edu.br\/coremu\/wp-json\/wp\/v2\/pages\/788"}],"wp:attachment":[{"href":"https:\/\/wp.ufpel.edu.br\/coremu\/wp-json\/wp\/v2\/media?parent=890"}],"curies":[{"name":"wp","href":"https:\/\/api.w.org\/{rel}","templated":true}]}}