{"id":788,"date":"2024-01-30T08:24:41","date_gmt":"2024-01-30T11:24:41","guid":{"rendered":"https:\/\/wp.ufpel.edu.br\/coremu\/?page_id=788"},"modified":"2024-03-25T10:04:40","modified_gmt":"2024-03-25T13:04:40","slug":"convocacoes","status":"publish","type":"page","link":"https:\/\/wp.ufpel.edu.br\/coremu\/processos-seletivos\/anteriores\/processo-seletivo-2023-2024\/convocacoes\/","title":{"rendered":"Convoca\u00e7\u00f5es"},"content":{"rendered":"<h2>Nona Chamada (Publicada em 25\/03\/2024)<\/h2>\n<h2>Pr\u00e9-matr\u00edculas em 26 de mar\u00e7o at\u00e9 \u00e0s 23h e 59min<\/h2>\n<p>&nbsp;<\/p>\n<h3><strong>Patologia Animal<\/strong><\/h3>\n<p><em>5\u00ba (0460042669) Juliana Ribeiro Pegoraro\u00a0<\/em><\/p>\n<p>&nbsp;<\/p>\n<p>&#8212;&#8212;&#8212;&#8212;&#8212;&#8212;&#8212;&#8212;&#8212;&#8212;&#8212;&#8212;&#8212;&#8212;&#8212;&#8212;<\/p>\n<h2>Oitava Chamada (Publicada em 22\/03\/2024)<\/h2>\n<h2>Pr\u00e9-matr\u00edculas em 25 de mar\u00e7o at\u00e9 \u00e0s 23h e 59min<\/h2>\n<p>&nbsp;<\/p>\n<h3><strong>Patologia Animal<\/strong><\/h3>\n<p><em>4\u00ba (0460039529) Anuska Athayde Antoneli (REJEITOU)<br \/>\n<\/em><\/p>\n<p>&nbsp;<\/p>\n<p>&#8212;&#8212;&#8212;&#8212;&#8212;&#8212;&#8212;&#8212;&#8212;&#8212;&#8212;&#8212;&#8212;&#8212;&#8212;&#8212;<\/p>\n<p>&nbsp;<\/p>\n<h2>S\u00e9tima Chamada (Publicada em 20\/03\/2024)<\/h2>\n<h2>Pr\u00e9-matr\u00edculas em 22 de mar\u00e7o at\u00e9 \u00e0s 23h e 59min<\/h2>\n<p>&nbsp;<\/p>\n<h3><strong>Patologia Animal<\/strong><\/h3>\n<p><em>3\u00ba (0460038785) Maysa Seibert De Le\u00e3o (REJEITOU EM 21\/03\/2024)<\/em><\/p>\n<p>&nbsp;<\/p>\n<p>&#8212;&#8212;&#8212;&#8212;&#8212;&#8212;&#8212;&#8212;&#8212;&#8212;&#8212;&#8212;&#8212;&#8212;&#8212;&#8212;<\/p>\n<h2>Sexta Chamada (Publicada em 23\/02\/2024)<\/h2>\n<h2>Pr\u00e9-matr\u00edculas em 27 de fevereiro at\u00e9 \u00e0s 23h e 59min<\/h2>\n<p>&nbsp;<\/p>\n<h3><strong>Programa Multiprofissional em Aten\u00e7\u00e3o \u00e0 Sa\u00fade da Crian\u00e7a<\/strong><\/h3>\n<p><strong>Odontologia<\/strong><\/p>\n<p><em>5\u00ba (0480044857) Aurea Cristina Ribeiro Vilas Boas (MATRICULADA)<br \/>\n<\/em><\/p>\n<p>&nbsp;<\/p>\n<p>&#8212;&#8212;&#8212;&#8212;&#8212;&#8212;&#8212;&#8212;&#8212;&#8212;&#8212;&#8212;&#8212;&#8212;&#8212;&#8212;<\/p>\n<p>&nbsp;<\/p>\n<h2>Quinta Chamada (Publicada em 16\/02\/2024)<\/h2>\n<h2>Pr\u00e9-matr\u00edculas em 20 de fevereiro at\u00e9 \u00e0s 23h e 59min<\/h2>\n<p>&nbsp;<\/p>\n<h3><strong>Programa Multiprofissional em Aten\u00e7\u00e3o \u00e0 Sa\u00fade da Crian\u00e7a<\/strong><\/h3>\n<p><strong>Odontologia<\/strong><\/p>\n<p><em>3\u00ba (0480033640) Melissa Tiemi Araujo Mitsuuchi (REJEITOU CONVOCA\u00c7\u00c3O EM 16\/02\/2024)<br \/>\n<\/em><\/p>\n<p><em>4\u00ba (0480002744) Ana Carolina Costa Rodrigues (REJEITOU CONVOCA\u00c7\u00c3O EM 20\/02\/2024)<\/em><\/p>\n<p>&nbsp;<\/p>\n<p>&#8212;&#8212;&#8212;&#8212;&#8212;&#8212;&#8212;&#8212;&#8212;&#8212;&#8212;<\/p>\n<h2><\/h2>\n<h2>Quarta Chamada (Publicada em 09\/02\/2024)<\/h2>\n<h2>Pr\u00e9-matr\u00edculas em 16 de fevereiro at\u00e9 \u00e0s 23h e 59min<\/h2>\n<p>&nbsp;<\/p>\n<h3>Programa Multiprofissional em Aten\u00e7\u00e3o \u00e0 Sa\u00fade da Crian\u00e7a<\/h3>\n<p><strong>Nutri\u00e7\u00e3o<\/strong><\/p>\n<p><em>5\u00ba (0470039902) Maria Gisele Carneiro Da Silva (MATRICULADA)<\/em><\/p>\n<p>&nbsp;<\/p>\n<h3>Diagn\u00f3stico por Imagem em Medicina Veterin\u00e1ria <strong><br \/>\n<\/strong><\/h3>\n<p><em>2\u00ba (0460047277) Indyara Mesquita Fernandes (MATRICULADA)<\/em><\/p>\n<p>&nbsp;<\/p>\n<p>&#8212;&#8212;&#8212;&#8212;&#8212;&#8212;&#8212;&#8212;&#8212;&#8212;&#8212;&#8212;&#8211;<\/p>\n<h2>Terceira Chamada (Publicada em 06\/02\/2024)<\/h2>\n<h2>Pr\u00e9-matr\u00edculas em 08 de fevereiro at\u00e9 \u00e0s 23h e 59min<\/h2>\n<p>&nbsp;<\/p>\n<h3>Programa Multiprofissional em Aten\u00e7\u00e3o \u00e0 Sa\u00fade da Crian\u00e7a<\/h3>\n<p><strong>Nutri\u00e7\u00e3o<\/strong><\/p>\n<p><em>3\u00ba (0470011503) Washington Miranda De Sousa (MATRICULADO)<\/em><strong><br \/>\n<\/strong><\/p>\n<p><em>4\u00ba (0470053017) Rosana de F\u00e1tima Malizia Da Motta (N\u00c3O COMPARECEU)<\/em><strong><br \/>\n<\/strong><\/p>\n<p>&nbsp;<\/p>\n<h3>Programa Multiprofissional em Aten\u00e7\u00e3o em Oncologia<\/h3>\n<p><strong>Enfermagem<\/strong><\/p>\n<p><em>3\u00ba (0410038631) Amanda Da Silveira Nadal (MATRICULADA)<\/em><\/p>\n<p>&nbsp;<\/p>\n<p>&#8212;&#8212;&#8212;&#8212;&#8212;&#8212;&#8212;&#8212;&#8212;&#8212;&#8212;&#8212;<\/p>\n<p>&nbsp;<\/p>\n<h2>Segunda Chamada (Publicada em 05\/02\/2024)<\/h2>\n<h2>Pr\u00e9-matr\u00edculas em 07 de fevereiro at\u00e9 \u00e0s 23h e 59min<\/h2>\n<p>&nbsp;<\/p>\n<h3>Programa Multiprofissional em Aten\u00e7\u00e3o em Oncologia<\/h3>\n<p>Odontologia<\/p>\n<p><em>3\u00ba (0460036053) Denyson Reinaldo Xisto Da Silva (MATRICULADO)<\/em><strong><br \/>\n<\/strong><\/p>\n<p>&nbsp;<\/p>\n<h3>Cl\u00ednica M\u00e9dica de Ruminantes<\/h3>\n<p><em>2\u00ba (460048968) Carina Mendes Soares (MATRICULADA)<\/em><strong><br \/>\n<\/strong><\/p>\n<h3><\/h3>\n<h3>Inspe\u00e7\u00e3o e Tecnologias de Produtos de Origem Animal<\/h3>\n<p><em>2\u00ba (460030553) Rafael Alves Santomauro (REJEITOU CONVOCA\u00c7\u00c3O em 1\u00ba\/02\/2024)<\/em><\/p>\n<p><em>3\u00ba (460036345) Kelly Guedes (MATRICULADA)<\/em><strong><br \/>\n<\/strong><\/p>\n<p>&nbsp;<\/p>\n<h3>Patologia Cl\u00ednica Veterin\u00e1ria<\/h3>\n<p><em>2\u00ba (0460048583) Pedro Cilon Brum Rodeghiero (MATRICULADO)<\/em><strong><br \/>\n<\/strong><\/p>\n<p>&nbsp;<\/p>\n<p>&#8212;&#8212;&#8212;&#8212;&#8212;&#8212;&#8212;&#8212;&#8212;&#8212;&#8212;&#8212;&#8212;&#8212;<\/p>\n<h2><\/h2>\n<h2>Primeira Chamada (Publicada em 30\/01\/2024)<\/h2>\n<h2>Pr\u00e9-matr\u00edculas em 1\u00ba de fevereiro at\u00e9 \u00e0s 23h e 59min<\/h2>\n<h3><\/h3>\n<h3>Programa Multiprofissional em Aten\u00e7\u00e3o \u00e0 Sa\u00fade da Crian\u00e7a<\/h3>\n<p>&nbsp;<\/p>\n<h3><strong>Educa\u00e7\u00e3o F\u00edsica (Vagas preenchidas)<\/strong><\/h3>\n<p><em>1\u00ba (0400049603) Adriana Machado Perez (MATRICULADA)<\/em><\/p>\n<p><em>2\u00ba (0400029410) Cezar Augusto Brito Pinheiro (MATRICULADO)<\/em><\/p>\n<p>&nbsp;<\/p>\n<h3><strong>Nutri\u00e7\u00e3o <\/strong><strong>(Vagas Preenchidas)<\/strong><\/h3>\n<p><em>1\u00ba (0470047841) Caio C\u00e9sar Ferreira Alverga (N\u00c3O EFETUOU A MATR\u00cdCULA NO PRAZO)<\/em><\/p>\n<p><em>2\u00ba (0470017376) Sthephany Rayanne Gomes de Souza ((N\u00c3O EFETUOU A MATR\u00cdCULA NO PRAZO)<\/em><\/p>\n<p>&nbsp;<\/p>\n<h3><strong>Odontologia (01 Vaga Restante)<br \/>\n<\/strong><\/h3>\n<p><em>1\u00ba (0480043510) Maria Vict\u00f3ria Feij\u00f3 Echevengu\u00e1 (DESISTIU em 16\/02\/2024)<\/em><\/p>\n<p><em>2\u00ba (0480034994) Natalia Vieria Firmino (MATRICULADA)<\/em><\/p>\n<p>&nbsp;<\/p>\n<h3>Programa Multiprofissional em Aten\u00e7\u00e3o em Oncologia<\/h3>\n<p>&nbsp;<\/p>\n<h3><strong>Enfermagem (Vagas preenchidas)<br \/>\n<\/strong><\/h3>\n<p><em>1\u00ba (0410048804) Pyetra Erthal Carreiro (N\u00c3O EFETUOU A MATR\u00cdCULA NO PRAZO)<\/em><\/p>\n<p>2<em>\u00ba (0410002246) Carla Evangelista de Araujo (MATRICULADA)<\/em><\/p>\n<p>&nbsp;<\/p>\n<h3><strong>Odontologia (Vagas preenchidas)<br \/>\n<\/strong><\/h3>\n<p><em>1\u00ba (0480043228) Ivan Lucas Ribeiro Araujo (MATRICULADO)<\/em><\/p>\n<p><em>2\u00ba (0480048098) Bianca Elias Passaretti (REJEITOU CONVOCA\u00c7\u00c3O em 1\u00ba\/02\/2024)<\/em><\/p>\n<p>&nbsp;<\/p>\n<h3><strong>Terapia Ocupacional (01 vaga restante)<br \/>\n<\/strong><\/h3>\n<p><em>1\u00ba (0520030731) Camila Schander da Rocha (MATRICULADA)<\/em><\/p>\n<p>2\u00ba &#8211;<\/p>\n<p>&nbsp;<\/p>\n<h3>Anestesiologia Veterin\u00e1ria <strong> (Vagas preenchidas)<\/strong><\/h3>\n<p><em>1\u00ba (0460051694) Rafael Valerio Martins (MATRICULADO)<\/em><\/p>\n<p><em>2\u00ba (0460018320) Iara Catarina Alves de Almeida (MATRICULADA)<br \/>\n<\/em><\/p>\n<p>&nbsp;<\/p>\n<h3>Cl\u00ednica Cir\u00fargica em Animais de Companhia <strong> (Vagas preenchidas)<\/strong><\/h3>\n<p><em>1\u00ba (0460039682) Gabriela Yuriko Fujihara (MATRICULADA)<\/em><\/p>\n<p><em>2\u00ba (0460038302) Matheus Alisson Rocha Araujo (MATRICULADO)<\/em><\/p>\n<p>&nbsp;<\/p>\n<h3>Cl\u00ednica M\u00e9dica em Animais de Companhia <strong> (Vagas preenchidas)<\/strong><\/h3>\n<p><em>1\u00ba (0460032229) Anna Carolina Scholz Os\u00f3rio (MATRICULADA)<\/em><\/p>\n<p><em>2\u00ba (0460014475) Mariana Timm Krolow (MATRICULADA)<\/em><\/p>\n<p>&nbsp;<\/p>\n<h3>Cl\u00ednica M\u00e9dica de Equinos <strong> (Vagas preenchidas)<\/strong><\/h3>\n<p><em>1\u00ba (0460032320) Thiago Nunes Alves Reis (MATRICULADO)<\/em><\/p>\n<p><em>2\u00ba (0460006504) Milena Miolo Antunes (MATRICULADA)<\/em><\/p>\n<h3><\/h3>\n<h3>Cl\u00ednica M\u00e9dica de Ruminantes (<strong>Vagas preenchidas)<\/strong><\/h3>\n<p><em>1\u00ba (0460001767) Rachel do Nascimento Bugarin Caldas (REJEITOU CONVOCA\u00c7\u00c3O em 1\u00ba\/02\/2024)<\/em><\/p>\n<p>&nbsp;<\/p>\n<h3>Diagn\u00f3stico por Imagem em Medicina Veterin\u00e1ria <strong>(Vaga Preenchida)<\/strong><\/h3>\n<p><em>1\u00ba (0460032528) Luna Silvestri Souto (DESISTIU)<\/em><\/p>\n<p>&nbsp;<\/p>\n<h3>Inspe\u00e7\u00e3o e Tecnologias de Produtos de Origem Animal (Vaga preenchida)<\/h3>\n<p><em>1\u00ba (0460039077) Giovanna Rossi de Souza (REJEITOU CONVOCA\u00c7\u00c3O em 1\u00ba\/02\/2024)<\/em><\/p>\n<p>&nbsp;<\/p>\n<h3>Medicina de Animais Silvestres <strong> (Vagas preenchidas)<\/strong><\/h3>\n<p><em>1\u00ba (0460001211) Roberto Gumieiro Junior (MATRICULADO)<\/em><\/p>\n<p><em>2\u00ba (0460001060) Lorena Eduarda Feitosa Ferrarezi da Silva (MATRICULADA)<\/em><\/p>\n<p>&nbsp;<\/p>\n<h3>Medicina Veterin\u00e1ria Preventiva <strong> (Vagas preenchidas)<\/strong><\/h3>\n<p><em>1\u00ba (0460008831) Giulia Ribeiro Meireles (MATRICULADA)<\/em><\/p>\n<p><em>2\u00ba (0460043201) Wesley Porto de Oliveira (MATRICULADO)<\/em><\/p>\n<p>&nbsp;<\/p>\n<h3>Patologia Animal <strong> (01 Vaga Restante)<\/strong><\/h3>\n<p><em>1\u00ba (0460037560) Marcela Brand\u00e3o Costa (DESISTENTE)<\/em><\/p>\n<p><em>2\u00ba (0460051371) Ana Clara Sousa Torres (MATRICULADA)<\/em><\/p>\n<p>&nbsp;<\/p>\n<h3>Patologia Cl\u00ednica Veterin\u00e1ria (Vaga preenchida)<\/h3>\n<p><em>1\u00ba (0460029670) <\/em><span data-sheets-formula-bar-text-style=\"font-size:13px;color:#000000;font-weight:normal;text-decoration:none;font-family:'Arial';font-style:normal;text-decoration-skip-ink:none;\"><em>Isabela de Souza Morales (REJEITOU CONVOCA\u00c7\u00c3O em 1\u00ba\/02\/2024)<\/em><br \/>\n<\/span><\/p>\n<p>&nbsp;<\/p>\n<h3>Sa\u00fade Animal integrada \u00e0 Sa\u00fade P\u00fablica <strong> (Vaga preenchida)<\/strong><\/h3>\n<p><em>1\u00ba (0460026477) <\/em><span data-sheets-formula-bar-text-style=\"font-size:13px;color:#000000;font-weight:normal;text-decoration:none;font-family:'Arial';font-style:normal;text-decoration-skip-ink:none;\"><em>Fernanda Hirooka da Silva (MATRICULADA)<\/em><br \/>\n<\/span><\/p>\n<p>&nbsp;<\/p>\n<h3>Sa\u00fade Coletiva <strong> (Vagas preenchidas)<\/strong><\/h3>\n<p><em>1\u00ba (0460009378) Estefani Rinaldi (MATRICULADA)<\/em><\/p>\n<p><em>2\u00ba (0460018718) Jaciara Xavier Carvalho (MATRICULADA)<\/em><\/p>\n","protected":false},"excerpt":{"rendered":"<p>Nona Chamada (Publicada em 25\/03\/2024) Pr\u00e9-matr\u00edculas em 26 de mar\u00e7o at\u00e9 \u00e0s 23h e 59min &nbsp; Patologia Animal 5\u00ba (0460042669) Juliana Ribeiro Pegoraro\u00a0 &nbsp; &#8212;&#8212;&#8212;&#8212;&#8212;&#8212;&#8212;&#8212;&#8212;&#8212;&#8212;&#8212;&#8212;&#8212;&#8212;&#8212; Oitava Chamada (Publicada em 22\/03\/2024) Pr\u00e9-matr\u00edculas em 25 de mar\u00e7o at\u00e9 \u00e0s 23h e 59min &nbsp; Patologia Animal 4\u00ba (0460039529) Anuska Athayde Antoneli (REJEITOU) &nbsp; &#8212;&#8212;&#8212;&#8212;&#8212;&#8212;&#8212;&#8212;&#8212;&#8212;&#8212;&#8212;&#8212;&#8212;&#8212;&#8212; &nbsp; S\u00e9tima Chamada (Publicada [&hellip;]<\/p>\n","protected":false},"author":1209,"featured_media":0,"parent":677,"menu_order":1,"comment_status":"closed","ping_status":"closed","template":"","meta":{"footnotes":""},"class_list":["post-788","page","type-page","status-publish","hentry"],"_links":{"self":[{"href":"https:\/\/wp.ufpel.edu.br\/coremu\/wp-json\/wp\/v2\/pages\/788","targetHints":{"allow":["GET"]}}],"collection":[{"href":"https:\/\/wp.ufpel.edu.br\/coremu\/wp-json\/wp\/v2\/pages"}],"about":[{"href":"https:\/\/wp.ufpel.edu.br\/coremu\/wp-json\/wp\/v2\/types\/page"}],"author":[{"embeddable":true,"href":"https:\/\/wp.ufpel.edu.br\/coremu\/wp-json\/wp\/v2\/users\/1209"}],"replies":[{"embeddable":true,"href":"https:\/\/wp.ufpel.edu.br\/coremu\/wp-json\/wp\/v2\/comments?post=788"}],"version-history":[{"count":100,"href":"https:\/\/wp.ufpel.edu.br\/coremu\/wp-json\/wp\/v2\/pages\/788\/revisions"}],"predecessor-version":[{"id":970,"href":"https:\/\/wp.ufpel.edu.br\/coremu\/wp-json\/wp\/v2\/pages\/788\/revisions\/970"}],"up":[{"embeddable":true,"href":"https:\/\/wp.ufpel.edu.br\/coremu\/wp-json\/wp\/v2\/pages\/677"}],"wp:attachment":[{"href":"https:\/\/wp.ufpel.edu.br\/coremu\/wp-json\/wp\/v2\/media?parent=788"}],"curies":[{"name":"wp","href":"https:\/\/api.w.org\/{rel}","templated":true}]}}