{"id":766,"date":"2024-01-25T12:13:44","date_gmt":"2024-01-25T15:13:44","guid":{"rendered":"https:\/\/wp.ufpel.edu.br\/coremu\/?page_id=766"},"modified":"2026-02-25T13:26:23","modified_gmt":"2026-02-25T16:26:23","slug":"defesas-agendadas","status":"publish","type":"page","link":"https:\/\/wp.ufpel.edu.br\/coremu\/publicacoes\/defesas-agendadas\/","title":{"rendered":"Defesas Agendadas"},"content":{"rendered":"<h2>Turmas de 2024\/2026<\/h2>\n<p>T\u00edtulo: SOROPREVAL\u00caNCIA DE HERPESV\u00cdRUS EM EQUINOS DE COMUNIDADES VULNER\u00c1VEIS EM PELOTAS<\/p>\n<p>Autor: Thiago Nunes Alves Reis<\/p>\n<p>Orientadora: Profa. Dra. Bruna da Rosa Curcio<\/p>\n<p>Dia: 10\/02\/2026<\/p>\n<p>Hor\u00e1rio: 9h<\/p>\n<p>Local: Sala de Multimeios no Hospital Veterin\u00e1rio<\/p>\n<p>&nbsp;<\/p>\n<p>T\u00edtulo: AVALIA\u00c7\u00c3O DO PERFIL CL\u00cdNICO EPIDEMIOL\u00d3GICO DE PACIENTES ONCOL\u00d3GICOS COM OSTEONECROSE MEDICAMENTOSA ATENDIDOS EM UM AMBULAT\u00d3RIO DE ODONTOLOGIA DE UM HOSPITAL ESCOLA NO SUL DO BRASIL<\/p>\n<p>Autor: Denyson Reinaldo Xisto da Silva<\/p>\n<p>Orientadora: Dra. Beatriz Farias Vogt<\/p>\n<p>Dia: 10\/02\/2026<\/p>\n<p>Hor\u00e1rio: 14h<\/p>\n<p>Local: Hospital Escola<\/p>\n<p>&nbsp;<\/p>\n<p>T\u00edtulo: REVIS\u00c3O SISTEM\u00c1TICA: EFEITOS DAS DIFERENTES ESTRAT\u00c9GIAS DE VACINA\u00c7\u00c3O CONTRA DOEN\u00c7A RESPIRAT\u00d3RIA BOVINA (DRB) EM BOVINOS CONFINADOS SOBRE A INCID\u00caNCIA DE DOEN\u00c7A RESPIRAT\u00d3RIA E O DESEMPENHO ZOOT\u00c9CNICO<\/p>\n<p>Autora: Carina Mendes Soares<\/p>\n<p>Orientador: Prof. Eduardo Schmitt<\/p>\n<p>Dia: 12\/02\/2026<\/p>\n<p>Hor\u00e1rio: 8h30<\/p>\n<p>Local: Faculdade de Veterin\u00e1ria<\/p>\n<p>&nbsp;<\/p>\n<p>T\u00edtulo: LINFOMA FELINO: AN\u00c1LISE RETROSPECTIVA DA LOCALIZA\u00c7\u00c3O, FATORES VIRAIS E DESFECHOS TERAP\u00caUTICOS NO HOSPITAL DE CL\u00cdNICAS VETERIN\u00c1RIAS DA UFPEL<\/p>\n<p>Autora: Anna Carolina Scholz Os\u00f3rio<\/p>\n<p>Orientador: Prof. S\u00e9rgio Jorge<\/p>\n<p>Dia: 19\/02\/2026<\/p>\n<p>Hor\u00e1rio: 9h<\/p>\n<p>Local: Faculdade de Veterin\u00e1ria<\/p>\n<p>&nbsp;<\/p>\n<p>T\u00edtulo: AVALIA\u00c7\u00c3O RADIOGR\u00c1FICA DO OSTEOSSARCOMA EM CINCO C\u00c3ES E UM GATO<\/p>\n<p>Autora: Indyara Mesquita Fernandes<\/p>\n<p>Orientador: Prof. Guilherme Albuquerque de Oliveira Cavalcanti<\/p>\n<p>Dia: 19\/02\/2026<\/p>\n<p>Hor\u00e1rio: 10h<\/p>\n<p>Local: Faculdade de Veterin\u00e1ria<\/p>\n<p>&nbsp;<\/p>\n<p>T\u00edtulo: ANESTESIAS EM AVES REALIZADAS NO HOSPITAL VETERIN\u00c1RIO DA UNIVERSIDADE FEDERAL DE PELOTAS: ESTUDO RETROSPECTIVO<\/p>\n<p>Autora: Iara Catarina Alves<\/p>\n<p>Orientador: Prof. Martielo Ivan Gehrcke<\/p>\n<p>Dia: 19\/02\/2026<\/p>\n<p>Hor\u00e1rio: 14h<\/p>\n<p>Local: Sala 18 da Faculdade de Veterin\u00e1ria<\/p>\n<p>&nbsp;<\/p>\n<p>T\u00edtulo: CONTAMINA\u00c7\u00c3O PARASIT\u00c1RIA EM HORTALI\u00c7AS COMERCIALIZADAS EM SUPERMERCADOS DE PELOTAS, RS, BRASIL: SEGURAN\u00c7A ALIMENTAR E AN\u00c1LISE DA EFIC\u00c1CIA DE SANITIZANTES<\/p>\n<p>Autora: Giulia Ribeiro Meireles<\/p>\n<p>Orientador: Prof. Felipe Geraldo Pappen<\/p>\n<p>Dia: 20\/02\/2026<\/p>\n<p>Hor\u00e1rio: 9h<\/p>\n<p>Local: Faculdade de Veterin\u00e1ria<\/p>\n<p>&nbsp;<\/p>\n<p>T\u00edtulo: DETEC\u00c7\u00c3O MOLECULAR DE BRUCELLA CANIS EM C\u00c3ES DA REGI\u00c3O SUL DO RIO GRANDE DO SUL<\/p>\n<p>Autora: Est\u00e9fani Rinaldi<\/p>\n<p>Orientador: Prof. Luiz Filipe Dam\u00e9 Schuch<\/p>\n<p>Dia: 20\/02\/2026<\/p>\n<p>Hor\u00e1rio: 10h<\/p>\n<p>Local: Faculdade de Veterin\u00e1ria<\/p>\n<p>&nbsp;<\/p>\n<p>T\u00edtulo: CONDI\u00c7\u00c3O DE SA\u00daDE BUCAL DE CRIAN\u00c7AS NA PRIMEIRA INF\u00c2NCIA INTERNADAS EM UNIDADE PEDI\u00c1TRICA DO HOSPITAL ESCOLA DA UNIVERSIDADE FEDERAL DE PELOTAS-RS<\/p>\n<p>Autora: AUREA CRISTINA RIBEIRO VILAS BOAS<\/p>\n<p>Orientadora: Profa. Dra. Vanessa Polina Pereira da Costa<\/p>\n<p>Dia: 20\/02\/2026<\/p>\n<p>Hor\u00e1rio: 14h<\/p>\n<p>Local: Hospital Escola<\/p>\n<p>&nbsp;<\/p>\n<p>T\u00edtulo: RELAT\u00d3RIO DE CONCLUS\u00c3O DE RESID\u00caNCIA EM CL\u00cdNICA M\u00c9DICA EM ANIMAIS DE COMPANHIA E ESTUDO DO ESTADO NUTRICIONAL DE C\u00c3ES E GATOS ATENDIDOS NO HCV\/UFPEL E ASSOCIA\u00c7\u00c3O COM PROGN\u00d3STICO E DESFECHO CL\u00cdNICO<\/p>\n<p>Autora: Mariana Timm\u00a0 Krolow<\/p>\n<p>Orientadora: Profa. Mariana Cristina Hoeppner Rondelli<\/p>\n<p>Dia: 20\/02\/2026<\/p>\n<p>Hor\u00e1rio: 14h<\/p>\n<p>Local: Sala Multimeios da Faculdade de Veterin\u00e1ria<\/p>\n<p>&nbsp;<\/p>\n<p>T\u00edtulo: ESTUDO AMBISPECTIVO DOS CASOS DE LEPTOSPIROSE EM C\u00c3ES EM SERVI\u00c7OS DE PATOLOGIA DA UFPEL<\/p>\n<p>Autora: Ana Clara Sousa Torres<\/p>\n<p>Orientadora: Profa. Fabiane Borelli Grecco<\/p>\n<p>Dia: 25\/02\/2026<\/p>\n<p>Hor\u00e1rio: 15h<\/p>\n<p>Local: Faculdade de Veterin\u00e1ria<\/p>\n<p>&nbsp;<\/p>\n<p>T\u00edtulo: TEND\u00caNCIAS DA SA\u00daDE MATERNO-INFANTIL EM PELOTAS (RS): UMA ESTUDO REALIZADO COM DADOS DO SINASC (2018-2024)<\/p>\n<p>Autor: Cezar Augusto Brito Pinheiro<\/p>\n<p>Orientadora: Profa. Anelise Gaya<\/p>\n<p>Dia: 25\/02\/2026<\/p>\n<p>Hor\u00e1rio: 10h<\/p>\n<p>Local: Hospital Escola<\/p>\n<p>&nbsp;<\/p>\n<p>T\u00edtulo: INTEGRA\u00c7\u00c3O ENTRE INSPE\u00c7\u00c3O DE PRODUTOS DE ORIGEM ANIMAL, VIGIL\u00c2NCIA SANIT\u00c1RIA E O PAPEL DO M\u00c9DICO VETERIN\u00c1RIO NA SA\u00daDE \u00daNICA<\/p>\n<p>Autora: Kelly Guedes<\/p>\n<p>Orientadora: Profa. Helenice Gonzalez de Lima<\/p>\n<p>Dia: 26\/02\/2026<\/p>\n<p>Hor\u00e1rio: 10h<\/p>\n<p>Local: Faculdade de Veterin\u00e1ria<\/p>\n<p>&nbsp;<\/p>\n<p>T\u00edtulo: EXERC\u00cdCIO AER\u00d3BIO COMO INTERVEN\u00c7\u00c3O AGUDA PARA AL\u00cdVIO DOS SINTOMAS DA PR\u00c9- ECL\u00c2MPSIA EM GESTANTES INTERNADAS<\/p>\n<p>Autora: Adriana Machado Perez<\/p>\n<p>Orientadora: Profa. Anelise Gaya<\/p>\n<p>Dia: 26\/02\/2026<\/p>\n<p>Hor\u00e1rio: 10h<\/p>\n<p>Local: Hospital Escola<\/p>\n<p>&nbsp;<\/p>\n<p>T\u00edtulo: MICRORGANISMOS ISOLADOS EM CULTURAS DE EQUINOS HOSPITALIZADOS NO HOSPITAL DE CL\u00cdNICAS VETERIN\u00c1RIAS &#8211; HCV UFPEL ENTRE 2022 E 2025 E SEU RESPECTIVO PERFIL DE RESIST\u00caNCIA<\/p>\n<p>Autora: Milena Miolo Antunes<\/p>\n<p>Orientador: Prof. Carlos Eduardo Wayne Nogueira<\/p>\n<p>Dia: 26\/02\/2026<\/p>\n<p>Hor\u00e1rio: 10h<\/p>\n<p>Local: Sala 18 da Faculdade de Veterin\u00e1ria<\/p>\n<p>&nbsp;<\/p>\n<p>T\u00edtulo: MANEJO CL\u00cdNICO E OFTALMOL\u00d3GICO DE \u00daLCERA CORNEANA INDOLENTE EM CAPIVARA (HYDROCHOERUS HYDROCHAERIS) DE VIDA LIVRE: RELATO DE CASO<\/p>\n<p>Autora: Lorena Eduarda Feitosa Ferrarezi da Silva<\/p>\n<p>Orientadora: Profa. Raqueli Teresinha Fran\u00e7a<\/p>\n<p>Dia: 26\/02\/2026<\/p>\n<p>Hor\u00e1rio: 14h<\/p>\n<p>Local: Faculdade de Veterin\u00e1ria<\/p>\n<p>&nbsp;<\/p>\n<p>T\u00edtulo: CASU\u00cdSTICA DA INSUFICI\u00caNCIA DO LIGAMENTO CRUZADO CRANIAL NO HOSPITAL VETERIN\u00c1RIO E ACOMPANHAMENTO P\u00d3S TPLO DE C\u00c3ES<\/p>\n<p>Autor: Matheus Alisson Rocha Ara\u00fajo<\/p>\n<p>Orientadora: Dra. Patr\u00edcia Vives<\/p>\n<p>Dia: 27\/02\/2026<\/p>\n<p>Hor\u00e1rio: 9h<\/p>\n<p>Local: Faculdade de Veterin\u00e1ria<\/p>\n<p>&nbsp;<\/p>\n<p>T\u00edtulo: ESTUDO AMBISPECTIVO DE RUPTURA DIAFRAGM\u00c1TICA EM PEQUENOS ANIMAIS ATENDIDOS NO HOSPITAL DE CL\u00cdNICAS VETERIN\u00c1RIAS DA UNIVERSIDADE FEDERAL DE PELOTAS DURANTE O PER\u00cdODO DE 2021 A 2025<\/p>\n<p>Autora: Gabriela Yuriko Fujihara<\/p>\n<p>Orientador: Prof. Eduardo Santiago Ventura de Aguiar<\/p>\n<p>Dia: 27\/02\/2026<\/p>\n<p>Hor\u00e1rio: 10h<\/p>\n<p>Local: Faculdade de Veterin\u00e1ria<\/p>\n<p>&nbsp;<\/p>\n<p>T\u00edtulo: ABSCESSO ESTROMAL CORNEANO EM JACAR\u00c9-DE-PAPO-AMARELO (Caiman latirostris): CORRELA\u00c7\u00c3O CL\u00cdNICA E HISTOPATOL\u00d3GICA<\/p>\n<p>Autor: Roberto Gumieiro Junior<\/p>\n<p>Orientadora: Profa. Raqueli Teresinha Fran\u00e7a<\/p>\n<p>Dia: 27\/02\/2026<\/p>\n<p>Hor\u00e1rio: 10h<\/p>\n<p>Local: Faculdade de Veterin\u00e1ria<\/p>\n<p>&nbsp;<\/p>\n<p>T\u00edtulo: AVALIA\u00c7\u00c3O DA A\u00c7\u00c3O DE EXTRATOS DE PLANTAS NO CONTROLE DO CARRAPATO RHIPICEPHALUS MICROPLUS<\/p>\n<p>Autor: Wesley Porto de Oliveira<\/p>\n<p>Orientador: Prof. Leandro Quintana Nizoli<\/p>\n<p>Dia: 27\/02\/2026<\/p>\n<p>Hor\u00e1rio: 14h<\/p>\n<p>Local: Faculdade de Veterin\u00e1ria<\/p>\n<p>&nbsp;<\/p>\n","protected":false},"excerpt":{"rendered":"<p>Turmas de 2024\/2026 T\u00edtulo: SOROPREVAL\u00caNCIA DE HERPESV\u00cdRUS EM EQUINOS DE COMUNIDADES VULNER\u00c1VEIS EM PELOTAS Autor: Thiago Nunes Alves Reis Orientadora: Profa. Dra. Bruna da Rosa Curcio Dia: 10\/02\/2026 Hor\u00e1rio: 9h Local: Sala de Multimeios no Hospital Veterin\u00e1rio &nbsp; T\u00edtulo: AVALIA\u00c7\u00c3O DO PERFIL CL\u00cdNICO EPIDEMIOL\u00d3GICO DE PACIENTES ONCOL\u00d3GICOS COM OSTEONECROSE MEDICAMENTOSA ATENDIDOS EM UM AMBULAT\u00d3RIO DE [&hellip;]<\/p>\n","protected":false},"author":1209,"featured_media":0,"parent":172,"menu_order":1,"comment_status":"closed","ping_status":"closed","template":"","meta":{"footnotes":""},"class_list":["post-766","page","type-page","status-publish","hentry"],"_links":{"self":[{"href":"https:\/\/wp.ufpel.edu.br\/coremu\/wp-json\/wp\/v2\/pages\/766","targetHints":{"allow":["GET"]}}],"collection":[{"href":"https:\/\/wp.ufpel.edu.br\/coremu\/wp-json\/wp\/v2\/pages"}],"about":[{"href":"https:\/\/wp.ufpel.edu.br\/coremu\/wp-json\/wp\/v2\/types\/page"}],"author":[{"embeddable":true,"href":"https:\/\/wp.ufpel.edu.br\/coremu\/wp-json\/wp\/v2\/users\/1209"}],"replies":[{"embeddable":true,"href":"https:\/\/wp.ufpel.edu.br\/coremu\/wp-json\/wp\/v2\/comments?post=766"}],"version-history":[{"count":4,"href":"https:\/\/wp.ufpel.edu.br\/coremu\/wp-json\/wp\/v2\/pages\/766\/revisions"}],"predecessor-version":[{"id":1846,"href":"https:\/\/wp.ufpel.edu.br\/coremu\/wp-json\/wp\/v2\/pages\/766\/revisions\/1846"}],"up":[{"embeddable":true,"href":"https:\/\/wp.ufpel.edu.br\/coremu\/wp-json\/wp\/v2\/pages\/172"}],"wp:attachment":[{"href":"https:\/\/wp.ufpel.edu.br\/coremu\/wp-json\/wp\/v2\/media?parent=766"}],"curies":[{"name":"wp","href":"https:\/\/api.w.org\/{rel}","templated":true}]}}