{"id":706,"date":"2023-09-29T15:39:27","date_gmt":"2023-09-29T18:39:27","guid":{"rendered":"https:\/\/wp.ufpel.edu.br\/coremu\/?page_id=706"},"modified":"2025-11-26T09:31:16","modified_gmt":"2025-11-26T12:31:16","slug":"706-2","status":"publish","type":"page","link":"https:\/\/wp.ufpel.edu.br\/coremu\/sobre\/706-2\/","title":{"rendered":"Programas"},"content":{"rendered":"<h2>Resid\u00eancias Multiprofissionais em Sa\u00fade (dura\u00e7\u00e3o de 2 anos)<\/h2>\n<p>\u00c1rea de Concentra\u00e7\u00e3o: Aten\u00e7\u00e3o em Oncologia<\/p>\n<p>Enfermagem: 2 vagas<\/p>\n<p>Farm\u00e1cia: 2 vagas<\/p>\n<p>Odontologia: 2 vagas<\/p>\n<p>Terapia Ocupacional: 2 vagas<\/p>\n<p>Coordena\u00e7\u00e3o: Profa. Dra. Camilla Oleiro<\/p>\n<p>&nbsp;<\/p>\n<p>\u00c1rea de Concentra\u00e7\u00e3o: Aten\u00e7\u00e3o \u00e0 Sa\u00fade da Crian\u00e7a<\/p>\n<p>Educa\u00e7\u00e3o F\u00edsica: 2 vagas<\/p>\n<p>Nutri\u00e7\u00e3o: 2 vagas<\/p>\n<p>Odontologia: 2 vagas<\/p>\n<p>Coordena\u00e7\u00e3o: Mestre Fl\u00e1via Prietsch Wendt<\/p>\n<p>&nbsp;<\/p>\n<h2>Resid\u00eancias em \u00c1rea Profissional: Medicina Veterin\u00e1ria (dura\u00e7\u00e3o de 2 anos)<\/h2>\n<p>Anestesiologia: 2 vagas<\/p>\n<p>Coordenador: Prof. Dr. Martielo Ivan Gehrcke<\/p>\n<p>&nbsp;<\/p>\n<p>Cl\u00ednica Cir\u00fargica em Animais de Companhia: 2 vagas<\/p>\n<p>Coordenador: Prof. Dr. Eduardo Santiago Ventura de Aguiar<\/p>\n<p>&nbsp;<\/p>\n<p>Cl\u00ednica M\u00e9dica em Animais de Companhia: 2 vagas<\/p>\n<p>Coordenadora: Profa. Dra. Mariana Cristina Hoeppner Rondelli<\/p>\n<p>&nbsp;<\/p>\n<p>Cl\u00ednica M\u00e9dica de Equinos: 2 vagas<\/p>\n<p>Coordenador: Dr. Leandro Am\u00e9rico Rafael<\/p>\n<p>&nbsp;<\/p>\n<p>Cl\u00ednica M\u00e9dica de Ruminantes: 1 vaga<\/p>\n<p>Coordenador: Prof. Dr. Eduardo Schmitt<\/p>\n<p>&nbsp;<\/p>\n<p>Diagn\u00f3stico em Imagem em Medicina Veterin\u00e1ria: 1 vaga<\/p>\n<p>Coordenador: Prof. Dr. Guilherme Albuquerque de Oliveira Cavalcanti<\/p>\n<p>&nbsp;<\/p>\n<p>Inspe\u00e7\u00e3o e Tecnologia de Produtos de Origem Animal: 1 vaga<\/p>\n<p>Coordenadora: Profa. Dra. Natacha Deboni Cereser<\/p>\n<p>&nbsp;<\/p>\n<p>Medicina de Animais Silvestres: 2 vagas<\/p>\n<p>Coordenadora: Profa. Dra. Raqueli Teresinha Fran\u00e7a<\/p>\n<p>&nbsp;<\/p>\n<p>Medicina Veterin\u00e1ria Preventiva: 2 vagas<\/p>\n<p>Coordenador: Prof. Dr. Leandro Quintana Nizoli<\/p>\n<p>&nbsp;<\/p>\n<p>Patologia Animal: 2 vagas<\/p>\n<p>Coordenadora: Profa. Dra. Josiane Bonel<\/p>\n<p>&nbsp;<\/p>\n<p>Patologia Cl\u00ednica Veterin\u00e1ria: 1 vaga<\/p>\n<p>Coordenadora: Profa. Dra. Ana Raquel Mano Meinerz<\/p>\n<p>&nbsp;<\/p>\n<p>Sa\u00fade Animal integrada \u00e0 Sa\u00fade P\u00fablica: 1 vaga<\/p>\n<p>Coordenadora: Profa. Dra. Marlete Cleff<\/p>\n<p>&nbsp;<\/p>\n<p>Sa\u00fade Coletiva: 2 vagas<\/p>\n<p>Coordenador: Prof. Dr. Fabio Raphael Pascoti Bruhn<\/p>\n<p>&nbsp;<\/p>\n<h2>Resid\u00eancia em \u00c1rea Profissional: Odontologia (dura\u00e7\u00e3o de 3 anos)<\/h2>\n<p>Cirurgia e Traumatologia Bucomaxilofacial: 2 vagas<\/p>\n<p>Coordenador:<\/p>\n<p>&nbsp;<\/p>\n","protected":false},"excerpt":{"rendered":"<p>Resid\u00eancias Multiprofissionais em Sa\u00fade (dura\u00e7\u00e3o de 2 anos) \u00c1rea de Concentra\u00e7\u00e3o: Aten\u00e7\u00e3o em Oncologia Enfermagem: 2 vagas Farm\u00e1cia: 2 vagas Odontologia: 2 vagas Terapia Ocupacional: 2 vagas Coordena\u00e7\u00e3o: Profa. Dra. Camilla Oleiro &nbsp; \u00c1rea de Concentra\u00e7\u00e3o: Aten\u00e7\u00e3o \u00e0 Sa\u00fade da Crian\u00e7a Educa\u00e7\u00e3o F\u00edsica: 2 vagas Nutri\u00e7\u00e3o: 2 vagas Odontologia: 2 vagas Coordena\u00e7\u00e3o: Mestre Fl\u00e1via Prietsch [&hellip;]<\/p>\n","protected":false},"author":1209,"featured_media":0,"parent":10,"menu_order":2,"comment_status":"closed","ping_status":"closed","template":"","meta":{"footnotes":""},"class_list":["post-706","page","type-page","status-publish","hentry"],"_links":{"self":[{"href":"https:\/\/wp.ufpel.edu.br\/coremu\/wp-json\/wp\/v2\/pages\/706","targetHints":{"allow":["GET"]}}],"collection":[{"href":"https:\/\/wp.ufpel.edu.br\/coremu\/wp-json\/wp\/v2\/pages"}],"about":[{"href":"https:\/\/wp.ufpel.edu.br\/coremu\/wp-json\/wp\/v2\/types\/page"}],"author":[{"embeddable":true,"href":"https:\/\/wp.ufpel.edu.br\/coremu\/wp-json\/wp\/v2\/users\/1209"}],"replies":[{"embeddable":true,"href":"https:\/\/wp.ufpel.edu.br\/coremu\/wp-json\/wp\/v2\/comments?post=706"}],"version-history":[{"count":4,"href":"https:\/\/wp.ufpel.edu.br\/coremu\/wp-json\/wp\/v2\/pages\/706\/revisions"}],"predecessor-version":[{"id":1697,"href":"https:\/\/wp.ufpel.edu.br\/coremu\/wp-json\/wp\/v2\/pages\/706\/revisions\/1697"}],"up":[{"embeddable":true,"href":"https:\/\/wp.ufpel.edu.br\/coremu\/wp-json\/wp\/v2\/pages\/10"}],"wp:attachment":[{"href":"https:\/\/wp.ufpel.edu.br\/coremu\/wp-json\/wp\/v2\/media?parent=706"}],"curies":[{"name":"wp","href":"https:\/\/api.w.org\/{rel}","templated":true}]}}