{"id":677,"date":"2023-08-11T14:21:37","date_gmt":"2023-08-11T17:21:37","guid":{"rendered":"https:\/\/wp.ufpel.edu.br\/coremu\/?page_id=677"},"modified":"2025-01-10T10:56:28","modified_gmt":"2025-01-10T13:56:28","slug":"processo-seletivo-2023-2024","status":"publish","type":"page","link":"https:\/\/wp.ufpel.edu.br\/coremu\/processos-seletivos\/anteriores\/processo-seletivo-2023-2024\/","title":{"rendered":"Processo Seletivo 2023 (Ingresso 2024\/1)"},"content":{"rendered":"<p>O Processo Seletivo para preenchimento das vagas dos Programas de Resid\u00eancia em Sa\u00fade, com ingresso no primeiro semestre de 2024, ser\u00e1 conduzido pela banca respons\u00e1vel pelo Exame Nacional de Resid\u00eancia <a href=\"https:\/\/enare.ebserh.gov.br\/site-enare\/concurso.jsp?id=568\">(ENARE)<\/a>.<\/p>\n<p>&nbsp;<\/p>\n<h2>Edital com orienta\u00e7\u00f5es para as matr\u00edculas:<\/h2>\n<p>Foi publicado no <a href=\"https:\/\/enare.ebserh.gov.br\/site-enare\/instituicoes.jsp?a=1&amp;idLink=8226\">site do ENARE<\/a>, o edital contendo as informa\u00e7\u00f5es para as matr\u00edculas nos Programas de Resid\u00eancia.<\/p>\n<p>Leiam o <a href=\"https:\/\/enare.ebserh.gov.br\/site-enare\/instituicao.jsp?id=1585\">documento<\/a> na \u00edntegra e atentem para as datas do cronograma divulgado pelo Exame Nacional de Resid\u00eancia.<\/p>\n<p>&nbsp;<\/p>\n<h2>Formul\u00e1rios para pr\u00e9-matr\u00edcula:<\/h2>\n<p>A pr\u00e9-matr\u00edcula demonstra a inten\u00e7\u00e3o no preenchimento da vaga, que s\u00f3 ser\u00e1 efetivado com a assinatura do contrato de resid\u00eancia.<\/p>\n<p>A assinatura do contrato de resid\u00eancia ocorrer\u00e1 de forma presencial, na secretaria da COREMU, no per\u00edodo de 26\/02 a 29\/02, no hor\u00e1rio das 9h \u00e0s 12h e das 14h \u00e0s 16h.<\/p>\n<p>No ato da assinatura do contrato de resid\u00eancia, o candidato dever\u00e1 apresentar todos os originais dos documentos encaminhados na pr\u00e9-matr\u00edcula.<\/p>\n<p>Os documentos abaixo dever\u00e3o ser OBRIGATORIAMENTE preenchidos e encaminhados, via e-mail, juntamente com os documentos solicitados para a pr\u00e9-matr\u00edcula, conforme <a href=\"https:\/\/arquivos-geral.s3.amazonaws.com\/enare\/enare2023\/publicacoes\/1585\/eb9f63ac-9ea4-4a62-8bb1-c6883a08ec4d.pdf?X-Amz-Algorithm=AWS4-HMAC-SHA256&amp;X-Amz-Date=20240123T191428Z&amp;X-Amz-SignedHeaders=host&amp;X-Amz-Expires=1799&amp;X-Amz-Credential=AKIAIKUKFBYAWARM2HWQ%2F20240123%2Fus-east-1%2Fs3%2Faws4_request&amp;X-Amz-Signature=cf2df86eb01d4fc049033246a0c2ca46a33e6eb66b598f7cddabe2b2487917c6\">edital de matr\u00edculas<\/a>. Al\u00e9m disso, \u00e9 necess\u00e1rio o preenchimento do formul\u00e1rio eletr\u00f4nico <a href=\"https:\/\/forms.gle\/wneCHC143xvTDhtZ7\">CLIQUE AQUI<\/a>.<\/p>\n<p><a href=\"https:\/\/wp.ufpel.edu.br\/coremu\/files\/2024\/01\/FICHA-FINANCEIRA-RESTRITA.docx\">Ficha Financeira<\/a><\/p>\n<p><a href=\"https:\/\/wp.ufpel.edu.br\/coremu\/files\/2024\/01\/Declaracao-de-Moradia.pdf\">Declara\u00e7\u00e3o de Moradia<\/a><\/p>\n<p><a href=\"https:\/\/wp.ufpel.edu.br\/coremu\/files\/2024\/01\/TERMO-DE-RESPONSABILIDADE.pdf\">Termo de Responsabilidade<\/a> (somente para os candidatos aprovados nos Programas Multiprofissionais em Aten\u00e7\u00e3o \u00e0 Sa\u00fade da Crian\u00e7a e em Aten\u00e7\u00e3o em Oncologia)<\/p>\n<p>&nbsp;<\/p>\n<h2>Desist\u00eancia da Vaga:<\/h2>\n<p>Em caso de desist\u00eancia de vaga por candidato aprovado ou em lista de espera de Programa de Resid\u00eancia, basta preencher o formul\u00e1rio deste <a href=\"https:\/\/forms.gle\/qpHvYsPyZEzGrFkSA\">link<\/a>.<\/p>\n<p>&nbsp;<\/p>\n<p>&nbsp;<\/p>\n","protected":false},"excerpt":{"rendered":"<p>O Processo Seletivo para preenchimento das vagas dos Programas de Resid\u00eancia em Sa\u00fade, com ingresso no primeiro semestre de 2024, ser\u00e1 conduzido pela banca respons\u00e1vel pelo Exame Nacional de Resid\u00eancia (ENARE). &nbsp; Edital com orienta\u00e7\u00f5es para as matr\u00edculas: Foi publicado no site do ENARE, o edital contendo as informa\u00e7\u00f5es para as matr\u00edculas nos Programas de [&hellip;]<\/p>\n","protected":false},"author":1209,"featured_media":0,"parent":1201,"menu_order":7,"comment_status":"closed","ping_status":"closed","template":"","meta":{"footnotes":""},"class_list":["post-677","page","type-page","status-publish","hentry"],"_links":{"self":[{"href":"https:\/\/wp.ufpel.edu.br\/coremu\/wp-json\/wp\/v2\/pages\/677","targetHints":{"allow":["GET"]}}],"collection":[{"href":"https:\/\/wp.ufpel.edu.br\/coremu\/wp-json\/wp\/v2\/pages"}],"about":[{"href":"https:\/\/wp.ufpel.edu.br\/coremu\/wp-json\/wp\/v2\/types\/page"}],"author":[{"embeddable":true,"href":"https:\/\/wp.ufpel.edu.br\/coremu\/wp-json\/wp\/v2\/users\/1209"}],"replies":[{"embeddable":true,"href":"https:\/\/wp.ufpel.edu.br\/coremu\/wp-json\/wp\/v2\/comments?post=677"}],"version-history":[{"count":15,"href":"https:\/\/wp.ufpel.edu.br\/coremu\/wp-json\/wp\/v2\/pages\/677\/revisions"}],"predecessor-version":[{"id":810,"href":"https:\/\/wp.ufpel.edu.br\/coremu\/wp-json\/wp\/v2\/pages\/677\/revisions\/810"}],"up":[{"embeddable":true,"href":"https:\/\/wp.ufpel.edu.br\/coremu\/wp-json\/wp\/v2\/pages\/1201"}],"wp:attachment":[{"href":"https:\/\/wp.ufpel.edu.br\/coremu\/wp-json\/wp\/v2\/media?parent=677"}],"curies":[{"name":"wp","href":"https:\/\/api.w.org\/{rel}","templated":true}]}}