{"id":54,"date":"2021-12-07T10:58:02","date_gmt":"2021-12-07T13:58:02","guid":{"rendered":"https:\/\/wp.ufpel.edu.br\/coremu\/?page_id=54"},"modified":"2025-01-10T10:55:40","modified_gmt":"2025-01-10T13:55:40","slug":"processo-seletivo-2021-ingresso-2022","status":"publish","type":"page","link":"https:\/\/wp.ufpel.edu.br\/coremu\/processos-seletivos\/anteriores\/processo-seletivo-2021-ingresso-2022\/","title":{"rendered":"Processo Seletivo 2021 (Ingresso 2022)"},"content":{"rendered":"<p><a href=\"https:\/\/wp.ufpel.edu.br\/coremu\/files\/2021\/12\/Edital-de-Processo-Seletivo-para-Aluno-Regular-Ingresso-2022.pdf\">Edital de Processo Seletivo para Aluno Regular &#8211; Ingresso 2022<\/a><\/p>\n<p><a href=\"https:\/\/wp.ufpel.edu.br\/coremu\/files\/2021\/12\/ANEXO-I-Tabela-de-Avaliacao-Curricular-Medicina-Veterinaria.pdf\">ANEXO I &#8211; Tabela de Avalia\u00e7\u00e3o Curricular Medicina Veterin\u00e1ria<\/a><\/p>\n<p><a href=\"https:\/\/wp.ufpel.edu.br\/coremu\/files\/2021\/12\/ANEXO-I-Tabela-de-Avaliacao-Curricular-Saude-Oncologica.pdf\">ANEXO I &#8211; Tabela de Avalia\u00e7\u00e3o Curricular Sa\u00fade Oncol\u00f3gica<\/a><\/p>\n<p><a href=\"https:\/\/wp.ufpel.edu.br\/coremu\/files\/2022\/01\/ANEXO-II-FORMULARIO-DE-RECURSO.pdf\">ANEXO II &#8211; Formul\u00e1rio de Recurso \u00e0 Segunda Fase<\/a><\/p>\n<p><a href=\"https:\/\/wp.ufpel.edu.br\/coremu\/files\/2021\/12\/Portaria-de-Comissao-Geral-de-Processo-Seletivo.pdf\">Portaria de Comiss\u00e3o Geral de Processo Seletivo<\/a><\/p>\n","protected":false},"excerpt":{"rendered":"<p>Edital de Processo Seletivo para Aluno Regular &#8211; Ingresso 2022 ANEXO I &#8211; Tabela de Avalia\u00e7\u00e3o Curricular Medicina Veterin\u00e1ria ANEXO I &#8211; Tabela de Avalia\u00e7\u00e3o Curricular Sa\u00fade Oncol\u00f3gica ANEXO II &#8211; Formul\u00e1rio de Recurso \u00e0 Segunda Fase Portaria de Comiss\u00e3o Geral de Processo Seletivo<\/p>\n","protected":false},"author":1209,"featured_media":0,"parent":1201,"menu_order":4,"comment_status":"closed","ping_status":"closed","template":"","meta":{"footnotes":""},"class_list":["post-54","page","type-page","status-publish","hentry"],"_links":{"self":[{"href":"https:\/\/wp.ufpel.edu.br\/coremu\/wp-json\/wp\/v2\/pages\/54","targetHints":{"allow":["GET"]}}],"collection":[{"href":"https:\/\/wp.ufpel.edu.br\/coremu\/wp-json\/wp\/v2\/pages"}],"about":[{"href":"https:\/\/wp.ufpel.edu.br\/coremu\/wp-json\/wp\/v2\/types\/page"}],"author":[{"embeddable":true,"href":"https:\/\/wp.ufpel.edu.br\/coremu\/wp-json\/wp\/v2\/users\/1209"}],"replies":[{"embeddable":true,"href":"https:\/\/wp.ufpel.edu.br\/coremu\/wp-json\/wp\/v2\/comments?post=54"}],"version-history":[{"count":5,"href":"https:\/\/wp.ufpel.edu.br\/coremu\/wp-json\/wp\/v2\/pages\/54\/revisions"}],"predecessor-version":[{"id":218,"href":"https:\/\/wp.ufpel.edu.br\/coremu\/wp-json\/wp\/v2\/pages\/54\/revisions\/218"}],"up":[{"embeddable":true,"href":"https:\/\/wp.ufpel.edu.br\/coremu\/wp-json\/wp\/v2\/pages\/1201"}],"wp:attachment":[{"href":"https:\/\/wp.ufpel.edu.br\/coremu\/wp-json\/wp\/v2\/media?parent=54"}],"curies":[{"name":"wp","href":"https:\/\/api.w.org\/{rel}","templated":true}]}}