{"id":512,"date":"2023-01-17T09:57:48","date_gmt":"2023-01-17T12:57:48","guid":{"rendered":"https:\/\/wp.ufpel.edu.br\/coremu\/?page_id=512"},"modified":"2023-03-02T17:41:48","modified_gmt":"2023-03-02T20:41:48","slug":"resultado-final","status":"publish","type":"page","link":"https:\/\/wp.ufpel.edu.br\/coremu\/processos-seletivos\/anteriores\/processo-seletivo-2022-ingresso-2023\/resultado-final\/","title":{"rendered":"Resultado Final"},"content":{"rendered":"<h3>Programas de Resid\u00eancia em \u00c1rea Profissional da Sa\u00fade: Medicina Veterin\u00e1ria<\/h3>\n<ul>\n<li><strong>Anestesiologia Veterin\u00e1ria<\/strong><\/li>\n<\/ul>\n<p><a href=\"https:\/\/wp.ufpel.edu.br\/coremu\/files\/2023\/01\/RESULTADO-FINAL-ANESTESIOLOGIA.pdf\">Resultado Final &#8211; Anestesiologia Veterin\u00e1ria<\/a> (20\/01\/2023)<\/p>\n<p><em>Vagas Preenchidas<\/em><\/p>\n<p>&nbsp;<\/p>\n<ul>\n<li><strong>Cl\u00ednica Cir\u00fargica em Animais de Companhia<\/strong><\/li>\n<\/ul>\n<p><a href=\"https:\/\/wp.ufpel.edu.br\/coremu\/files\/2023\/01\/RESULTADO-FINAL-CCAC.pdf\">Resultado Final &#8211; Cl\u00ednica Cir\u00fargica em Animais de Companhia<\/a> (17\/01\/2023)<\/p>\n<p><em>Vagas Preenchidas<\/em><\/p>\n<p>&nbsp;<\/p>\n<ul>\n<li><strong>Cl\u00ednica M\u00e9dica de Equinos<\/strong><\/li>\n<\/ul>\n<p><a href=\"https:\/\/wp.ufpel.edu.br\/coremu\/files\/2023\/01\/RESULTADO-FINAL-CME.pdf\">Resultado Final &#8211; Cl\u00ednica M\u00e9dica de Equinos<\/a> (26\/01\/2023)<\/p>\n<p><em>Vagas Preenchidas<\/em><\/p>\n<p>&nbsp;<\/p>\n<ul>\n<li><strong>Cl\u00ednica M\u00e9dica em Animais de Companhia<\/strong><\/li>\n<\/ul>\n<p><a href=\"https:\/\/wp.ufpel.edu.br\/coremu\/files\/2023\/01\/RESULTADO-FINAL-CMAC.pdf\">Resultado Final &#8211; Cl\u00ednica M\u00e9dica em Animais de Companhia<\/a> (25\/01\/2023)<\/p>\n<p><a href=\"https:\/\/wp.ufpel.edu.br\/coremu\/files\/2023\/01\/SEGUNDA-CHAMADA-CMAC.pdf\">SEGUNDA CHAMADA &#8211; Cl\u00ednica M\u00e9dica em Animais de Companhia<\/a> (31\/01\/2023)<\/p>\n<p><em>Vagas Preenchidas<\/em><\/p>\n<p>&nbsp;<\/p>\n<ul>\n<li><strong>Medicina de Animais Silvestres<\/strong><\/li>\n<\/ul>\n<p><a href=\"https:\/\/wp.ufpel.edu.br\/coremu\/files\/2023\/01\/RESULTADO-FINAL-MAS.pdf\">Resultado Final &#8211; Medicina de Animais Silvestres<\/a> (27\/01\/2023)<\/p>\n<p><a href=\"https:\/\/wp.ufpel.edu.br\/coremu\/files\/2023\/02\/SEGUNDA-CHAMADA-MAS.pdf\">SEGUNDA CHAMADA &#8211; Medicina de Animais Silvestres<\/a> (1\u00ba\/02\/2023)<\/p>\n<p><a href=\"https:\/\/wp.ufpel.edu.br\/coremu\/files\/2023\/02\/TERCEIRA-CHAMADA-MAS.pdf\">TERCEIRA CHAMADA \u2013 Medicina de Animais Silvestres<\/a> (06\/02\/2023)<\/p>\n<p><em>Vagas Preenchidas<\/em><\/p>\n<p>&nbsp;<\/p>\n<ul>\n<li><strong>Medicina Veterin\u00e1ria Preventiva (Doen\u00e7as e Zoonoses Parasit\u00e1rias)<\/strong><\/li>\n<\/ul>\n<p><a href=\"https:\/\/wp.ufpel.edu.br\/coremu\/files\/2023\/02\/RESULTADO-FINAL-MVP-DZP.pdf\">Resultado Final \u2013 Doen\u00e7as e Zoonoses Parasit\u00e1rias<\/a> (08\/02\/2023)<\/p>\n<p><em>Vagas Preenchidas<\/em><\/p>\n<p>&nbsp;<\/p>\n<ul>\n<li><strong>Inspe\u00e7\u00e3o e Tecnologias de Produtos de Origem Animal (Inspe\u00e7\u00e3o de Leite e Derivados)<\/strong><\/li>\n<\/ul>\n<p><a href=\"https:\/\/wp.ufpel.edu.br\/coremu\/files\/2023\/02\/RESULTADO-FINAL-ITPOA.pdf\">Resultado Final \u2013 Inspe\u00e7\u00e3o e Tecnologia de Produtos de Origem Animal<\/a> (08\/02\/2023)<\/p>\n<p><em>Vaga Preenchida<\/em><\/p>\n<p>&nbsp;<\/p>\n<ul>\n<li><strong>Patologia Animal<\/strong><\/li>\n<\/ul>\n<p><a href=\"https:\/\/wp.ufpel.edu.br\/coremu\/files\/2023\/02\/RESULTADO-FINAL-PATOLOGIA-ANIMAL.pdf\">Resultado Final &#8211; Patologia Animal<\/a> (10\/02\/2023)<\/p>\n<p><a href=\"https:\/\/wp.ufpel.edu.br\/coremu\/files\/2023\/02\/SEGUNDA-CHAMADA-PATOLOGIA-ANIMAL.pdf\">SEGUNDA CHAMADA &#8211; Patologia Animal<\/a> (27\/02\/2023)<\/p>\n<p><em>Vagas Preenchidas<\/em><\/p>\n<p>&nbsp;<\/p>\n<ul>\n<li><strong>Sa\u00fade Animal Integrada \u00e0 Sa\u00fade Humana<\/strong><\/li>\n<\/ul>\n<p><a href=\"https:\/\/wp.ufpel.edu.br\/coremu\/files\/2023\/02\/RESULTADO-FINAL-PET-TERAPIA.pdf\">Resultado Final &#8211; Sa\u00fade Animal Integrada \u00e0 Sa\u00fade Humana<\/a> (10\/02\/2023)<\/p>\n<p><em>Sem candidatos aprovados<\/em><\/p>\n<p>&nbsp;<\/p>\n<ul>\n<li><strong>Sa\u00fade Coletiva<\/strong><\/li>\n<\/ul>\n<p><a href=\"https:\/\/wp.ufpel.edu.br\/coremu\/files\/2023\/02\/RESULTADO-FINAL-SAUDE-COLETIVA.pdf\">Resultado Final &#8211; Sa\u00fade Coletiva<\/a> (10\/02\/2023)<\/p>\n<p><em>Vagas Preenchidas<\/em><\/p>\n<p>&nbsp;<\/p>\n<ul>\n<li><strong>Cl\u00ednica M\u00e9dica de Ruminantes<\/strong><\/li>\n<\/ul>\n<p><a href=\"https:\/\/wp.ufpel.edu.br\/coremu\/files\/2023\/02\/RESULTADO-FINAL-CMR.pdf\">Resultado Final &#8211; Cl\u00ednica M\u00e9dica de Ruminantes<\/a> (13\/02\/2023)<\/p>\n<p><em>Vaga Preenchida<\/em><\/p>\n<p>&nbsp;<\/p>\n<ul>\n<li><strong>Diagn\u00f3stico por Imagem em Medicina Veterin\u00e1ria<\/strong><\/li>\n<\/ul>\n<p><a href=\"https:\/\/wp.ufpel.edu.br\/coremu\/files\/2023\/02\/RESULTADO-FINAL-DIAGNOSTICO-POR-IMAGEM.pdf\">Resultado Final &#8211; Imagem<\/a> (13\/02\/2023)<\/p>\n<p><em>Vaga Preenchida<\/em><\/p>\n<p>&nbsp;<\/p>\n<ul>\n<li><strong>Patologia Cl\u00ednica Veterin\u00e1ria<\/strong><\/li>\n<\/ul>\n<p><a href=\"https:\/\/wp.ufpel.edu.br\/coremu\/files\/2023\/02\/Resultado-Final-Patologia-Clinica-Veterinaria.pdf\">Resultado Final &#8211; Patologia Cl\u00ednica Veterin\u00e1ria<\/a> (14\/02\/2023)<\/p>\n<p><em>Vaga Preenchida<\/em><\/p>\n<p>&nbsp;<\/p>\n","protected":false},"excerpt":{"rendered":"<p>Programas de Resid\u00eancia em \u00c1rea Profissional da Sa\u00fade: Medicina Veterin\u00e1ria Anestesiologia Veterin\u00e1ria Resultado Final &#8211; Anestesiologia Veterin\u00e1ria (20\/01\/2023) Vagas Preenchidas &nbsp; Cl\u00ednica Cir\u00fargica em Animais de Companhia Resultado Final &#8211; Cl\u00ednica Cir\u00fargica em Animais de Companhia (17\/01\/2023) Vagas Preenchidas &nbsp; Cl\u00ednica M\u00e9dica de Equinos Resultado Final &#8211; Cl\u00ednica M\u00e9dica de Equinos (26\/01\/2023) Vagas Preenchidas &nbsp; [&hellip;]<\/p>\n","protected":false},"author":1209,"featured_media":0,"parent":415,"menu_order":3,"comment_status":"closed","ping_status":"closed","template":"","meta":{"footnotes":""},"class_list":["post-512","page","type-page","status-publish","hentry"],"_links":{"self":[{"href":"https:\/\/wp.ufpel.edu.br\/coremu\/wp-json\/wp\/v2\/pages\/512","targetHints":{"allow":["GET"]}}],"collection":[{"href":"https:\/\/wp.ufpel.edu.br\/coremu\/wp-json\/wp\/v2\/pages"}],"about":[{"href":"https:\/\/wp.ufpel.edu.br\/coremu\/wp-json\/wp\/v2\/types\/page"}],"author":[{"embeddable":true,"href":"https:\/\/wp.ufpel.edu.br\/coremu\/wp-json\/wp\/v2\/users\/1209"}],"replies":[{"embeddable":true,"href":"https:\/\/wp.ufpel.edu.br\/coremu\/wp-json\/wp\/v2\/comments?post=512"}],"version-history":[{"count":33,"href":"https:\/\/wp.ufpel.edu.br\/coremu\/wp-json\/wp\/v2\/pages\/512\/revisions"}],"predecessor-version":[{"id":652,"href":"https:\/\/wp.ufpel.edu.br\/coremu\/wp-json\/wp\/v2\/pages\/512\/revisions\/652"}],"up":[{"embeddable":true,"href":"https:\/\/wp.ufpel.edu.br\/coremu\/wp-json\/wp\/v2\/pages\/415"}],"wp:attachment":[{"href":"https:\/\/wp.ufpel.edu.br\/coremu\/wp-json\/wp\/v2\/media?parent=512"}],"curies":[{"name":"wp","href":"https:\/\/api.w.org\/{rel}","templated":true}]}}