{"id":488,"date":"2023-01-11T16:56:05","date_gmt":"2023-01-11T19:56:05","guid":{"rendered":"https:\/\/wp.ufpel.edu.br\/coremu\/?page_id=488"},"modified":"2023-02-07T16:40:25","modified_gmt":"2023-02-07T19:40:25","slug":"resultado-final-preliminar","status":"publish","type":"page","link":"https:\/\/wp.ufpel.edu.br\/coremu\/processos-seletivos\/anteriores\/processo-seletivo-2022-ingresso-2023\/resultado-final-preliminar\/","title":{"rendered":"Resultado Final PRELIMINAR"},"content":{"rendered":"<h3>Programas de Resid\u00eancia em \u00c1rea Profissional da Sa\u00fade: Medicina Veterin\u00e1ria<\/h3>\n<p><a href=\"https:\/\/wp.ufpel.edu.br\/coremu\/files\/2023\/01\/RESULTADO-FINAL-PRELIMINAR-CCAC.pdf\">Resultado Final PRELIMINAR \u2013 Cl\u00ednica Cir\u00fargica em Animais de Companhia<\/a> (11\/01\/2023)<\/p>\n<p><a href=\"https:\/\/wp.ufpel.edu.br\/coremu\/files\/2023\/01\/RESULTADO-FINAL-PRELIMINAR-ANESTESIOLOGIA.pdf\">Resultado Final PRELIMINAR &#8211; Anestesiologia Veterin\u00e1ria<\/a>\u00a0(16\/01\/2023)<\/p>\n<p><a href=\"https:\/\/wp.ufpel.edu.br\/coremu\/files\/2023\/01\/RESULTADO-FINAL-PRELIMINAR-CMAC.pdf\">Resultado Final PRELIMINAR &#8211; Cl\u00ednica M\u00e9dica em Animais de Companhia<\/a> (18\/01\/2023)<\/p>\n<p><a href=\"https:\/\/wp.ufpel.edu.br\/coremu\/files\/2023\/01\/RESULTADO-FINAL-PRELIMINAR-CME.pdf\">Resultado Final PRELIMINAR &#8211; Cl\u00ednica M\u00e9dica de Equinos<\/a> (20\/01\/2023)<\/p>\n<p><a href=\"https:\/\/wp.ufpel.edu.br\/coremu\/files\/2023\/01\/Resultado-Final-PRELIMMINAR-Medicina-de-Animais-Silvestres.pdf\">Resultado Final PRELIMINAR &#8211; Medicina de Animais Silvestres<\/a> (23\/01\/2023)<\/p>\n<p><a href=\"https:\/\/wp.ufpel.edu.br\/coremu\/files\/2023\/02\/RESULTADO-FINAL-PRELIMINAR-ITPOA-2.pdf\">RETIFICADO &#8211; Resultado Final PRELIMINAR- Inspe\u00e7\u00e3o e Tecnologia de Produtos de Origem Animal (Inspe\u00e7\u00e3o de Leite e Derivados)<\/a> (1\u00ba\/02\/2023)<\/p>\n<p><a href=\"https:\/\/wp.ufpel.edu.br\/coremu\/files\/2023\/02\/RESULTADO-FINAL-PRELIMINAR-MVP-DZP.pdf\">Resultado Final PRELIMINAR &#8211; Medicina Veterin\u00e1ria Preventiva (Doen\u00e7as e Zoonoses Parasit\u00e1rias)<\/a> (1\u00ba\/02\/2023)<\/p>\n<p><a href=\"https:\/\/wp.ufpel.edu.br\/coremu\/files\/2023\/02\/RESULTADO-FINAL-PRELIMINAR-SAUDE-COLETIVA.pdf\">Resultado Final PRELIMINAR &#8211; Sa\u00fade Coletiva<\/a> (1\u00ba\/02\/2023)<\/p>\n<p><a href=\"https:\/\/wp.ufpel.edu.br\/coremu\/files\/2023\/02\/RESULTADO-FINAL-PRELIMINAR-PATOLOGIA-ANIMAL.pdf\">Resultado Final PRELIMINAR &#8211; Patologia Animal<\/a> (06\/02\/2023)<\/p>\n<p><a href=\"https:\/\/wp.ufpel.edu.br\/coremu\/files\/2023\/02\/RESULTADO-FINAL-PRELIMINAR-PET-TERAPIA.pdf\">Resultado Final PRELIMINAR &#8211; Sa\u00fade Animal Integrada \u00e0 Sa\u00fade Humana<\/a> (06\/02\/2023)<\/p>\n<p><a href=\"https:\/\/wp.ufpel.edu.br\/coremu\/files\/2023\/02\/RESULTADO-FINAL-PRELIMINAR-PATOLOGIA-CLINICA.pdf\">Resultado Final PRELIMINAR &#8211; Patologia Cl\u00ednica Veterin\u00e1ria<\/a> (06\/02\/2023)<\/p>\n<p><a href=\"https:\/\/wp.ufpel.edu.br\/coremu\/files\/2023\/02\/RESULTADO-FINAL-PRELIMINAR-CMR.pdf\">Resultado Final PRELIMINAR &#8211; Cl\u00ednica M\u00e9dica de Ruminantes<\/a> (07\/02\/2023)<\/p>\n<p><a href=\"https:\/\/wp.ufpel.edu.br\/coremu\/files\/2023\/02\/RESULTADO-FINAL-PRELIMINAR-IMAGEM.pdf\">Resultado Final PRELIMINAR &#8211; Diagn\u00f3stico por Imagem<\/a> (07\/02\/2023)<\/p>\n<h2><\/h2>\n<h2>ATEN\u00c7\u00c3O!<\/h2>\n<p>Os resultados dos demais programas ser\u00e3o divulgados nos pr\u00f3ximos dias.<\/p>\n<p>Continue acessando este site para maiores informa\u00e7\u00f5es.<\/p>\n","protected":false},"excerpt":{"rendered":"<p>Programas de Resid\u00eancia em \u00c1rea Profissional da Sa\u00fade: Medicina Veterin\u00e1ria Resultado Final PRELIMINAR \u2013 Cl\u00ednica Cir\u00fargica em Animais de Companhia (11\/01\/2023) Resultado Final PRELIMINAR &#8211; Anestesiologia Veterin\u00e1ria\u00a0(16\/01\/2023) Resultado Final PRELIMINAR &#8211; Cl\u00ednica M\u00e9dica em Animais de Companhia (18\/01\/2023) Resultado Final PRELIMINAR &#8211; Cl\u00ednica M\u00e9dica de Equinos (20\/01\/2023) Resultado Final PRELIMINAR &#8211; Medicina de Animais Silvestres [&hellip;]<\/p>\n","protected":false},"author":1209,"featured_media":0,"parent":415,"menu_order":2,"comment_status":"closed","ping_status":"closed","template":"","meta":{"footnotes":""},"class_list":["post-488","page","type-page","status-publish","hentry"],"_links":{"self":[{"href":"https:\/\/wp.ufpel.edu.br\/coremu\/wp-json\/wp\/v2\/pages\/488","targetHints":{"allow":["GET"]}}],"collection":[{"href":"https:\/\/wp.ufpel.edu.br\/coremu\/wp-json\/wp\/v2\/pages"}],"about":[{"href":"https:\/\/wp.ufpel.edu.br\/coremu\/wp-json\/wp\/v2\/types\/page"}],"author":[{"embeddable":true,"href":"https:\/\/wp.ufpel.edu.br\/coremu\/wp-json\/wp\/v2\/users\/1209"}],"replies":[{"embeddable":true,"href":"https:\/\/wp.ufpel.edu.br\/coremu\/wp-json\/wp\/v2\/comments?post=488"}],"version-history":[{"count":16,"href":"https:\/\/wp.ufpel.edu.br\/coremu\/wp-json\/wp\/v2\/pages\/488\/revisions"}],"predecessor-version":[{"id":605,"href":"https:\/\/wp.ufpel.edu.br\/coremu\/wp-json\/wp\/v2\/pages\/488\/revisions\/605"}],"up":[{"embeddable":true,"href":"https:\/\/wp.ufpel.edu.br\/coremu\/wp-json\/wp\/v2\/pages\/415"}],"wp:attachment":[{"href":"https:\/\/wp.ufpel.edu.br\/coremu\/wp-json\/wp\/v2\/media?parent=488"}],"curies":[{"name":"wp","href":"https:\/\/api.w.org\/{rel}","templated":true}]}}