{"id":48,"date":"2021-12-07T10:57:03","date_gmt":"2021-12-07T13:57:03","guid":{"rendered":"https:\/\/wp.ufpel.edu.br\/coremu\/?page_id=48"},"modified":"2025-01-10T11:21:48","modified_gmt":"2025-01-10T14:21:48","slug":"processo-seletivo-2020-vagas-remanescentes","status":"publish","type":"page","link":"https:\/\/wp.ufpel.edu.br\/coremu\/processos-seletivos\/anteriores\/processo-seletivo-2020-vagas-remanescentes\/","title":{"rendered":"Processo Seletivo 2020 (Vagas Remanescentes)"},"content":{"rendered":"<p><a href=\"https:\/\/wp.ufpel.edu.br\/coremu\/files\/2025\/01\/Resultado-por-ordem-de-classificacao-\u2013-pos-recursos.pdf\">Resultado por ordem de classifica\u00e7\u00e3o \u2013 p\u00f3s recursos<\/a><\/p>\n<p><a href=\"https:\/\/wp.ufpel.edu.br\/coremu\/files\/2025\/01\/Resultado-Final-com-Ordem-de-Classificacao.pdf\">Resultado Final com Ordem de Classifica\u00e7\u00e3o<\/a><\/p>\n<p><a href=\"https:\/\/wp.ufpel.edu.br\/coremu\/files\/2025\/01\/Documentos-necessarios-para-a-matricula.pdf\">Documentos necess\u00e1rios para a matr\u00edcula<\/a><\/p>\n<p><a href=\"https:\/\/wp.ufpel.edu.br\/coremu\/files\/2025\/01\/Resultado-DEFINITIVO-da-Prova-Objetiva-1.pdf\">Resultado DEFINITIVO da Prova Objetiva<\/a><\/p>\n<p><a href=\"https:\/\/wp.ufpel.edu.br\/coremu\/files\/2025\/01\/Gabarito-DEFINITIVO.pdf\">Gabarito DEFINITIVO<\/a><\/p>\n<p><a href=\"https:\/\/wp.ufpel.edu.br\/coremu\/files\/2025\/01\/Respostas-aos-Recursos-Interpostos.pdf\">Respostas aos Recursos Interpostos<\/a><\/p>\n<p><a href=\"https:\/\/wp.ufpel.edu.br\/coremu\/files\/2025\/01\/Resultado-Preliminar-da-Prova-Objetiva-\u2013-Edital-33-2020.pdf\">Resultado Preliminar da Prova Objetiva \u2013 Edital 33-2020<\/a><\/p>\n<p><a href=\"https:\/\/wp.ufpel.edu.br\/coremu\/files\/2025\/01\/Gabarito-Preliminar-da-Prova-Objetiva-\u2013-Edital-33-2020.pdf\">Gabarito Preliminar da Prova Objetiva \u2013 Edital 33-2020<\/a><\/p>\n<p><a href=\"https:\/\/wp.ufpel.edu.br\/coremu\/files\/2025\/01\/RETIFICACAO-\u2013-Homologacao-das-Inscricoes-e-Locais-de-Prova.pdf\">RETIFICA\u00c7\u00c3O \u2013 Homologa\u00e7\u00e3o das Inscri\u00e7\u00f5es e Locais de Prova<\/a><\/p>\n<p><a href=\"https:\/\/wp.ufpel.edu.br\/coremu\/files\/2025\/01\/Homologacao-das-Inscricoes-e-Locais-de-Prova.pdf\">Homologa\u00e7\u00e3o das Inscri\u00e7\u00f5es e Locais de Prova<\/a><\/p>\n<p><a href=\"https:\/\/wp.ufpel.edu.br\/coremu\/files\/2025\/01\/Bibliografia-SUS-1-1.pdf\">Bibliografia SUS<\/a><\/p>\n<p><a href=\"https:\/\/wp.ufpel.edu.br\/coremu\/files\/2025\/01\/Bibliografia-\u2013-Areas-da-Medicina-Veterinaria.pdf\">Bibliografia \u2013 \u00c1reas da Medicina Veterin\u00e1ria<\/a><\/p>\n<p><a href=\"https:\/\/wp.ufpel.edu.br\/coremu\/files\/2025\/01\/Anexo-III.pdf\">Anexo III<\/a><\/p>\n<p><a href=\"https:\/\/wp.ufpel.edu.br\/coremu\/files\/2025\/01\/Anexo-II.pdf\">Anexo II<\/a><\/p>\n<p><a href=\"https:\/\/wp.ufpel.edu.br\/coremu\/files\/2025\/01\/Anexo-I.pdf\">Anexo I<\/a><\/p>\n<p><a href=\"https:\/\/wp.ufpel.edu.br\/coremu\/files\/2025\/01\/Edital-de-Vagas-Remanescentes-\u2013-Edital-33-2020.pdf\">Edital de Vagas Remanescentes \u2013 Edital 33-2020<\/a><\/p>\n","protected":false},"excerpt":{"rendered":"<p>Resultado por ordem de classifica\u00e7\u00e3o \u2013 p\u00f3s recursos Resultado Final com Ordem de Classifica\u00e7\u00e3o Documentos necess\u00e1rios para a matr\u00edcula Resultado DEFINITIVO da Prova Objetiva Gabarito DEFINITIVO Respostas aos Recursos Interpostos Resultado Preliminar da Prova Objetiva \u2013 Edital 33-2020 Gabarito Preliminar da Prova Objetiva \u2013 Edital 33-2020 RETIFICA\u00c7\u00c3O \u2013 Homologa\u00e7\u00e3o das Inscri\u00e7\u00f5es e Locais de Prova [&hellip;]<\/p>\n","protected":false},"author":1209,"featured_media":0,"parent":1201,"menu_order":2,"comment_status":"closed","ping_status":"closed","template":"","meta":{"footnotes":""},"class_list":["post-48","page","type-page","status-publish","hentry"],"_links":{"self":[{"href":"https:\/\/wp.ufpel.edu.br\/coremu\/wp-json\/wp\/v2\/pages\/48","targetHints":{"allow":["GET"]}}],"collection":[{"href":"https:\/\/wp.ufpel.edu.br\/coremu\/wp-json\/wp\/v2\/pages"}],"about":[{"href":"https:\/\/wp.ufpel.edu.br\/coremu\/wp-json\/wp\/v2\/types\/page"}],"author":[{"embeddable":true,"href":"https:\/\/wp.ufpel.edu.br\/coremu\/wp-json\/wp\/v2\/users\/1209"}],"replies":[{"embeddable":true,"href":"https:\/\/wp.ufpel.edu.br\/coremu\/wp-json\/wp\/v2\/comments?post=48"}],"version-history":[{"count":3,"href":"https:\/\/wp.ufpel.edu.br\/coremu\/wp-json\/wp\/v2\/pages\/48\/revisions"}],"predecessor-version":[{"id":1292,"href":"https:\/\/wp.ufpel.edu.br\/coremu\/wp-json\/wp\/v2\/pages\/48\/revisions\/1292"}],"up":[{"embeddable":true,"href":"https:\/\/wp.ufpel.edu.br\/coremu\/wp-json\/wp\/v2\/pages\/1201"}],"wp:attachment":[{"href":"https:\/\/wp.ufpel.edu.br\/coremu\/wp-json\/wp\/v2\/media?parent=48"}],"curies":[{"name":"wp","href":"https:\/\/api.w.org\/{rel}","templated":true}]}}