{"id":466,"date":"2022-12-22T18:42:38","date_gmt":"2022-12-22T21:42:38","guid":{"rendered":"https:\/\/wp.ufpel.edu.br\/coremu\/?page_id=466"},"modified":"2022-12-22T18:44:20","modified_gmt":"2022-12-22T21:44:20","slug":"convocacao-segunda-fase","status":"publish","type":"page","link":"https:\/\/wp.ufpel.edu.br\/coremu\/processos-seletivos\/anteriores\/processo-seletivo-2022-ingresso-2023\/convocacao-segunda-fase\/","title":{"rendered":"Convoca\u00e7\u00e3o segunda fase"},"content":{"rendered":"<h3>Programas de Resid\u00eancia em \u00c1rea Profissional da Sa\u00fade: Medicina Veterin\u00e1ria<\/h3>\n<p><a href=\"https:\/\/wp.ufpel.edu.br\/coremu\/files\/2022\/12\/CONVOCACAO-001-ANESTESIOLOGIA.pdf\">CONVOCA\u00c7\u00c3O 001 &#8211; Anestesiologia Veterin\u00e1ria <\/a>(22\/12\/2022)<\/p>\n<p><a href=\"https:\/\/wp.ufpel.edu.br\/coremu\/files\/2022\/12\/CONVOCACAO-002-CCAC.pdf\">CONVOCA\u00c7\u00c3O 002 &#8211; Cl\u00ednica Cir\u00fargica em Animais de Companhia<\/a> (22\/12\/2022)<\/p>\n<p><a href=\"https:\/\/wp.ufpel.edu.br\/coremu\/files\/2022\/12\/CONVOCACAO-003-CMAC.pdf\">CONVOCA\u00c7\u00c3O 003 &#8211; Cl\u00ednica M\u00e9dica em Animais de Companhia<\/a> (22\/12\/2022)<\/p>\n<p><a href=\"https:\/\/wp.ufpel.edu.br\/coremu\/files\/2022\/12\/CONVOCACAO-004-CME.pdf\">CONVOCA\u00c7\u00c3O 004 &#8211; Cl\u00ednica M\u00e9dica de Equinos<\/a> (22\/12\/2022)<\/p>\n<p><a href=\"https:\/\/wp.ufpel.edu.br\/coremu\/files\/2022\/12\/CONVOCACAO-005-CMR.pdf\">CONVOCA\u00c7\u00c3O 005 &#8211; Cl\u00ednica M\u00e9dica de Ruminantes<\/a> (22\/12\/2022)<\/p>\n<p><a href=\"https:\/\/wp.ufpel.edu.br\/coremu\/files\/2022\/12\/CONVOCACAO-006-IMAGEM.pdf\">CONVOCA\u00c7\u00c3O 006 &#8211; Diagn\u00f3stico por Imagem em Medicina Veterin\u00e1ria<\/a> (22\/12\/2022)<\/p>\n<p><a href=\"https:\/\/wp.ufpel.edu.br\/coremu\/files\/2022\/12\/CONVOCACAO-007-PATOLOGIA-ANIMAL.pdf\">CONVOCA\u00c7\u00c3O 007 &#8211; Patologia Animal<\/a> (22\/12\/2022)<\/p>\n<p><a href=\"https:\/\/wp.ufpel.edu.br\/coremu\/files\/2022\/12\/CONVOCACAO-008-MAS.pdf\">CONVOCA\u00c7\u00c3O 008 &#8211; Medicina de Animais Silvestres<\/a> (22\/12\/2022)<\/p>\n<p><a href=\"https:\/\/wp.ufpel.edu.br\/coremu\/files\/2022\/12\/CONVOCACAO-009-ILD.pdf\">CONVOCA\u00c7\u00c3O 009 &#8211; Inspe\u00e7\u00e3o e Tecnologia de Produtos de Origem Animal<\/a> (22\/12\/2022)<\/p>\n<p><a href=\"https:\/\/wp.ufpel.edu.br\/coremu\/files\/2022\/12\/CONVOCACAO-010-SC.pdf\">CONVOCA\u00c7\u00c3O 010 &#8211; Sa\u00fade Coletiva<\/a> (22\/12\/2022)<\/p>\n<p><a href=\"https:\/\/wp.ufpel.edu.br\/coremu\/files\/2022\/12\/CONVOCACAO-011-DZP.pdf\">CONVOCA\u00c7\u00c3O 011 &#8211; Medicina Veterin\u00e1ria Preventiva (Doen\u00e7as e Zoonoses Parasit\u00e1rias)<\/a> (22\/12\/2022)<\/p>\n<p><a href=\"https:\/\/wp.ufpel.edu.br\/coremu\/files\/2022\/12\/CONVOCACAO-012-PCV.pdf\">CONVOCA\u00c7\u00c3O 012 &#8211; Patologia Cl\u00ednica Veterin\u00e1ria<\/a> (22\/12\/2022)<\/p>\n<p><a href=\"https:\/\/wp.ufpel.edu.br\/coremu\/files\/2022\/12\/CONVOCACAO-013-PET.pdf\">CONVOCA\u00c7\u00c3O 013 &#8211; Sa\u00fade Animal Integrada \u00e0 Sa\u00fade P\u00fablica (Pet Terapia)<\/a> (22\/12\/2022)<\/p>\n<p>&nbsp;<\/p>\n","protected":false},"excerpt":{"rendered":"<p>Programas de Resid\u00eancia em \u00c1rea Profissional da Sa\u00fade: Medicina Veterin\u00e1ria CONVOCA\u00c7\u00c3O 001 &#8211; Anestesiologia Veterin\u00e1ria (22\/12\/2022) CONVOCA\u00c7\u00c3O 002 &#8211; Cl\u00ednica Cir\u00fargica em Animais de Companhia (22\/12\/2022) CONVOCA\u00c7\u00c3O 003 &#8211; Cl\u00ednica M\u00e9dica em Animais de Companhia (22\/12\/2022) CONVOCA\u00c7\u00c3O 004 &#8211; Cl\u00ednica M\u00e9dica de Equinos (22\/12\/2022) CONVOCA\u00c7\u00c3O 005 &#8211; Cl\u00ednica M\u00e9dica de Ruminantes (22\/12\/2022) CONVOCA\u00c7\u00c3O 006 &#8211; [&hellip;]<\/p>\n","protected":false},"author":1209,"featured_media":0,"parent":415,"menu_order":1,"comment_status":"closed","ping_status":"closed","template":"","meta":{"footnotes":""},"class_list":["post-466","page","type-page","status-publish","hentry"],"_links":{"self":[{"href":"https:\/\/wp.ufpel.edu.br\/coremu\/wp-json\/wp\/v2\/pages\/466","targetHints":{"allow":["GET"]}}],"collection":[{"href":"https:\/\/wp.ufpel.edu.br\/coremu\/wp-json\/wp\/v2\/pages"}],"about":[{"href":"https:\/\/wp.ufpel.edu.br\/coremu\/wp-json\/wp\/v2\/types\/page"}],"author":[{"embeddable":true,"href":"https:\/\/wp.ufpel.edu.br\/coremu\/wp-json\/wp\/v2\/users\/1209"}],"replies":[{"embeddable":true,"href":"https:\/\/wp.ufpel.edu.br\/coremu\/wp-json\/wp\/v2\/comments?post=466"}],"version-history":[{"count":2,"href":"https:\/\/wp.ufpel.edu.br\/coremu\/wp-json\/wp\/v2\/pages\/466\/revisions"}],"predecessor-version":[{"id":482,"href":"https:\/\/wp.ufpel.edu.br\/coremu\/wp-json\/wp\/v2\/pages\/466\/revisions\/482"}],"up":[{"embeddable":true,"href":"https:\/\/wp.ufpel.edu.br\/coremu\/wp-json\/wp\/v2\/pages\/415"}],"wp:attachment":[{"href":"https:\/\/wp.ufpel.edu.br\/coremu\/wp-json\/wp\/v2\/media?parent=466"}],"curies":[{"name":"wp","href":"https:\/\/api.w.org\/{rel}","templated":true}]}}