{"id":415,"date":"2022-09-06T13:16:46","date_gmt":"2022-09-06T16:16:46","guid":{"rendered":"https:\/\/wp.ufpel.edu.br\/coremu\/?page_id=415"},"modified":"2025-01-10T10:56:14","modified_gmt":"2025-01-10T13:56:14","slug":"processo-seletivo-2022-ingresso-2023","status":"publish","type":"page","link":"https:\/\/wp.ufpel.edu.br\/coremu\/processos-seletivos\/anteriores\/processo-seletivo-2022-ingresso-2023\/","title":{"rendered":"Processo Seletivo 2022 (Ingresso 2023\/1)"},"content":{"rendered":"<h3>Programas de Resid\u00eancia em \u00c1rea Profissional da Sa\u00fade: Medicina Veterin\u00e1ria<\/h3>\n<p><a href=\"https:\/\/wp.ufpel.edu.br\/coremu\/files\/2022\/09\/EDITAL-166-2022.pdf\">Edital de Processo Seletivo para Aluno Regular \u2013 Ingresso 2023<\/a> (06\/09\/2022)<\/p>\n<p><a href=\"https:\/\/wp.ufpel.edu.br\/coremu\/files\/2022\/09\/TABELA-DE-AVALIACAO-CURRICULAR.pdf\">ANEXO I \u2013 Tabela de Avalia\u00e7\u00e3o Curricular Medicina Veterin\u00e1ria<\/a> (06\/09\/2022)<\/p>\n<p><a href=\"https:\/\/wp.ufpel.edu.br\/coremu\/files\/2022\/09\/RETIFICACAO.pdf\">RETIFICA\u00c7\u00c3O ao Edital 166\/2022<\/a> (29\/09\/2022)<\/p>\n<p><a href=\"https:\/\/forms.gle\/Mobw61cTBM4KRa357\">Formul\u00e1rio de Recursos ao Resultado Preliminar<\/a> (11\/01\/2023)<\/p>\n","protected":false},"excerpt":{"rendered":"<p>Programas de Resid\u00eancia em \u00c1rea Profissional da Sa\u00fade: Medicina Veterin\u00e1ria Edital de Processo Seletivo para Aluno Regular \u2013 Ingresso 2023 (06\/09\/2022) ANEXO I \u2013 Tabela de Avalia\u00e7\u00e3o Curricular Medicina Veterin\u00e1ria (06\/09\/2022) RETIFICA\u00c7\u00c3O ao Edital 166\/2022 (29\/09\/2022) Formul\u00e1rio de Recursos ao Resultado Preliminar (11\/01\/2023)<\/p>\n","protected":false},"author":1209,"featured_media":0,"parent":1201,"menu_order":6,"comment_status":"closed","ping_status":"closed","template":"","meta":{"footnotes":""},"class_list":["post-415","page","type-page","status-publish","hentry"],"_links":{"self":[{"href":"https:\/\/wp.ufpel.edu.br\/coremu\/wp-json\/wp\/v2\/pages\/415","targetHints":{"allow":["GET"]}}],"collection":[{"href":"https:\/\/wp.ufpel.edu.br\/coremu\/wp-json\/wp\/v2\/pages"}],"about":[{"href":"https:\/\/wp.ufpel.edu.br\/coremu\/wp-json\/wp\/v2\/types\/page"}],"author":[{"embeddable":true,"href":"https:\/\/wp.ufpel.edu.br\/coremu\/wp-json\/wp\/v2\/users\/1209"}],"replies":[{"embeddable":true,"href":"https:\/\/wp.ufpel.edu.br\/coremu\/wp-json\/wp\/v2\/comments?post=415"}],"version-history":[{"count":6,"href":"https:\/\/wp.ufpel.edu.br\/coremu\/wp-json\/wp\/v2\/pages\/415\/revisions"}],"predecessor-version":[{"id":493,"href":"https:\/\/wp.ufpel.edu.br\/coremu\/wp-json\/wp\/v2\/pages\/415\/revisions\/493"}],"up":[{"embeddable":true,"href":"https:\/\/wp.ufpel.edu.br\/coremu\/wp-json\/wp\/v2\/pages\/1201"}],"wp:attachment":[{"href":"https:\/\/wp.ufpel.edu.br\/coremu\/wp-json\/wp\/v2\/media?parent=415"}],"curies":[{"name":"wp","href":"https:\/\/api.w.org\/{rel}","templated":true}]}}