{"id":357,"date":"2022-03-23T15:13:08","date_gmt":"2022-03-23T18:13:08","guid":{"rendered":"https:\/\/wp.ufpel.edu.br\/coremu\/?page_id=357"},"modified":"2022-03-23T15:34:51","modified_gmt":"2022-03-23T18:34:51","slug":"matricula","status":"publish","type":"page","link":"https:\/\/wp.ufpel.edu.br\/coremu\/processos-seletivos\/anteriores\/processo-seletivo-2022-ingresso-2022-1\/matricula\/","title":{"rendered":"Matr\u00edcula"},"content":{"rendered":"<p>A matr\u00edcula ser\u00e1 realizada no dia 25 de mar\u00e7o, \u00e0s 9h, de forma presencial, na secretaria da Comiss\u00e3o de Resid\u00eancia Multiprofissional (COREMU), localizada na Rua Marc\u00edlio Dias, n\u00ba 939.<\/p>\n<p>Dever\u00e3o ser apresentados os seguintes documentos ORIGINAIS:<\/p>\n<ul>\n<li>Ficha Financeira <u>preenchida, assinada e com uma foto 3X4 colada no canto superior direito (<\/u><a href=\"https:\/\/wp.ufpel.edu.br\/coremu\/files\/2022\/03\/Ficha-financeira-para-preenchimento.docx\">DISPON\u00cdVEL AQUI<\/a>);<\/li>\n<li>Declara\u00e7\u00e3o de Necessidade de Moradia (mesmo que n\u00e3o tenha necessidade de moradia, deve preencher e assinar) <a href=\"https:\/\/wp.ufpel.edu.br\/coremu\/files\/2022\/03\/Declaracao-Moradia.pdf\">DISPON\u00cdVEL AQUI<\/a>.<\/li>\n<\/ul>\n<p>Dever\u00e3o ser apresentados os seguintes documentos ORIGINAIS, ACOMPANHADOS DA C\u00d3PIA SIMPLES:<\/p>\n<ul>\n<li>C\u00e9dula de Identidade Civil;<\/li>\n<li>CPF com comprova\u00e7\u00e3o de regularidade emitida pela Receita Federal (pode ser certid\u00e3o do site);<\/li>\n<li>Comprovante de conta banc\u00e1ria \u2013 conta sal\u00e1rio (somente s\u00e3o aceitos os seguintes bancos: BANCO DO BRASIL, CAIXA ECON\u00d4MICA FEDERAL, BANRISUL, ITA\u00da e SANTANDER). Para abertura da conta sal\u00e1rio, ser\u00e1 necess\u00e1ria solicita\u00e7\u00e3o de atestado emitido pelo Financeiro da Universidade, mas isso n\u00e3o impede a matr\u00edcula. Para quem tem conta corrente no Banco do Brasil, E SOMENTE NELE, poder\u00e1 inform\u00e1-la, pois a modifica\u00e7\u00e3o \u00e9 feita automaticamente pelo pr\u00f3prio banco;<\/li>\n<li>Diploma de Gradua\u00e7\u00e3o em curso superior (FRENTE E VERSO), ou Declara\u00e7\u00e3o da Institui\u00e7\u00e3o de Ensino que Colou Grau na \u00e1rea profissional;<\/li>\n<li>Hist\u00f3rico de Gradua\u00e7\u00e3o;<\/li>\n<li>Certid\u00e3o de Nascimento ou Casamento;<\/li>\n<li>T\u00edtulo de Eleitor com comprova\u00e7\u00e3o de regularidade emitida pela Justi\u00e7a Eleitoral (pode ser certid\u00e3o do site);<\/li>\n<li>PIS\/PASEP\/NIT;<\/li>\n<li>Carteira de Trabalho (n\u00famero, s\u00e9rie, data de expedi\u00e7\u00e3o). Em caso de documento digital, encaminhar <em>prints<\/em> das telas do app do governo federal;<\/li>\n<li>Grupo Sangu\u00edneo e Fator Rh;<\/li>\n<li>Cart\u00e3o do SUS (Em caso de documento digital, encaminhar <em>prints<\/em> das telas do app do governo federal);<\/li>\n<li>Certificado Militar (somente para candidatos do sexo masculino);<\/li>\n<li>C\u00e9dula de Identidade Profissional de acordo com a categoria respectiva;<\/li>\n<li>Comprovante de regularidade no Conselho Profissional;<\/li>\n<li>Carteira de Vacina\u00e7\u00e3o atualizada com a comprova\u00e7\u00e3o das seguintes doses: dT (antitet\u00e2nica), Hepatite B (com doses completas ou com imuniza\u00e7\u00e3o em curso) e COVID-19.<\/li>\n<\/ul>\n<p>&nbsp;<\/p>\n<p>&nbsp;<\/p>\n","protected":false},"excerpt":{"rendered":"<p>A matr\u00edcula ser\u00e1 realizada no dia 25 de mar\u00e7o, \u00e0s 9h, de forma presencial, na secretaria da Comiss\u00e3o de Resid\u00eancia Multiprofissional (COREMU), localizada na Rua Marc\u00edlio Dias, n\u00ba 939. Dever\u00e3o ser apresentados os seguintes documentos ORIGINAIS: Ficha Financeira preenchida, assinada e com uma foto 3X4 colada no canto superior direito (DISPON\u00cdVEL AQUI); Declara\u00e7\u00e3o de Necessidade [&hellip;]<\/p>\n","protected":false},"author":1209,"featured_media":0,"parent":317,"menu_order":3,"comment_status":"closed","ping_status":"closed","template":"","meta":{"footnotes":""},"class_list":["post-357","page","type-page","status-publish","hentry"],"_links":{"self":[{"href":"https:\/\/wp.ufpel.edu.br\/coremu\/wp-json\/wp\/v2\/pages\/357","targetHints":{"allow":["GET"]}}],"collection":[{"href":"https:\/\/wp.ufpel.edu.br\/coremu\/wp-json\/wp\/v2\/pages"}],"about":[{"href":"https:\/\/wp.ufpel.edu.br\/coremu\/wp-json\/wp\/v2\/types\/page"}],"author":[{"embeddable":true,"href":"https:\/\/wp.ufpel.edu.br\/coremu\/wp-json\/wp\/v2\/users\/1209"}],"replies":[{"embeddable":true,"href":"https:\/\/wp.ufpel.edu.br\/coremu\/wp-json\/wp\/v2\/comments?post=357"}],"version-history":[{"count":3,"href":"https:\/\/wp.ufpel.edu.br\/coremu\/wp-json\/wp\/v2\/pages\/357\/revisions"}],"predecessor-version":[{"id":364,"href":"https:\/\/wp.ufpel.edu.br\/coremu\/wp-json\/wp\/v2\/pages\/357\/revisions\/364"}],"up":[{"embeddable":true,"href":"https:\/\/wp.ufpel.edu.br\/coremu\/wp-json\/wp\/v2\/pages\/317"}],"wp:attachment":[{"href":"https:\/\/wp.ufpel.edu.br\/coremu\/wp-json\/wp\/v2\/media?parent=357"}],"curies":[{"name":"wp","href":"https:\/\/api.w.org\/{rel}","templated":true}]}}