{"id":351,"date":"2022-03-23T15:10:24","date_gmt":"2022-03-23T18:10:24","guid":{"rendered":"https:\/\/wp.ufpel.edu.br\/coremu\/?page_id=351"},"modified":"2022-03-23T15:11:56","modified_gmt":"2022-03-23T18:11:56","slug":"resultado-final-definitivo","status":"publish","type":"page","link":"https:\/\/wp.ufpel.edu.br\/coremu\/processos-seletivos\/anteriores\/processo-seletivo-2022-ingresso-2022-1\/resultado-final-definitivo\/","title":{"rendered":"Resultado Final DEFINITIVO"},"content":{"rendered":"<p><a href=\"https:\/\/wp.ufpel.edu.br\/coremu\/files\/2022\/03\/Resultado-Final-DEFINITIVO-INSPECAO-E-TECNOLOGIA-DE-PRODUTOS-DE-ORIGEM-ANIMAL-INSPECAO-DE-LEITE-E-DERIVADOS.pdf\">Resultado Final DEFINITIVO &#8211; INSPE\u00c7\u00c3O E TECNOLOGIA DE PRODUTOS DE ORIGEM ANIMAL (INSPE\u00c7\u00c3O DE LEITE E DERIVADOS)<\/a> (23\/03\/2022)<\/p>\n","protected":false},"excerpt":{"rendered":"<p>Resultado Final DEFINITIVO &#8211; INSPE\u00c7\u00c3O E TECNOLOGIA DE PRODUTOS DE ORIGEM ANIMAL (INSPE\u00c7\u00c3O DE LEITE E DERIVADOS) (23\/03\/2022)<\/p>\n","protected":false},"author":1209,"featured_media":0,"parent":317,"menu_order":2,"comment_status":"closed","ping_status":"closed","template":"","meta":{"footnotes":""},"class_list":["post-351","page","type-page","status-publish","hentry"],"_links":{"self":[{"href":"https:\/\/wp.ufpel.edu.br\/coremu\/wp-json\/wp\/v2\/pages\/351","targetHints":{"allow":["GET"]}}],"collection":[{"href":"https:\/\/wp.ufpel.edu.br\/coremu\/wp-json\/wp\/v2\/pages"}],"about":[{"href":"https:\/\/wp.ufpel.edu.br\/coremu\/wp-json\/wp\/v2\/types\/page"}],"author":[{"embeddable":true,"href":"https:\/\/wp.ufpel.edu.br\/coremu\/wp-json\/wp\/v2\/users\/1209"}],"replies":[{"embeddable":true,"href":"https:\/\/wp.ufpel.edu.br\/coremu\/wp-json\/wp\/v2\/comments?post=351"}],"version-history":[{"count":3,"href":"https:\/\/wp.ufpel.edu.br\/coremu\/wp-json\/wp\/v2\/pages\/351\/revisions"}],"predecessor-version":[{"id":356,"href":"https:\/\/wp.ufpel.edu.br\/coremu\/wp-json\/wp\/v2\/pages\/351\/revisions\/356"}],"up":[{"embeddable":true,"href":"https:\/\/wp.ufpel.edu.br\/coremu\/wp-json\/wp\/v2\/pages\/317"}],"wp:attachment":[{"href":"https:\/\/wp.ufpel.edu.br\/coremu\/wp-json\/wp\/v2\/media?parent=351"}],"curies":[{"name":"wp","href":"https:\/\/api.w.org\/{rel}","templated":true}]}}