{"id":341,"date":"2022-03-21T12:07:00","date_gmt":"2022-03-21T15:07:00","guid":{"rendered":"https:\/\/wp.ufpel.edu.br\/coremu\/?page_id=341"},"modified":"2025-01-10T10:53:08","modified_gmt":"2025-01-10T13:53:08","slug":"profissionais-residentes","status":"publish","type":"page","link":"https:\/\/wp.ufpel.edu.br\/coremu\/documentos\/formularios-e-modelos\/profissionais-residentes\/","title":{"rendered":"Profissionais Residentes"},"content":{"rendered":"<h3>Solicita\u00e7\u00e3o de Libera\u00e7\u00e3o para Evento de Estudo: <a href=\"https:\/\/docs.google.com\/forms\/d\/e\/1FAIpQLSduO_fQsqq4NXGHOp0wrZrUuSKs-bhwl6Gf1c6XQqw8crjNqw\/viewform?usp=sf_link\">CLIQUE AQUI<\/a><\/h3>\n<h3>Relat\u00f3rio de Participa\u00e7\u00e3o em Evento de Estudo: <a href=\"https:\/\/docs.google.com\/forms\/d\/e\/1FAIpQLScnGr_HybgZ7bcGkGJfDvAW9q1Ifkoq4ibU3BZTNnyWyZQcWg\/viewform?usp=sf_link\">CLIQUE AQUI<\/a><\/h3>\n<h3>Formul\u00e1rio para encaminhamento de qualifica\u00e7\u00e3o ou defesa: <a href=\"https:\/\/wp.ufpel.edu.br\/coremu\/files\/2022\/12\/FORMULARIO-DE-DEFESA.docx\">CLIQUE AQUI<\/a><\/h3>\n<h3>Formul\u00e1rio para envio de TCR: <a href=\"https:\/\/forms.gle\/eugVeFYmrcMFnzmG7\">CLIQUE AQUI<\/a><\/h3>\n<h3>Termo de autoriza\u00e7\u00e3o para inserir TCC (Gradua\u00e7\u00e3o) e TCCP (Especializa\u00e7\u00e3o) no Sistema de gerenciamento de acervo da UFPel: <a href=\"https:\/\/wp.ufpel.edu.br\/sisbi\/files\/2024\/02\/Termo-TCC-e-TCCP.pdf\">CLIQUE AQUI<\/a><\/h3>\n<h3>Solicita\u00e7\u00e3o de adiamento de defesa de TCR: <a href=\"https:\/\/wp.ufpel.edu.br\/coremu\/files\/2022\/01\/Solicitacao-de-adiamento-de-banca-de-defesa-de-TCR.docx\">CLIQUE AQUI<\/a><\/h3>\n<h3>Solicita\u00e7\u00e3o de desist\u00eancia do Programa em qualquer tempo: <a href=\"https:\/\/wp.ufpel.edu.br\/coremu\/files\/2023\/01\/Desistencia-MODELO-COM-RESTRICAO.docx\">CLIQUE AQUI<\/a><\/h3>\n","protected":false},"excerpt":{"rendered":"<p>Solicita\u00e7\u00e3o de Libera\u00e7\u00e3o para Evento de Estudo: CLIQUE AQUI Relat\u00f3rio de Participa\u00e7\u00e3o em Evento de Estudo: CLIQUE AQUI Formul\u00e1rio para encaminhamento de qualifica\u00e7\u00e3o ou defesa: CLIQUE AQUI Formul\u00e1rio para envio de TCR: CLIQUE AQUI Termo de autoriza\u00e7\u00e3o para inserir TCC (Gradua\u00e7\u00e3o) e TCCP (Especializa\u00e7\u00e3o) no Sistema de gerenciamento de acervo da UFPel: CLIQUE AQUI Solicita\u00e7\u00e3o [&hellip;]<\/p>\n","protected":false},"author":1209,"featured_media":0,"parent":207,"menu_order":2,"comment_status":"closed","ping_status":"closed","template":"","meta":{"footnotes":""},"class_list":["post-341","page","type-page","status-publish","hentry"],"_links":{"self":[{"href":"https:\/\/wp.ufpel.edu.br\/coremu\/wp-json\/wp\/v2\/pages\/341","targetHints":{"allow":["GET"]}}],"collection":[{"href":"https:\/\/wp.ufpel.edu.br\/coremu\/wp-json\/wp\/v2\/pages"}],"about":[{"href":"https:\/\/wp.ufpel.edu.br\/coremu\/wp-json\/wp\/v2\/types\/page"}],"author":[{"embeddable":true,"href":"https:\/\/wp.ufpel.edu.br\/coremu\/wp-json\/wp\/v2\/users\/1209"}],"replies":[{"embeddable":true,"href":"https:\/\/wp.ufpel.edu.br\/coremu\/wp-json\/wp\/v2\/comments?post=341"}],"version-history":[{"count":16,"href":"https:\/\/wp.ufpel.edu.br\/coremu\/wp-json\/wp\/v2\/pages\/341\/revisions"}],"predecessor-version":[{"id":1200,"href":"https:\/\/wp.ufpel.edu.br\/coremu\/wp-json\/wp\/v2\/pages\/341\/revisions\/1200"}],"up":[{"embeddable":true,"href":"https:\/\/wp.ufpel.edu.br\/coremu\/wp-json\/wp\/v2\/pages\/207"}],"wp:attachment":[{"href":"https:\/\/wp.ufpel.edu.br\/coremu\/wp-json\/wp\/v2\/media?parent=341"}],"curies":[{"name":"wp","href":"https:\/\/api.w.org\/{rel}","templated":true}]}}