{"id":317,"date":"2022-03-04T18:22:41","date_gmt":"2022-03-04T21:22:41","guid":{"rendered":"https:\/\/wp.ufpel.edu.br\/coremu\/?page_id=317"},"modified":"2025-01-10T10:55:57","modified_gmt":"2025-01-10T13:55:57","slug":"processo-seletivo-2022-ingresso-2022-1","status":"publish","type":"page","link":"https:\/\/wp.ufpel.edu.br\/coremu\/processos-seletivos\/anteriores\/processo-seletivo-2022-ingresso-2022-1\/","title":{"rendered":"Processo Seletivo 2022 (Ingresso 2022\/1)"},"content":{"rendered":"<h3>Programa de Resid\u00eancia em \u00c1rea Profissional da Sa\u00fade: Medicina Veterin\u00e1ria<\/h3>\n<p><a href=\"https:\/\/wp.ufpel.edu.br\/coremu\/files\/2022\/03\/Edital-31-2022.pdf\">Edital de Processo Seletivo para preenchimento de vagas remanescentes \u2013 Ingresso 2022<\/a> (04\/03\/2022)<\/p>\n<p><a href=\"https:\/\/wp.ufpel.edu.br\/coremu\/files\/2022\/03\/ANEXO-I-Tabela-de-Avaliacao-Curricular.pdf\">ANEXO I &#8211; Tabela de Avalia\u00e7\u00e3o Curricular<\/a> (04\/03\/2022)<\/p>\n<p><a href=\"https:\/\/docs.google.com\/forms\/d\/e\/1FAIpQLSdYZzku_mBWWf4zquDkwSvMm6tUxWrKTGAP2YMuKpLdRVqLbw\/viewform?usp=sf_link\">Formul\u00e1rio para recursos<\/a> (04\/03\/2022)<\/p>\n<h3><\/h3>\n","protected":false},"excerpt":{"rendered":"<p>Programa de Resid\u00eancia em \u00c1rea Profissional da Sa\u00fade: Medicina Veterin\u00e1ria Edital de Processo Seletivo para preenchimento de vagas remanescentes \u2013 Ingresso 2022 (04\/03\/2022) ANEXO I &#8211; Tabela de Avalia\u00e7\u00e3o Curricular (04\/03\/2022) Formul\u00e1rio para recursos (04\/03\/2022)<\/p>\n","protected":false},"author":1209,"featured_media":0,"parent":1201,"menu_order":5,"comment_status":"closed","ping_status":"closed","template":"","meta":{"footnotes":""},"class_list":["post-317","page","type-page","status-publish","hentry"],"_links":{"self":[{"href":"https:\/\/wp.ufpel.edu.br\/coremu\/wp-json\/wp\/v2\/pages\/317","targetHints":{"allow":["GET"]}}],"collection":[{"href":"https:\/\/wp.ufpel.edu.br\/coremu\/wp-json\/wp\/v2\/pages"}],"about":[{"href":"https:\/\/wp.ufpel.edu.br\/coremu\/wp-json\/wp\/v2\/types\/page"}],"author":[{"embeddable":true,"href":"https:\/\/wp.ufpel.edu.br\/coremu\/wp-json\/wp\/v2\/users\/1209"}],"replies":[{"embeddable":true,"href":"https:\/\/wp.ufpel.edu.br\/coremu\/wp-json\/wp\/v2\/comments?post=317"}],"version-history":[{"count":3,"href":"https:\/\/wp.ufpel.edu.br\/coremu\/wp-json\/wp\/v2\/pages\/317\/revisions"}],"predecessor-version":[{"id":327,"href":"https:\/\/wp.ufpel.edu.br\/coremu\/wp-json\/wp\/v2\/pages\/317\/revisions\/327"}],"up":[{"embeddable":true,"href":"https:\/\/wp.ufpel.edu.br\/coremu\/wp-json\/wp\/v2\/pages\/1201"}],"wp:attachment":[{"href":"https:\/\/wp.ufpel.edu.br\/coremu\/wp-json\/wp\/v2\/media?parent=317"}],"curies":[{"name":"wp","href":"https:\/\/api.w.org\/{rel}","templated":true}]}}