{"id":294,"date":"2022-02-23T09:46:36","date_gmt":"2022-02-23T12:46:36","guid":{"rendered":"https:\/\/wp.ufpel.edu.br\/coremu\/?page_id=294"},"modified":"2022-03-04T16:09:17","modified_gmt":"2022-03-04T19:09:17","slug":"segunda-chamada","status":"publish","type":"page","link":"https:\/\/wp.ufpel.edu.br\/coremu\/processos-seletivos\/anteriores\/processo-seletivo-2021-ingresso-2022\/segunda-chamada\/","title":{"rendered":"SEGUNDA Chamada"},"content":{"rendered":"<h2>Programa de Resid\u00eancia Integrada Multiprofissional em Aten\u00e7\u00e3o \u00e0 Sa\u00fade Oncol\u00f3gica<\/h2>\n<p><a href=\"https:\/\/wp.ufpel.edu.br\/coremu\/files\/2022\/02\/SEGUNDA-Chamada-Odontologia.pdf\">SEGUNDA Chamada &#8211; Odontologia<\/a> (23\/02\/2022)<\/p>\n<p><a href=\"https:\/\/wp.ufpel.edu.br\/coremu\/files\/2022\/02\/SEGUNDA-Chamada-Terapia-Ocupacional.pdf\">SEGUNDA Chamada &#8211; Terapia Ocupacional<\/a> (23\/02\/2022)<\/p>\n<h2>Programa de Resid\u00eancia em \u00c1rea Profissional da Sa\u00fade: Medicina Veterin\u00e1ria<\/h2>\n<p><a href=\"https:\/\/wp.ufpel.edu.br\/coremu\/files\/2022\/02\/SEGUNDA-Chamada-Anestesiologia.pdf\">SEGUNDA Chamada &#8211; Anestesiologia<\/a> (23\/02\/2022)<\/p>\n<p><a href=\"https:\/\/wp.ufpel.edu.br\/coremu\/files\/2022\/02\/SEGUNDA-Chamada-Clinica-Cirurgica-em-Animais-de-Companhia.pdf\">SEGUNDA Chamada &#8211; Cl\u00ednica Cir\u00fargica em Animais de Companhia<\/a> (23\/02\/2022)<\/p>\n<p><a href=\"https:\/\/wp.ufpel.edu.br\/coremu\/files\/2022\/02\/SEGUNDA-Chamada-Pet-Terapia-Intervencoes-Assistidas-por-Animais.pdf\">SEGUNDA Chamada &#8211; Pet Terapia &#8211; Interven\u00e7\u00f5es Assistidas por Animais<\/a> (23\/02\/2022)<\/p>\n<p>&nbsp;<\/p>\n<h2>As Orienta\u00e7\u00f5es para as matr\u00edculas da segunda chamada est\u00e3o na aba &#8220;matr\u00edculas&#8221;.<\/h2>\n","protected":false},"excerpt":{"rendered":"<p>Programa de Resid\u00eancia Integrada Multiprofissional em Aten\u00e7\u00e3o \u00e0 Sa\u00fade Oncol\u00f3gica SEGUNDA Chamada &#8211; Odontologia (23\/02\/2022) SEGUNDA Chamada &#8211; Terapia Ocupacional (23\/02\/2022) Programa de Resid\u00eancia em \u00c1rea Profissional da Sa\u00fade: Medicina Veterin\u00e1ria SEGUNDA Chamada &#8211; Anestesiologia (23\/02\/2022) SEGUNDA Chamada &#8211; Cl\u00ednica Cir\u00fargica em Animais de Companhia (23\/02\/2022) SEGUNDA Chamada &#8211; Pet Terapia &#8211; Interven\u00e7\u00f5es Assistidas por [&hellip;]<\/p>\n","protected":false},"author":1209,"featured_media":0,"parent":54,"menu_order":5,"comment_status":"closed","ping_status":"closed","template":"","meta":{"footnotes":""},"class_list":["post-294","page","type-page","status-publish","hentry"],"_links":{"self":[{"href":"https:\/\/wp.ufpel.edu.br\/coremu\/wp-json\/wp\/v2\/pages\/294","targetHints":{"allow":["GET"]}}],"collection":[{"href":"https:\/\/wp.ufpel.edu.br\/coremu\/wp-json\/wp\/v2\/pages"}],"about":[{"href":"https:\/\/wp.ufpel.edu.br\/coremu\/wp-json\/wp\/v2\/types\/page"}],"author":[{"embeddable":true,"href":"https:\/\/wp.ufpel.edu.br\/coremu\/wp-json\/wp\/v2\/users\/1209"}],"replies":[{"embeddable":true,"href":"https:\/\/wp.ufpel.edu.br\/coremu\/wp-json\/wp\/v2\/comments?post=294"}],"version-history":[{"count":6,"href":"https:\/\/wp.ufpel.edu.br\/coremu\/wp-json\/wp\/v2\/pages\/294\/revisions"}],"predecessor-version":[{"id":316,"href":"https:\/\/wp.ufpel.edu.br\/coremu\/wp-json\/wp\/v2\/pages\/294\/revisions\/316"}],"up":[{"embeddable":true,"href":"https:\/\/wp.ufpel.edu.br\/coremu\/wp-json\/wp\/v2\/pages\/54"}],"wp:attachment":[{"href":"https:\/\/wp.ufpel.edu.br\/coremu\/wp-json\/wp\/v2\/media?parent=294"}],"curies":[{"name":"wp","href":"https:\/\/api.w.org\/{rel}","templated":true}]}}