{"id":28,"date":"2021-12-06T15:52:50","date_gmt":"2021-12-06T18:52:50","guid":{"rendered":"https:\/\/wp.ufpel.edu.br\/coremu\/?page_id=28"},"modified":"2024-08-23T15:52:39","modified_gmt":"2024-08-23T18:52:39","slug":"contatos","status":"publish","type":"page","link":"https:\/\/wp.ufpel.edu.br\/coremu\/contatos\/","title":{"rendered":"Contato"},"content":{"rendered":"<h3><b>Contato<\/b><\/h3>\n<p>E-mail: coremu@ufpel.edu.br<\/p>\n<p>Telefone: (53) 3275-7317<\/p>\n<h3><strong>Endere\u00e7o<\/strong><\/h3>\n<p>Faculdade de Veterin\u00e1ria, Campus Cap\u00e3o do Le\u00e3o<br \/>\n2\u00ba andar, corredor da dire\u00e7\u00e3o, 4\u00aa porta \u00e0 esquerda<\/p>\n<p><strong>Atendimento Presencial<\/strong><\/p>\n<p>Somente mediante agendamento pr\u00e9vio, pelo e-mail acima<\/p>\n","protected":false},"excerpt":{"rendered":"<p>Contato E-mail: coremu@ufpel.edu.br Telefone: (53) 3275-7317 Endere\u00e7o Faculdade de Veterin\u00e1ria, Campus Cap\u00e3o do Le\u00e3o 2\u00ba andar, corredor da dire\u00e7\u00e3o, 4\u00aa porta \u00e0 esquerda Atendimento Presencial Somente mediante agendamento pr\u00e9vio, pelo e-mail acima<\/p>\n","protected":false},"author":1208,"featured_media":0,"parent":0,"menu_order":6,"comment_status":"closed","ping_status":"closed","template":"","meta":{"footnotes":""},"class_list":["post-28","page","type-page","status-publish","hentry"],"_links":{"self":[{"href":"https:\/\/wp.ufpel.edu.br\/coremu\/wp-json\/wp\/v2\/pages\/28","targetHints":{"allow":["GET"]}}],"collection":[{"href":"https:\/\/wp.ufpel.edu.br\/coremu\/wp-json\/wp\/v2\/pages"}],"about":[{"href":"https:\/\/wp.ufpel.edu.br\/coremu\/wp-json\/wp\/v2\/types\/page"}],"author":[{"embeddable":true,"href":"https:\/\/wp.ufpel.edu.br\/coremu\/wp-json\/wp\/v2\/users\/1208"}],"replies":[{"embeddable":true,"href":"https:\/\/wp.ufpel.edu.br\/coremu\/wp-json\/wp\/v2\/comments?post=28"}],"version-history":[{"count":9,"href":"https:\/\/wp.ufpel.edu.br\/coremu\/wp-json\/wp\/v2\/pages\/28\/revisions"}],"predecessor-version":[{"id":1027,"href":"https:\/\/wp.ufpel.edu.br\/coremu\/wp-json\/wp\/v2\/pages\/28\/revisions\/1027"}],"wp:attachment":[{"href":"https:\/\/wp.ufpel.edu.br\/coremu\/wp-json\/wp\/v2\/media?parent=28"}],"curies":[{"name":"wp","href":"https:\/\/api.w.org\/{rel}","templated":true}]}}