{"id":272,"date":"2022-02-18T14:54:06","date_gmt":"2022-02-18T17:54:06","guid":{"rendered":"https:\/\/wp.ufpel.edu.br\/coremu\/?page_id=272"},"modified":"2022-02-23T16:21:21","modified_gmt":"2022-02-23T19:21:21","slug":"matriculas","status":"publish","type":"page","link":"https:\/\/wp.ufpel.edu.br\/coremu\/processos-seletivos\/anteriores\/processo-seletivo-2021-ingresso-2022\/matriculas\/","title":{"rendered":"Matr\u00edculas"},"content":{"rendered":"<h2>Documentos para matr\u00edculas:<\/h2>\n<p><a href=\"https:\/\/wp.ufpel.edu.br\/coremu\/files\/2022\/02\/Orientacoes-para-as-matriculas.pdf\">Orienta\u00e7\u00f5es para as matr\u00edculas<\/a> (18\/02\/2022)<\/p>\n<p><a href=\"https:\/\/wp.ufpel.edu.br\/coremu\/files\/2022\/02\/Ficha-Financeira-para-preenchimento.docx\">Ficha Financeira para preenchimento<\/a> (18\/02\/2022)<\/p>\n<p><a href=\"https:\/\/wp.ufpel.edu.br\/coremu\/files\/2022\/02\/Declaracao-Moradia.pdf\">Declara\u00e7\u00e3o Moradia<\/a> (18\/02\/2022)<\/p>\n<p><a href=\"https:\/\/wp.ufpel.edu.br\/coremu\/files\/2022\/02\/SEGUNDA-CHAMADA-Orientacoes-para-as-matriculas.pdf\">SEGUNDA CHAMADA &#8211; Orienta\u00e7\u00f5es para as matr\u00edculas<\/a> (23\/02\/2022)<\/p>\n<p><a href=\"https:\/\/wp.ufpel.edu.br\/coremu\/files\/2022\/02\/TERAPIA-OCUPACIONAL-PRIMEIRA-CHAMADA-Orientacoes-para-as-matriculas.pdf\">TERAPIA OCUPACIONAL PRIMEIRA CHAMADA &#8211; Orienta\u00e7\u00f5es para as matr\u00edculas<\/a> (23\/02\/2022)<\/p>\n<h2>Formul\u00e1rios eletr\u00f4nicos para preenchimento e envio de documenta\u00e7\u00e3o (links tamb\u00e9m disponibilizados no documento &#8220;orienta\u00e7\u00f5es para as matr\u00edculas&#8221;):<\/h2>\n<p><a href=\"https:\/\/docs.google.com\/forms\/d\/e\/1FAIpQLSdoNscw72TgfITkSQVHwcuRGTAM08q6A1WXwourQjoTeSotAg\/viewform?usp=sf_link\">https:\/\/docs.google.com\/forms\/d\/e\/1FAIpQLSdoNscw72TgfITkSQVHwcuRGTAM08q6A1WXwourQjoTeSotAg\/viewform?usp=sf_link<\/a><\/p>\n<p><a href=\"https:\/\/docs.google.com\/forms\/d\/e\/1FAIpQLSdSDLV9akUUvjFr-aQCaitC451eAVmsfgC47IeZBEDiEIFkRg\/viewform?usp=sf_link\">https:\/\/docs.google.com\/forms\/d\/e\/1FAIpQLSdSDLV9akUUvjFr-aQCaitC451eAVmsfgC47IeZBEDiEIFkRg\/viewform?usp=sf_link<\/a><\/p>\n<p>&nbsp;<\/p>\n<p>&nbsp;<\/p>\n","protected":false},"excerpt":{"rendered":"<p>Documentos para matr\u00edculas: Orienta\u00e7\u00f5es para as matr\u00edculas (18\/02\/2022) Ficha Financeira para preenchimento (18\/02\/2022) Declara\u00e7\u00e3o Moradia (18\/02\/2022) SEGUNDA CHAMADA &#8211; Orienta\u00e7\u00f5es para as matr\u00edculas (23\/02\/2022) TERAPIA OCUPACIONAL PRIMEIRA CHAMADA &#8211; Orienta\u00e7\u00f5es para as matr\u00edculas (23\/02\/2022) Formul\u00e1rios eletr\u00f4nicos para preenchimento e envio de documenta\u00e7\u00e3o (links tamb\u00e9m disponibilizados no documento &#8220;orienta\u00e7\u00f5es para as matr\u00edculas&#8221;): https:\/\/docs.google.com\/forms\/d\/e\/1FAIpQLSdoNscw72TgfITkSQVHwcuRGTAM08q6A1WXwourQjoTeSotAg\/viewform?usp=sf_link https:\/\/docs.google.com\/forms\/d\/e\/1FAIpQLSdSDLV9akUUvjFr-aQCaitC451eAVmsfgC47IeZBEDiEIFkRg\/viewform?usp=sf_link &nbsp; &nbsp;<\/p>\n","protected":false},"author":1209,"featured_media":0,"parent":54,"menu_order":4,"comment_status":"closed","ping_status":"closed","template":"","meta":{"footnotes":""},"class_list":["post-272","page","type-page","status-publish","hentry"],"_links":{"self":[{"href":"https:\/\/wp.ufpel.edu.br\/coremu\/wp-json\/wp\/v2\/pages\/272","targetHints":{"allow":["GET"]}}],"collection":[{"href":"https:\/\/wp.ufpel.edu.br\/coremu\/wp-json\/wp\/v2\/pages"}],"about":[{"href":"https:\/\/wp.ufpel.edu.br\/coremu\/wp-json\/wp\/v2\/types\/page"}],"author":[{"embeddable":true,"href":"https:\/\/wp.ufpel.edu.br\/coremu\/wp-json\/wp\/v2\/users\/1209"}],"replies":[{"embeddable":true,"href":"https:\/\/wp.ufpel.edu.br\/coremu\/wp-json\/wp\/v2\/comments?post=272"}],"version-history":[{"count":8,"href":"https:\/\/wp.ufpel.edu.br\/coremu\/wp-json\/wp\/v2\/pages\/272\/revisions"}],"predecessor-version":[{"id":310,"href":"https:\/\/wp.ufpel.edu.br\/coremu\/wp-json\/wp\/v2\/pages\/272\/revisions\/310"}],"up":[{"embeddable":true,"href":"https:\/\/wp.ufpel.edu.br\/coremu\/wp-json\/wp\/v2\/pages\/54"}],"wp:attachment":[{"href":"https:\/\/wp.ufpel.edu.br\/coremu\/wp-json\/wp\/v2\/media?parent=272"}],"curies":[{"name":"wp","href":"https:\/\/api.w.org\/{rel}","templated":true}]}}