{"id":250,"date":"2022-02-17T10:41:56","date_gmt":"2022-02-17T13:41:56","guid":{"rendered":"https:\/\/wp.ufpel.edu.br\/coremu\/?page_id=250"},"modified":"2022-02-23T09:42:24","modified_gmt":"2022-02-23T12:42:24","slug":"resultado-final-definitivo","status":"publish","type":"page","link":"https:\/\/wp.ufpel.edu.br\/coremu\/processos-seletivos\/anteriores\/processo-seletivo-2021-ingresso-2022\/resultado-final-definitivo\/","title":{"rendered":"Resultado Final DEFINITIVO"},"content":{"rendered":"<h3>Programa de Resid\u00eancia em \u00c1rea Profissional da Sa\u00fade: Medicina Veterin\u00e1ria<\/h3>\n<p><a href=\"https:\/\/wp.ufpel.edu.br\/coremu\/files\/2022\/02\/Resultado-Final-DEFINITIVO-Anestesiologia.pdf\">Resultado Final DEFINITIVO &#8211; Anestesiologia<\/a> (17\/02\/2022)<\/p>\n<p><a href=\"https:\/\/wp.ufpel.edu.br\/coremu\/files\/2022\/02\/Resultado-Final-DEFINITIVO-Clinica-Cirurgica-em-Animais-de-Companhia.pdf\">Resultado Final DEFINITIVO &#8211; Cl\u00ednica Cir\u00fargica em Animais de Companhia<\/a> (17\/02\/2022)<\/p>\n<p><a href=\"https:\/\/wp.ufpel.edu.br\/coremu\/files\/2022\/02\/Resultado-Final-DEFINITIVO-Clinica-Medica-de-Equinos.pdf\">Resultado Final DEFINITIVO &#8211; Cl\u00ednica M\u00e9dica de Equinos<\/a> (17\/02\/2022)<\/p>\n<p><a href=\"https:\/\/wp.ufpel.edu.br\/coremu\/files\/2022\/02\/Resultado-Final-DEFINITIVO-Clinica-Medica-de-Ruminantes.pdf\">Resultado Final DEFINITIVO &#8211; Cl\u00ednica M\u00e9dica de Ruminantes<\/a> (17\/02\/2022)<\/p>\n<p><a href=\"https:\/\/wp.ufpel.edu.br\/coremu\/files\/2022\/02\/Resultado-Final-DEFINITIVO-Clinica-Medica-em-Animais-de-Companhia.pdf\">Resultado Final DEFINITIVO &#8211; Cl\u00ednica M\u00e9dica em Animais de Companhia<\/a> (17\/02\/2022)<\/p>\n<p><a href=\"https:\/\/wp.ufpel.edu.br\/coremu\/files\/2022\/02\/Resultado-Final-DEFINITIVO-Diagnostico-por-Imagem.pdf\">Resultado Final DEFINITIVO &#8211; Diagn\u00f3stico por Imagem<\/a> (17\/02\/2022)<\/p>\n<p><a href=\"https:\/\/wp.ufpel.edu.br\/coremu\/files\/2022\/02\/Resultado-Final-DEFINITIVO-Doencas-e-Zoonoses-Parasitarias.pdf\">Resultado Final DEFINITIVO &#8211; Doen\u00e7as e Zoonoses Parasit\u00e1rias<\/a> (17\/02\/2022)<\/p>\n<p><a href=\"https:\/\/wp.ufpel.edu.br\/coremu\/files\/2022\/02\/Resultado-Final-DEFINITIVO-Inspecao-de-Leite-e-Derivados.pdf\">Resultado Final DEFINITIVO &#8211; Inspe\u00e7\u00e3o de Leite e Derivados<\/a> (17\/02\/2022)<\/p>\n<p><a href=\"https:\/\/wp.ufpel.edu.br\/coremu\/files\/2022\/02\/Resultado-Final-DEFINITIVO-Medicina-de-Animais-Silvestres.pdf\">Resultado Final DEFINITIVO &#8211; Medicina de Animais Silvestres<\/a> (17\/02\/2022)<\/p>\n<p><a href=\"https:\/\/wp.ufpel.edu.br\/coremu\/files\/2022\/02\/Resultado-Final-DEFINITIVO-Patologia-Clinica-Veterinaria.pdf\">Resultado Final DEFINITIVO &#8211; Patologia Cl\u00ednica Veterin\u00e1ria<\/a> (17\/02\/2022)<\/p>\n<p><a href=\"https:\/\/wp.ufpel.edu.br\/coremu\/files\/2022\/02\/Resultado-Final-DEFINITIVO-Pet-Terapia-Intervencoes-Assistidas-por-Animais.pdf\">Resultado Final DEFINITIVO &#8211; Pet Terapia &#8211; Interven\u00e7\u00f5es Assistidas por Animais<\/a> (17\/02\/2022)<\/p>\n<p><a href=\"https:\/\/wp.ufpel.edu.br\/coremu\/files\/2022\/02\/Resultado-Final-DEFINITIVO-Saude-Coletiva.pdf\">Resultado Final DEFINITIVO &#8211; Sa\u00fade Coletiva<\/a> (17\/02\/2022)<\/p>\n<p><a href=\"https:\/\/wp.ufpel.edu.br\/coremu\/files\/2022\/02\/Resultado-Final-DEFINITIVO-Patologia-Animal.pdf\">Resultado Final DEFINITIVO &#8211; Patologia Animal<\/a> (18\/02\/2022)<\/p>\n<p>&nbsp;<\/p>\n<h3>Programa de Resid\u00eancia Integrada Multiprofissional em Aten\u00e7\u00e3o \u00e0 Sa\u00fade Oncol\u00f3gica<\/h3>\n<p><a href=\"https:\/\/wp.ufpel.edu.br\/coremu\/files\/2022\/02\/Resultado-Final-DEFINITIVO-Enfermagem.pdf\">Resultado Final DEFINITIVO &#8211; Enfermagem<\/a>\u00a0 (17\/02\/2022)<\/p>\n<p><a href=\"https:\/\/wp.ufpel.edu.br\/coremu\/files\/2022\/02\/Resultado-Final-DEFINITIVO-Odontologia.pdf\">Resultado Final DEFINITIVO &#8211; Odontologia<\/a> (17\/02\/2022)<\/p>\n<p><a href=\"https:\/\/wp.ufpel.edu.br\/coremu\/files\/2022\/02\/Resultado-Final-DEFINITIVO-Terapia-Ocupacional-1.pdf\">Resultado Final DEFINITIVO &#8211; Terapia Ocupacional<\/a> (23\/02\/2022)<\/p>\n","protected":false},"excerpt":{"rendered":"<p>Programa de Resid\u00eancia em \u00c1rea Profissional da Sa\u00fade: Medicina Veterin\u00e1ria Resultado Final DEFINITIVO &#8211; Anestesiologia (17\/02\/2022) Resultado Final DEFINITIVO &#8211; Cl\u00ednica Cir\u00fargica em Animais de Companhia (17\/02\/2022) Resultado Final DEFINITIVO &#8211; Cl\u00ednica M\u00e9dica de Equinos (17\/02\/2022) Resultado Final DEFINITIVO &#8211; Cl\u00ednica M\u00e9dica de Ruminantes (17\/02\/2022) Resultado Final DEFINITIVO &#8211; Cl\u00ednica M\u00e9dica em Animais de Companhia [&hellip;]<\/p>\n","protected":false},"author":1209,"featured_media":0,"parent":54,"menu_order":3,"comment_status":"closed","ping_status":"closed","template":"","meta":{"footnotes":""},"class_list":["post-250","page","type-page","status-publish","hentry"],"_links":{"self":[{"href":"https:\/\/wp.ufpel.edu.br\/coremu\/wp-json\/wp\/v2\/pages\/250","targetHints":{"allow":["GET"]}}],"collection":[{"href":"https:\/\/wp.ufpel.edu.br\/coremu\/wp-json\/wp\/v2\/pages"}],"about":[{"href":"https:\/\/wp.ufpel.edu.br\/coremu\/wp-json\/wp\/v2\/types\/page"}],"author":[{"embeddable":true,"href":"https:\/\/wp.ufpel.edu.br\/coremu\/wp-json\/wp\/v2\/users\/1209"}],"replies":[{"embeddable":true,"href":"https:\/\/wp.ufpel.edu.br\/coremu\/wp-json\/wp\/v2\/comments?post=250"}],"version-history":[{"count":5,"href":"https:\/\/wp.ufpel.edu.br\/coremu\/wp-json\/wp\/v2\/pages\/250\/revisions"}],"predecessor-version":[{"id":293,"href":"https:\/\/wp.ufpel.edu.br\/coremu\/wp-json\/wp\/v2\/pages\/250\/revisions\/293"}],"up":[{"embeddable":true,"href":"https:\/\/wp.ufpel.edu.br\/coremu\/wp-json\/wp\/v2\/pages\/54"}],"wp:attachment":[{"href":"https:\/\/wp.ufpel.edu.br\/coremu\/wp-json\/wp\/v2\/media?parent=250"}],"curies":[{"name":"wp","href":"https:\/\/api.w.org\/{rel}","templated":true}]}}