{"id":22,"date":"2021-12-06T15:50:32","date_gmt":"2021-12-06T18:50:32","guid":{"rendered":"https:\/\/wp.ufpel.edu.br\/coremu\/?page_id=22"},"modified":"2024-09-06T14:04:30","modified_gmt":"2024-09-06T17:04:30","slug":"documentos","status":"publish","type":"page","link":"https:\/\/wp.ufpel.edu.br\/coremu\/documentos\/","title":{"rendered":"Documentos"},"content":{"rendered":"<h2>Formul\u00e1rios e modelos:<\/h2>\n<p><a href=\"https:\/\/wp.ufpel.edu.br\/coremu\/documentos\/formularios-e-modelos\/nucleo-docente-assistencial-dos-programas\/\">N\u00facleo docente-assistencial dos Programas<\/a><\/p>\n<p><a href=\"https:\/\/wp.ufpel.edu.br\/coremu\/documentos\/formularios-e-modelos\/profissionais-residentes\/\">Profissionais Residentes<\/a><\/p>\n<p>&nbsp;<\/p>\n<h2>Manuais:<\/h2>\n<p><a href=\"https:\/\/wp.ufpel.edu.br\/coremu\/documentos\/manuais\/nucleo-docente-assistencial-dos-programas\/\">N\u00facleo docente-assistencial dos Programas<\/a><\/p>\n<p><a href=\"https:\/\/wp.ufpel.edu.br\/coremu\/documentos\/manuais\/profissionais-residentes\/\">Profissionais Residentes<\/a><\/p>\n<p>&nbsp;<\/p>\n<p>&nbsp;<\/p>\n","protected":false},"excerpt":{"rendered":"<p>Formul\u00e1rios e modelos: N\u00facleo docente-assistencial dos Programas Profissionais Residentes &nbsp; Manuais: N\u00facleo docente-assistencial dos Programas Profissionais Residentes &nbsp; &nbsp;<\/p>\n","protected":false},"author":1208,"featured_media":0,"parent":0,"menu_order":4,"comment_status":"closed","ping_status":"closed","template":"","meta":{"footnotes":""},"class_list":["post-22","page","type-page","status-publish","hentry"],"_links":{"self":[{"href":"https:\/\/wp.ufpel.edu.br\/coremu\/wp-json\/wp\/v2\/pages\/22","targetHints":{"allow":["GET"]}}],"collection":[{"href":"https:\/\/wp.ufpel.edu.br\/coremu\/wp-json\/wp\/v2\/pages"}],"about":[{"href":"https:\/\/wp.ufpel.edu.br\/coremu\/wp-json\/wp\/v2\/types\/page"}],"author":[{"embeddable":true,"href":"https:\/\/wp.ufpel.edu.br\/coremu\/wp-json\/wp\/v2\/users\/1208"}],"replies":[{"embeddable":true,"href":"https:\/\/wp.ufpel.edu.br\/coremu\/wp-json\/wp\/v2\/comments?post=22"}],"version-history":[{"count":15,"href":"https:\/\/wp.ufpel.edu.br\/coremu\/wp-json\/wp\/v2\/pages\/22\/revisions"}],"predecessor-version":[{"id":1040,"href":"https:\/\/wp.ufpel.edu.br\/coremu\/wp-json\/wp\/v2\/pages\/22\/revisions\/1040"}],"wp:attachment":[{"href":"https:\/\/wp.ufpel.edu.br\/coremu\/wp-json\/wp\/v2\/media?parent=22"}],"curies":[{"name":"wp","href":"https:\/\/api.w.org\/{rel}","templated":true}]}}