{"id":1808,"date":"2026-02-06T15:20:35","date_gmt":"2026-02-06T18:20:35","guid":{"rendered":"https:\/\/wp.ufpel.edu.br\/coremu\/?page_id=1808"},"modified":"2026-02-11T16:56:51","modified_gmt":"2026-02-11T19:56:51","slug":"convocacoes-enare-2025-2026","status":"publish","type":"page","link":"https:\/\/wp.ufpel.edu.br\/coremu\/processos-seletivos\/processo-seletivo-2025-2026\/convocacoes-enare-2025-2026\/","title":{"rendered":"Convoca\u00e7\u00f5es ENARE 2025\/2026"},"content":{"rendered":"<p><a href=\"https:\/\/wp.ufpel.edu.br\/coremu\/files\/2026\/02\/TERCEIRA-CHAMADA-ONCO.pdf\">TERCEIRA CHAMADA ODONTOLOGIA &#8211; MULTIPROFISSIONAL EM ATEN\u00c7\u00c3O EM ONCOLOGIA<\/a> (publicado em 11\/02\/2026)<\/p>\n<p><a href=\"https:\/\/wp.ufpel.edu.br\/coremu\/files\/2026\/02\/SEGUNDA-CHAMADA-CRIANCA.pdf\">SEGUNDA CHAMADA ODONTOLOGIA &#8211; MULTIPROFISSIONAL EM ATEN\u00c7\u00c3O \u00c0 SA\u00daDE DA CRIAN\u00c7A<\/a> (publicado em 11\/02\/2026)<\/p>\n<p><a href=\"https:\/\/wp.ufpel.edu.br\/coremu\/files\/2026\/02\/SEGUNDA-CHAMADA-ONCO.pdf\">SEGUNDA CHAMADA ENFERMAGEM &#8211; MULTIPROFISSIONAL EM ATEN\u00c7\u00c3O EM ONCOLOGIA<\/a> (publicado em 06\/02\/2026)<\/p>\n<p><a href=\"https:\/\/wp.ufpel.edu.br\/coremu\/files\/2026\/02\/PRIMEIRA-CHAMADA-CTBMF.pdf\">PRIMEIRA CHAMADA &#8211; CIRURGIA E TRAUMATOLOGIA BUCOMAXILOFACIAL<\/a> (publicado em 06\/02\/2026)<\/p>\n<p><a href=\"https:\/\/wp.ufpel.edu.br\/coremu\/files\/2026\/02\/PRIMEIRA-CHAMADA-CRIANCA.pdf\">PRIMEIRA CHAMADA &#8211; MULTIPROFISSIONAL EM ATEN\u00c7\u00c3O \u00c0 SA\u00daDE DA CRIAN\u00c7A<\/a> (publicado em 06\/02\/2026)<\/p>\n<p><a href=\"https:\/\/wp.ufpel.edu.br\/coremu\/files\/2026\/02\/PRIMEIRA-CHAMADA-ONCO.pdf\">PRIMEIRA CHAMADA &#8211; MULTIPROFISSIONAL EM ATEN\u00c7\u00c3O EM ONCOLOGIA<\/a> (publicado em 06\/02\/2026)<\/p>\n<p>&nbsp;<\/p>\n","protected":false},"excerpt":{"rendered":"<p>TERCEIRA CHAMADA ODONTOLOGIA &#8211; MULTIPROFISSIONAL EM ATEN\u00c7\u00c3O EM ONCOLOGIA (publicado em 11\/02\/2026) SEGUNDA CHAMADA ODONTOLOGIA &#8211; MULTIPROFISSIONAL EM ATEN\u00c7\u00c3O \u00c0 SA\u00daDE DA CRIAN\u00c7A (publicado em 11\/02\/2026) SEGUNDA CHAMADA ENFERMAGEM &#8211; MULTIPROFISSIONAL EM ATEN\u00c7\u00c3O EM ONCOLOGIA (publicado em 06\/02\/2026) PRIMEIRA CHAMADA &#8211; CIRURGIA E TRAUMATOLOGIA BUCOMAXILOFACIAL (publicado em 06\/02\/2026) PRIMEIRA CHAMADA &#8211; MULTIPROFISSIONAL EM ATEN\u00c7\u00c3O \u00c0 [&hellip;]<\/p>\n","protected":false},"author":1209,"featured_media":0,"parent":1699,"menu_order":1,"comment_status":"closed","ping_status":"closed","template":"","meta":{"footnotes":""},"class_list":["post-1808","page","type-page","status-publish","hentry"],"_links":{"self":[{"href":"https:\/\/wp.ufpel.edu.br\/coremu\/wp-json\/wp\/v2\/pages\/1808","targetHints":{"allow":["GET"]}}],"collection":[{"href":"https:\/\/wp.ufpel.edu.br\/coremu\/wp-json\/wp\/v2\/pages"}],"about":[{"href":"https:\/\/wp.ufpel.edu.br\/coremu\/wp-json\/wp\/v2\/types\/page"}],"author":[{"embeddable":true,"href":"https:\/\/wp.ufpel.edu.br\/coremu\/wp-json\/wp\/v2\/users\/1209"}],"replies":[{"embeddable":true,"href":"https:\/\/wp.ufpel.edu.br\/coremu\/wp-json\/wp\/v2\/comments?post=1808"}],"version-history":[{"count":3,"href":"https:\/\/wp.ufpel.edu.br\/coremu\/wp-json\/wp\/v2\/pages\/1808\/revisions"}],"predecessor-version":[{"id":1830,"href":"https:\/\/wp.ufpel.edu.br\/coremu\/wp-json\/wp\/v2\/pages\/1808\/revisions\/1830"}],"up":[{"embeddable":true,"href":"https:\/\/wp.ufpel.edu.br\/coremu\/wp-json\/wp\/v2\/pages\/1699"}],"wp:attachment":[{"href":"https:\/\/wp.ufpel.edu.br\/coremu\/wp-json\/wp\/v2\/media?parent=1808"}],"curies":[{"name":"wp","href":"https:\/\/api.w.org\/{rel}","templated":true}]}}