{"id":1732,"date":"2025-12-15T14:53:45","date_gmt":"2025-12-15T17:53:45","guid":{"rendered":"https:\/\/wp.ufpel.edu.br\/coremu\/?page_id=1732"},"modified":"2026-03-20T15:22:29","modified_gmt":"2026-03-20T18:22:29","slug":"pre-matriculas-confirmadas","status":"publish","type":"page","link":"https:\/\/wp.ufpel.edu.br\/coremu\/processos-seletivos\/processo-seletivo-2025-2026\/pre-matriculas-confirmadas\/","title":{"rendered":"R1 2026"},"content":{"rendered":"<h3>PROGRAMA DE RESID\u00caNCIA MULTIPROFISSIONAL EM ATEN\u00c7\u00c3O \u00c0 SA\u00daDE DA CRIAN\u00c7A<\/h3>\n<p>ISABEL SELMO SACCO<br \/>\nJONATHAN LUIZ CHAVES DORNELES<br \/>\nLARYSSA EVELYN SILVA ROCHA<br \/>\nWAGNER DA SILVA OLIVEIRA<\/p>\n<h3>PROGRAMA DE RESID\u00caNCIA MULTIPROFISSIONAL EM ATEN\u00c7\u00c3OEM ONCOLOGIA<\/h3>\n<p>ALINE DA CUNHA BITENCORT<br \/>\nJUAREZ PEREIRA DORNELES JUNIOR<br \/>\nKETLIN GROSSMANN DOS SANTOS<br \/>\nHENRIQUE BUENO DA SILVA<br \/>\nROBERTO LOPES STEPHAN<br \/>\nSHEILA SOARES DA CUNHA<br \/>\nTHOMAS SILVA SOARES<\/p>\n<h3>PROGRAMA DE RESID\u00caNCIA EM CIRURGIA E TRAUMATOLOGIA BUCOMAXILOFAXIAL<\/h3>\n<p>ANAILSON PEREIRA DO NASCIMENTO<br \/>\nWESLEY DANILO DE OLIVEIRA<\/p>\n<h3>PROGRAMA DE RESID\u00caNCIA EM ANESTESIOLOGIA VETERIN\u00c1RIA<\/h3>\n<p>MARIANA VALENTINI CASAGRANDE<br \/>\nMATHEUS AGUIRRES GHELLER<\/p>\n<h3>PROGRAMA DE RESID\u00caNCIA EM CL\u00cdNICA CIR\u00daRGICA EM ANIMAIS DE COMPANHIA<\/h3>\n<p>BRUNO CAETANO URTASSUM<br \/>\nLUAN BLANES LAGNER<\/p>\n<h3>PROGRAMA DE RESID\u00caNCIA EM CL\u00cdNICA M\u00c9DICA EM ANIMAIS DE COMPANHIA<\/h3>\n<p>MIRIAN BRETANHA COUTO<br \/>\nSAMARA DINIZ DE OLIVEIRA<\/p>\n<h3>PROGRAMA DE RESID\u00caNCIA EM CL\u00cdNICA M\u00c9DICA DE EQUINOS<\/h3>\n<p>HENRIQUE MARTINHO GALLIERA<br \/>\nTHAIS FEIJ\u00d3 GOMES<\/p>\n<h3>PROGRAMA DE RESID\u00caNCIA EM CL\u00cdNICA M\u00c9DICA DE RUMINANTES<\/h3>\n<p>IZA\u00da CARDOSO LOPES<\/p>\n<h3>PROGRAMA DE RESID\u00caNCIA EM DIAGN\u00d3STICO POR IMAGEM EM MEDICINA VETERIN\u00c1RIA<\/h3>\n<p>J\u00daLIA SANTOS PRETO DE OLIVEIRA<\/p>\n<h3>PROGRAMA DE RESID\u00caNCIA EM INSPE\u00c7\u00c3O E TECNOLOGIA DE PRODUTOS DE ORIGEM ANIMAL<\/h3>\n<p>MARIA GABRIELA CUSTODIO KOBAYASHI<\/p>\n<h3>PROGRAMA DE RESID\u00caNCIA EM MEDICINA DE ANIMAIS SILVESTRES<\/h3>\n<p>CRISIELE JUNGES RAMGRAB<br \/>\nPEDRO ALMEIDA REZENDE<\/p>\n<h3>PROGRAMA DE RESID\u00caNCIA EM MEDICINA VETERIN\u00c1RIA PREVENTIVA<\/h3>\n<p>JULIA SOMAVILLA LIGNON<br \/>\nLAUREN SILVA MASCARENHAS<\/p>\n<h3>PROGRAMA DE RESID\u00caNCIA EM PATOLOGIA ANIMAL<\/h3>\n<p>MARIANA AYALA GOLDANI<br \/>\nMARTA SANTOS DE MORAES<\/p>\n<h3>PROGRAMA DE RESID\u00caNCIA EM PATOLOGIA CL\u00cdNICA VETERIN\u00c1RIA<\/h3>\n<p>ISABELA DE SOUZA MORALES<\/p>\n<h3>PROGRAMA DE RESID\u00caNCIA EM SA\u00daDE ANIMAL INTEGRADA \u00c0 SA\u00daDE P\u00daBLICA<\/h3>\n<p>MARIANA REIS GOMES<\/p>\n<h3>PROGRAMA DE RESID\u00caNCIA EM SA\u00daDE COLETIVA<\/h3>\n<p>BIBIANA RODRIGUES DE FREITAS<br \/>\nJ\u00c9FERSON LUIZ SILVA DE SOUZA<\/p>\n<p><sup>Publica\u00e7\u00e3o em 15\/12\/2025, atualiza\u00e7\u00e3o em 20\/03\/2026<\/sup><\/p>\n","protected":false},"excerpt":{"rendered":"<p>PROGRAMA DE RESID\u00caNCIA MULTIPROFISSIONAL EM ATEN\u00c7\u00c3O \u00c0 SA\u00daDE DA CRIAN\u00c7A ISABEL SELMO SACCO JONATHAN LUIZ CHAVES DORNELES LARYSSA EVELYN SILVA ROCHA WAGNER DA SILVA OLIVEIRA PROGRAMA DE RESID\u00caNCIA MULTIPROFISSIONAL EM ATEN\u00c7\u00c3OEM ONCOLOGIA ALINE DA CUNHA BITENCORT JUAREZ PEREIRA DORNELES JUNIOR KETLIN GROSSMANN DOS SANTOS HENRIQUE BUENO DA SILVA ROBERTO LOPES STEPHAN SHEILA SOARES DA CUNHA [&hellip;]<\/p>\n","protected":false},"author":1209,"featured_media":0,"parent":1699,"menu_order":3,"comment_status":"closed","ping_status":"closed","template":"","meta":{"footnotes":""},"class_list":["post-1732","page","type-page","status-publish","hentry"],"_links":{"self":[{"href":"https:\/\/wp.ufpel.edu.br\/coremu\/wp-json\/wp\/v2\/pages\/1732","targetHints":{"allow":["GET"]}}],"collection":[{"href":"https:\/\/wp.ufpel.edu.br\/coremu\/wp-json\/wp\/v2\/pages"}],"about":[{"href":"https:\/\/wp.ufpel.edu.br\/coremu\/wp-json\/wp\/v2\/types\/page"}],"author":[{"embeddable":true,"href":"https:\/\/wp.ufpel.edu.br\/coremu\/wp-json\/wp\/v2\/users\/1209"}],"replies":[{"embeddable":true,"href":"https:\/\/wp.ufpel.edu.br\/coremu\/wp-json\/wp\/v2\/comments?post=1732"}],"version-history":[{"count":4,"href":"https:\/\/wp.ufpel.edu.br\/coremu\/wp-json\/wp\/v2\/pages\/1732\/revisions"}],"predecessor-version":[{"id":1861,"href":"https:\/\/wp.ufpel.edu.br\/coremu\/wp-json\/wp\/v2\/pages\/1732\/revisions\/1861"}],"up":[{"embeddable":true,"href":"https:\/\/wp.ufpel.edu.br\/coremu\/wp-json\/wp\/v2\/pages\/1699"}],"wp:attachment":[{"href":"https:\/\/wp.ufpel.edu.br\/coremu\/wp-json\/wp\/v2\/media?parent=1732"}],"curies":[{"name":"wp","href":"https:\/\/api.w.org\/{rel}","templated":true}]}}