{"id":172,"date":"2021-12-16T16:01:28","date_gmt":"2021-12-16T19:01:28","guid":{"rendered":"https:\/\/wp.ufpel.edu.br\/coremu\/?page_id=172"},"modified":"2025-11-28T12:35:46","modified_gmt":"2025-11-28T15:35:46","slug":"publicacoes","status":"publish","type":"page","link":"https:\/\/wp.ufpel.edu.br\/coremu\/publicacoes\/","title":{"rendered":"Defesas"},"content":{"rendered":"<p><strong>Abaixo seguem os passos que devem ser OBRIGATORIAMENTE seguidos pelos Residentes:<\/strong><\/p>\n<p><strong>1) Regras e normatiza\u00e7\u00e3o:<\/strong><\/p>\n<p>As regras de normatiza\u00e7\u00e3o dos trabalhos acad\u00eamicos est\u00e3o dispon\u00edveis\u00a0<a href=\"https:\/\/wp.ufpel.edu.br\/sisbi\/2025\/01\/31\/manual-de-normas-ufpel-para-trabalhos-academicos\/\">AQUI<\/a>.<\/p>\n<p><strong>2) Agendamento de banca de defesa:<\/strong><\/p>\n<p>Todas as defesas dever\u00e3o ser registradas na secretaria da COREMU, no m\u00ednimo 20 (vinte) dias antes da data prevista, para que seja poss\u00edvel a emiss\u00e3o das portarias e documenta\u00e7\u00e3o das bancas.<\/p>\n<p>Esse registro se d\u00e1 pelo envio do formul\u00e1rio constante neste\u00a0<a href=\"https:\/\/wp.ufpel.edu.br\/coremu\/files\/2024\/01\/FORMULARIO-DE-DEFESA10.docx\">link<\/a>, que pode ser encaminhado para o e-mail: coremu@ufpel.edu.br.<\/p>\n<p><strong>3) Procedimentos ap\u00f3s a defesa:<\/strong><\/p>\n<p>3.1 Fazer as corre\u00e7\u00f5es solicitadas pela banca;<\/p>\n<p>3.2 Solicitar emiss\u00e3o da ficha catalogr\u00e1fica do TCR. Para acessar o tutorial,\u00a0<a href=\"https:\/\/wp.ufpel.edu.br\/coremu\/files\/2024\/01\/TUTORIAL-FICHAS-2023-1.pdf\">CLIQUE AQUI<\/a>.<\/p>\n<p>3.3 Preencher o\u00a0<a href=\"https:\/\/wp.ufpel.edu.br\/sisbi\/files\/2024\/02\/Termo-TCC-e-TCCP.pdf\">Termo de autoriza\u00e7\u00e3o para inserir TCC (Gradua\u00e7\u00e3o) e TCCP (Especializa\u00e7\u00e3o) no Sistema de gerenciamento de acervo da UFPel.<\/a><\/p>\n<p><img class=\"wp-image-1035 alignleft\" src=\"https:\/\/wp.ufpel.edu.br\/coremu\/files\/2024\/09\/Sem-titulo-1-400x323.png\" sizes=\"(max-width: 135px) 100vw, 135px\" srcset=\"https:\/\/wp.ufpel.edu.br\/coremu\/files\/2024\/09\/Sem-titulo-1-400x323.png 400w, https:\/\/wp.ufpel.edu.br\/coremu\/files\/2024\/09\/Sem-titulo-1.png 406w\" alt=\"\" width=\"135\" height=\"109\" \/><\/p>\n<p>Marcar\u00a0<strong>sempre<\/strong>\u00a0a op\u00e7\u00e3o \u201c( ) Acesso Restrito: arquivo indispon\u00edvel por 12 meses a contar da data de defesa, podendo ser renovado por igual per\u00edodo mediante envio de solicita\u00e7\u00e3o do orientador, em raz\u00e3o da gera\u00e7\u00e3o de publica\u00e7\u00f5es derivada. \u201d<\/p>\n<p>&nbsp;<\/p>\n<p>3.4 Al\u00e9m disso, todos os Trabalhos de Conclus\u00e3o de Resid\u00eancia dever\u00e3o ter sua vers\u00e3o final e a comprova\u00e7\u00e3o da submiss\u00e3o, encaminhadas \u00e0 COREMU, por meio deste\u00a0<a href=\"https:\/\/docs.google.com\/forms\/d\/e\/1FAIpQLSdddclx1ls91GWG_1GooU8Yy_sbBx46mfYa2WEakQKkf_2jbg\/viewform\">link<\/a>.<\/p>\n<p>3.5 Maiores informa\u00e7\u00f5es, acesse o Manual do Residente dispon\u00edvel\u00a0<a href=\"https:\/\/wp.ufpel.edu.br\/coremu\/files\/2024\/01\/Manual-Residentes-2022-v02.pdf\">AQUI<\/a>.<\/p>\n","protected":false},"excerpt":{"rendered":"<p>Abaixo seguem os passos que devem ser OBRIGATORIAMENTE seguidos pelos Residentes: 1) Regras e normatiza\u00e7\u00e3o: As regras de normatiza\u00e7\u00e3o dos trabalhos acad\u00eamicos est\u00e3o dispon\u00edveis\u00a0AQUI. 2) Agendamento de banca de defesa: Todas as defesas dever\u00e3o ser registradas na secretaria da COREMU, no m\u00ednimo 20 (vinte) dias antes da data prevista, para que seja poss\u00edvel a emiss\u00e3o [&hellip;]<\/p>\n","protected":false},"author":1209,"featured_media":0,"parent":0,"menu_order":7,"comment_status":"closed","ping_status":"closed","template":"","meta":{"footnotes":""},"class_list":["post-172","page","type-page","status-publish","hentry"],"_links":{"self":[{"href":"https:\/\/wp.ufpel.edu.br\/coremu\/wp-json\/wp\/v2\/pages\/172","targetHints":{"allow":["GET"]}}],"collection":[{"href":"https:\/\/wp.ufpel.edu.br\/coremu\/wp-json\/wp\/v2\/pages"}],"about":[{"href":"https:\/\/wp.ufpel.edu.br\/coremu\/wp-json\/wp\/v2\/types\/page"}],"author":[{"embeddable":true,"href":"https:\/\/wp.ufpel.edu.br\/coremu\/wp-json\/wp\/v2\/users\/1209"}],"replies":[{"embeddable":true,"href":"https:\/\/wp.ufpel.edu.br\/coremu\/wp-json\/wp\/v2\/comments?post=172"}],"version-history":[{"count":4,"href":"https:\/\/wp.ufpel.edu.br\/coremu\/wp-json\/wp\/v2\/pages\/172\/revisions"}],"predecessor-version":[{"id":1722,"href":"https:\/\/wp.ufpel.edu.br\/coremu\/wp-json\/wp\/v2\/pages\/172\/revisions\/1722"}],"wp:attachment":[{"href":"https:\/\/wp.ufpel.edu.br\/coremu\/wp-json\/wp\/v2\/media?parent=172"}],"curies":[{"name":"wp","href":"https:\/\/api.w.org\/{rel}","templated":true}]}}