{"id":1713,"date":"2025-11-28T12:22:19","date_gmt":"2025-11-28T15:22:19","guid":{"rendered":"https:\/\/wp.ufpel.edu.br\/coremu\/?page_id=1713"},"modified":"2026-01-09T08:54:03","modified_gmt":"2026-01-09T11:54:03","slug":"qualificacoes-agendadas","status":"publish","type":"page","link":"https:\/\/wp.ufpel.edu.br\/coremu\/publicacoes\/qualificacoes-agendadas\/","title":{"rendered":"Qualifica\u00e7\u00f5es Agendadas"},"content":{"rendered":"<h2>Turmas 2025\/2027<\/h2>\n<p>Qualifica\u00e7\u00e3o de Projeto de Conclus\u00e3o de Resid\u00eancia<\/p>\n<p>Autora: M\u00e1rcia Pl\u00e1 Blasco<\/p>\n<p>Orientadora: Profa. Dra. Fabiane Grecco<\/p>\n<p>Dia: 25\/02\/2026<\/p>\n<p>Hor\u00e1rio: 14h<\/p>\n<p>Local: Faculdade de Veterin\u00b4ria<\/p>\n<p>&nbsp;<\/p>\n","protected":false},"excerpt":{"rendered":"<p>Turmas 2025\/2027 Qualifica\u00e7\u00e3o de Projeto de Conclus\u00e3o de Resid\u00eancia Autora: M\u00e1rcia Pl\u00e1 Blasco Orientadora: Profa. Dra. Fabiane Grecco Dia: 25\/02\/2026 Hor\u00e1rio: 14h Local: Faculdade de Veterin\u00b4ria &nbsp;<\/p>\n","protected":false},"author":1209,"featured_media":0,"parent":172,"menu_order":2,"comment_status":"closed","ping_status":"closed","template":"","meta":{"footnotes":""},"class_list":["post-1713","page","type-page","status-publish","hentry"],"_links":{"self":[{"href":"https:\/\/wp.ufpel.edu.br\/coremu\/wp-json\/wp\/v2\/pages\/1713","targetHints":{"allow":["GET"]}}],"collection":[{"href":"https:\/\/wp.ufpel.edu.br\/coremu\/wp-json\/wp\/v2\/pages"}],"about":[{"href":"https:\/\/wp.ufpel.edu.br\/coremu\/wp-json\/wp\/v2\/types\/page"}],"author":[{"embeddable":true,"href":"https:\/\/wp.ufpel.edu.br\/coremu\/wp-json\/wp\/v2\/users\/1209"}],"replies":[{"embeddable":true,"href":"https:\/\/wp.ufpel.edu.br\/coremu\/wp-json\/wp\/v2\/comments?post=1713"}],"version-history":[{"count":3,"href":"https:\/\/wp.ufpel.edu.br\/coremu\/wp-json\/wp\/v2\/pages\/1713\/revisions"}],"predecessor-version":[{"id":1753,"href":"https:\/\/wp.ufpel.edu.br\/coremu\/wp-json\/wp\/v2\/pages\/1713\/revisions\/1753"}],"up":[{"embeddable":true,"href":"https:\/\/wp.ufpel.edu.br\/coremu\/wp-json\/wp\/v2\/pages\/172"}],"wp:attachment":[{"href":"https:\/\/wp.ufpel.edu.br\/coremu\/wp-json\/wp\/v2\/media?parent=1713"}],"curies":[{"name":"wp","href":"https:\/\/api.w.org\/{rel}","templated":true}]}}