{"id":1704,"date":"2025-11-27T10:15:01","date_gmt":"2025-11-27T13:15:01","guid":{"rendered":"https:\/\/wp.ufpel.edu.br\/coremu\/?page_id=1704"},"modified":"2026-02-12T17:03:40","modified_gmt":"2026-02-12T20:03:40","slug":"convocacoes","status":"publish","type":"page","link":"https:\/\/wp.ufpel.edu.br\/coremu\/processos-seletivos\/processo-seletivo-2025-2026\/convocacoes\/","title":{"rendered":"Convoca\u00e7\u00f5es PS 104\/2025 (Programas da Medicina Veterin\u00e1ria)"},"content":{"rendered":"<p><a href=\"https:\/\/wp.ufpel.edu.br\/coremu\/files\/2026\/02\/TERCEIRA-CHAMADA-CCAC.pdf\">TERCEIRA CHAMADA &#8211; CL\u00cdNICA CIR\u00daRGICA EM ANIMAIS DE COMPANHIA<\/a> (publica\u00e7\u00e3o em 12\/02\/2026)<\/p>\n<p><a href=\"https:\/\/wp.ufpel.edu.br\/coremu\/files\/2026\/02\/SEGUNDA-CHAMADA-CCAC.pdf\">SEGUNDA CHAMADA &#8211; CL\u00cdNICA CIR\u00daRGICA EM ANIMAIS DE COMPANHIA<\/a> (publica\u00e7\u00e3o em 06\/02\/2026)<\/p>\n<p><a href=\"https:\/\/wp.ufpel.edu.br\/coremu\/files\/2026\/02\/SEGUNDA-CHAMADA-CMAC.pdf\">SEGUNDA CHAMADA &#8211; CL\u00cdNICA M\u00c9DICA EM ANIMAIS DE COMPANHIA<\/a> (publica\u00e7\u00e3o em 04\/02\/2026)<\/p>\n<p><a href=\"https:\/\/wp.ufpel.edu.br\/coremu\/files\/2025\/11\/PRIMEIRA-CHAMADA.pdf\">PRIMEIRA CHAMADA<\/a> (publica\u00e7\u00e3o em 27\/11\/2025)<\/p>\n","protected":false},"excerpt":{"rendered":"<p>TERCEIRA CHAMADA &#8211; CL\u00cdNICA CIR\u00daRGICA EM ANIMAIS DE COMPANHIA (publica\u00e7\u00e3o em 12\/02\/2026) SEGUNDA CHAMADA &#8211; CL\u00cdNICA CIR\u00daRGICA EM ANIMAIS DE COMPANHIA (publica\u00e7\u00e3o em 06\/02\/2026) SEGUNDA CHAMADA &#8211; CL\u00cdNICA M\u00c9DICA EM ANIMAIS DE COMPANHIA (publica\u00e7\u00e3o em 04\/02\/2026) PRIMEIRA CHAMADA (publica\u00e7\u00e3o em 27\/11\/2025)<\/p>\n","protected":false},"author":1209,"featured_media":0,"parent":1699,"menu_order":2,"comment_status":"closed","ping_status":"closed","template":"","meta":{"footnotes":""},"class_list":["post-1704","page","type-page","status-publish","hentry"],"_links":{"self":[{"href":"https:\/\/wp.ufpel.edu.br\/coremu\/wp-json\/wp\/v2\/pages\/1704","targetHints":{"allow":["GET"]}}],"collection":[{"href":"https:\/\/wp.ufpel.edu.br\/coremu\/wp-json\/wp\/v2\/pages"}],"about":[{"href":"https:\/\/wp.ufpel.edu.br\/coremu\/wp-json\/wp\/v2\/types\/page"}],"author":[{"embeddable":true,"href":"https:\/\/wp.ufpel.edu.br\/coremu\/wp-json\/wp\/v2\/users\/1209"}],"replies":[{"embeddable":true,"href":"https:\/\/wp.ufpel.edu.br\/coremu\/wp-json\/wp\/v2\/comments?post=1704"}],"version-history":[{"count":3,"href":"https:\/\/wp.ufpel.edu.br\/coremu\/wp-json\/wp\/v2\/pages\/1704\/revisions"}],"predecessor-version":[{"id":1835,"href":"https:\/\/wp.ufpel.edu.br\/coremu\/wp-json\/wp\/v2\/pages\/1704\/revisions\/1835"}],"up":[{"embeddable":true,"href":"https:\/\/wp.ufpel.edu.br\/coremu\/wp-json\/wp\/v2\/pages\/1699"}],"wp:attachment":[{"href":"https:\/\/wp.ufpel.edu.br\/coremu\/wp-json\/wp\/v2\/media?parent=1704"}],"curies":[{"name":"wp","href":"https:\/\/api.w.org\/{rel}","templated":true}]}}