{"id":1699,"date":"2025-11-27T09:47:54","date_gmt":"2025-11-27T12:47:54","guid":{"rendered":"https:\/\/wp.ufpel.edu.br\/coremu\/?page_id=1699"},"modified":"2026-03-25T15:11:52","modified_gmt":"2026-03-25T18:11:52","slug":"processo-seletivo-2025-2026","status":"publish","type":"page","link":"https:\/\/wp.ufpel.edu.br\/coremu\/processos-seletivos\/processo-seletivo-2025-2026\/","title":{"rendered":"Processos Seletivos 2025\/2026 (ENARE E PS 104\/2025)"},"content":{"rendered":"<h2>ENARE 2025\/2026<\/h2>\n<h2>Voc\u00ea foi convocado? <a href=\"https:\/\/wp.ufpel.edu.br\/coremu\/processos-seletivos\/processo-seletivo-2025-2026\/convocacoes-enare-2025-2026\/\">VEJA AQUI<\/a><\/h2>\n<h2>Formul\u00e1rios para pr\u00e9-matr\u00edcula dos aprovados no ENARE 2025\/2026:<\/h2>\n<p>A pr\u00e9-matr\u00edcula demonstra a inten\u00e7\u00e3o no preenchimento da vaga, que s\u00f3 ser\u00e1 efetivada com a assinatura do contrato de resid\u00eancia.<\/p>\n<p>A assinatura do contrato de resid\u00eancia ocorrer\u00e1 de forma presencial, na secretaria da COREMU, EXCLUSIVAMENTE, no per\u00edodo de 23\/02 a 27\/02, no hor\u00e1rio das 9h \u00e0s 12h e das 14h \u00e0s 16h, SOMENTE MEDIANTE AGENDAMENTO.<\/p>\n<p>No ato da assinatura do contrato de resid\u00eancia, o candidato dever\u00e1 apresentar todos os originais dos documentos encaminhados na pr\u00e9-matr\u00edcula para confer\u00eancia e autentica\u00e7\u00e3o administrativa.<\/p>\n<p>Os documentos abaixo dever\u00e3o ser OBRIGATORIAMENTE preenchidos e encaminhados, via e-mail, juntamente com os documentos solicitados para a pr\u00e9-matr\u00edcula, conforme Edital. Al\u00e9m disso, \u00e9 necess\u00e1rio o preenchimento dos formul\u00e1rios eletr\u00f4nicos e documentos abaixo:<\/p>\n<p>1) <a href=\"https:\/\/forms.gle\/Z7DaWsqMV3HwLHxt9\">Para envio de informa\u00e7\u00f5es pessoais<\/a> (abertura ap\u00f3s convoca\u00e7\u00f5es)<\/p>\n<p>2) <a href=\"https:\/\/wp.ufpel.edu.br\/coremu\/files\/2026\/02\/FICHA-FINANCEIRA-RESTRITA.docx\">Ficha de Identifica\u00e7\u00e3o de Residente em Sa\u00fade<\/a> (N\u00c3O PODE PREENCHER \u00c0 M\u00c3O)<\/p>\n<p>3) <a href=\"https:\/\/wp.ufpel.edu.br\/coremu\/files\/2026\/03\/DECLARACAO-DE-MORADIA-2026.pdf\">Declara\u00e7\u00e3o de Moradia<\/a><\/p>\n<p>4) <a href=\"https:\/\/wp.ufpel.edu.br\/coremu\/files\/2026\/02\/TERMO-DE-RESPONSABILIDADE-2-1-1.pdf\">Termo de Responsabilidade<\/a> para acesso aos sistemas do Hospital Escola<\/p>\n<p>&nbsp;<\/p>\n<h2>Sobre a conta banc\u00e1ria:<\/h2>\n<p>Conforme informa\u00e7\u00f5es do Minist\u00e9rio da Sa\u00fade a conta deve seguir as seguintes regras OBRIGATORIAMENTE:<\/p>\n<ul>\n<li>A conta informada deve ser na <strong>modalidade CORRENTE;<\/strong><\/li>\n<li>A conta corrente deve estar\u00a0<strong>ativa, individual (n\u00e3o pode ser conjunta) e sem limite para recebimento;<\/strong><\/li>\n<li>O residente deve\u00a0<strong>informar, separadamente, em cada campo:\u00a0<\/strong>a ag\u00eancia sem o d\u00edgito verificador, a conta corrente e o d\u00edgito verificador da conta corrente (no d\u00edgito verificador, n\u00e3o substituir letras por n\u00fameros);<\/li>\n<li>Recomenda-se que a conta corrente seja nos Bancos Credenciados: 033-Santander ou 237-Bradesco para pagamento das bolsas de resid\u00eancia no primeiro dia \u00faltil do m\u00eas;<\/li>\n<li>N\u00e3o podem ser contas: do banco digital NEXT (Bradesco); e da conta pr\u00e9-paga do Santander, chamada &#8220;Conta Super&#8221; (contas que iniciam com o n\u00famero &#8220;77&#8221;);<\/li>\n<li>Sobre as contas do Banco do Brasil: como n\u00e3o \u00e9 um banco credenciado, o recebimento do valor da bolsa ser\u00e1 feito at\u00e9 o quinto dia \u00faltil, n\u00e3o sendo feito no primeiro dia de pagamento. Aten\u00e7\u00e3o que a conta dever\u00e1 ser na modalidade corrente.<\/li>\n<\/ul>\n<p>&nbsp;<\/p>\n<h2>Desist\u00eancia da Vaga:<\/h2>\n<p>Em caso de desist\u00eancia de vaga por candidato aprovado ou em lista de espera de Programa de Resid\u00eancia, basta preencher o formul\u00e1rio deste <a href=\"https:\/\/forms.gle\/33eCvyUZ7TrKMdfB9\">link<\/a>.<\/p>\n<p>&nbsp;<\/p>\n<h2>Matr\u00edcula por Procura\u00e7\u00e3o:<\/h2>\n<p>Modelo <a href=\"https:\/\/wp.ufpel.edu.br\/coremu\/files\/2026\/02\/Modelo-Procuracao-matricula-programa-1.doc\">AQUI<\/a>.<\/p>\n<p>&nbsp;<\/p>\n<h2>PROCESSO SELETIVO N\u00ba 104\/2025 (INGRESSO NOS PROGRAMAS DA MEDICINA VETERIN\u00c1RIA)<\/h2>\n<h2>Voc\u00ea foi convocado?\u00a0<a href=\"https:\/\/wp.ufpel.edu.br\/coremu\/processos-seletivos\/processo-seletivo-2025-2026\/convocacoes\/\">VEJA AQUI<\/a><\/h2>\n<h2>Formul\u00e1rios para pr\u00e9-matr\u00edcula do Processo Seletivo n\u00ba 104\/2025:<\/h2>\n<p>A pr\u00e9-matr\u00edcula demonstra a inten\u00e7\u00e3o no preenchimento da vaga, que s\u00f3 ser\u00e1 efetivada com a assinatura do contrato de resid\u00eancia.<\/p>\n<p>A assinatura do contrato de resid\u00eancia ocorrer\u00e1 de forma presencial, na secretaria da COREMU, EXCLUSIVAMENTE, no per\u00edodo de 23\/02 a 27\/02, no hor\u00e1rio das 9h \u00e0s 12h e das 14h \u00e0s 16h, SOMENTE MEDIANTE AGENDAMENTO.<\/p>\n<p>No ato da assinatura do contrato de resid\u00eancia, o candidato dever\u00e1 apresentar todos os originais dos documentos encaminhados na pr\u00e9-matr\u00edcula para confer\u00eancia e autentica\u00e7\u00e3o administrativa.<\/p>\n<p>Os documentos abaixo dever\u00e3o ser OBRIGATORIAMENTE preenchidos e encaminhados, via e-mail, juntamente com os documentos solicitados para a pr\u00e9-matr\u00edcula, conforme <a href=\"https:\/\/wp.ufpel.edu.br\/coremu\/files\/2025\/07\/SEI_3138583_Edital_de_selecao_PRPPG_104.pdf\">Edital<\/a>. Al\u00e9m disso, \u00e9 necess\u00e1rio o preenchimento dos formul\u00e1rios eletr\u00f4nicos e documentos abaixo:<\/p>\n<p>1)\u00a0<a href=\"https:\/\/forms.gle\/459cbkFFGuKGrGpF6\">Para envio de informa\u00e7\u00f5es pessoais<\/a><\/p>\n<p>2)\u00a0<a href=\"https:\/\/wp.ufpel.edu.br\/coremu\/files\/2026\/02\/FICHA-FINANCEIRA-RESTRITA.docx\">Ficha de Identifica\u00e7\u00e3o de Residente em Sa\u00fade<\/a> (N\u00c3O PODE PREENCHER \u00c0 M\u00c3O)<\/p>\n<p>3) <a href=\"https:\/\/wp.ufpel.edu.br\/coremu\/files\/2026\/03\/DECLARACAO-DE-MORADIA-2026.pdf\">Declara\u00e7\u00e3o de Moradia<\/a><\/p>\n<p>&nbsp;<\/p>\n<h2>Sobre a conta banc\u00e1ria:<\/h2>\n<p>Conforme informa\u00e7\u00f5es do Minist\u00e9rio da Sa\u00fade a conta deve seguir as seguintes regras OBRIGATORIAMENTE:<\/p>\n<ul>\n<li>A conta informada deve ser na <strong>modalidade CORRENTE;<\/strong><\/li>\n<li>A conta corrente deve estar\u00a0<strong>ativa, individual (n\u00e3o pode ser conjunta) e sem limite para recebimento;<\/strong><\/li>\n<li>O residente deve\u00a0<strong>informar, separadamente, em cada campo:\u00a0<\/strong>a ag\u00eancia sem o d\u00edgito verificador, a conta corrente e o d\u00edgito verificador da conta corrente (no d\u00edgito verificador, n\u00e3o substituir letras por n\u00fameros);<\/li>\n<li>Recomenda-se que a conta corrente seja nos Bancos Credenciados: 033-Santander ou 237-Bradesco para pagamento das bolsas de resid\u00eancia no primeiro dia \u00faltil do m\u00eas;<\/li>\n<li>N\u00e3o podem ser contas: do banco digital NEXT (Bradesco); e da conta pr\u00e9-paga do Santander, chamada &#8220;Conta Super&#8221; (contas que iniciam com o n\u00famero &#8220;77&#8221;);<\/li>\n<li>Sobre as contas do Banco do Brasil: como n\u00e3o \u00e9 um banco credenciado, o recebimento do valor da bolsa ser\u00e1 feito at\u00e9 o quinto dia \u00faltil, n\u00e3o sendo feito no primeiro dia de pagamento. Aten\u00e7\u00e3o que a conta dever\u00e1 ser na modalidade corrente.<\/li>\n<\/ul>\n<p>&nbsp;<\/p>\n<h2>Desist\u00eancia da Vaga:<\/h2>\n<p>Em caso de desist\u00eancia de vaga por candidato aprovado ou em lista de espera de Programa de Resid\u00eancia, basta preencher o formul\u00e1rio deste\u00a0<a href=\"https:\/\/forms.gle\/cujV1a8QSZGDya7v9\">link<\/a>.<\/p>\n<p>&nbsp;<\/p>\n<h2>Matr\u00edcula por Procura\u00e7\u00e3o:<\/h2>\n<p>Modelo <a href=\"https:\/\/wp.ufpel.edu.br\/coremu\/files\/2026\/02\/Modelo-Procuracao-matricula-programa-1.doc\">AQUI<\/a>.<\/p>\n","protected":false},"excerpt":{"rendered":"<p>ENARE 2025\/2026 Voc\u00ea foi convocado? VEJA AQUI Formul\u00e1rios para pr\u00e9-matr\u00edcula dos aprovados no ENARE 2025\/2026: A pr\u00e9-matr\u00edcula demonstra a inten\u00e7\u00e3o no preenchimento da vaga, que s\u00f3 ser\u00e1 efetivada com a assinatura do contrato de resid\u00eancia. A assinatura do contrato de resid\u00eancia ocorrer\u00e1 de forma presencial, na secretaria da COREMU, EXCLUSIVAMENTE, no per\u00edodo de 23\/02 a [&hellip;]<\/p>\n","protected":false},"author":1209,"featured_media":0,"parent":25,"menu_order":3,"comment_status":"closed","ping_status":"closed","template":"","meta":{"footnotes":""},"class_list":["post-1699","page","type-page","status-publish","hentry"],"_links":{"self":[{"href":"https:\/\/wp.ufpel.edu.br\/coremu\/wp-json\/wp\/v2\/pages\/1699","targetHints":{"allow":["GET"]}}],"collection":[{"href":"https:\/\/wp.ufpel.edu.br\/coremu\/wp-json\/wp\/v2\/pages"}],"about":[{"href":"https:\/\/wp.ufpel.edu.br\/coremu\/wp-json\/wp\/v2\/types\/page"}],"author":[{"embeddable":true,"href":"https:\/\/wp.ufpel.edu.br\/coremu\/wp-json\/wp\/v2\/users\/1209"}],"replies":[{"embeddable":true,"href":"https:\/\/wp.ufpel.edu.br\/coremu\/wp-json\/wp\/v2\/comments?post=1699"}],"version-history":[{"count":3,"href":"https:\/\/wp.ufpel.edu.br\/coremu\/wp-json\/wp\/v2\/pages\/1699\/revisions"}],"predecessor-version":[{"id":1865,"href":"https:\/\/wp.ufpel.edu.br\/coremu\/wp-json\/wp\/v2\/pages\/1699\/revisions\/1865"}],"up":[{"embeddable":true,"href":"https:\/\/wp.ufpel.edu.br\/coremu\/wp-json\/wp\/v2\/pages\/25"}],"wp:attachment":[{"href":"https:\/\/wp.ufpel.edu.br\/coremu\/wp-json\/wp\/v2\/media?parent=1699"}],"curies":[{"name":"wp","href":"https:\/\/api.w.org\/{rel}","templated":true}]}}