{"id":16,"date":"2021-12-06T15:35:42","date_gmt":"2021-12-06T18:35:42","guid":{"rendered":"https:\/\/wp.ufpel.edu.br\/coremu\/?page_id=16"},"modified":"2026-03-02T09:25:59","modified_gmt":"2026-03-02T12:25:59","slug":"coordenacao","status":"publish","type":"page","link":"https:\/\/wp.ufpel.edu.br\/coremu\/sobre\/coordenacao\/","title":{"rendered":"Coordena\u00e7\u00e3o e Secretaria da Comiss\u00e3o"},"content":{"rendered":"<h3><b>Coordena\u00e7\u00e3o da COREMU<\/b><\/h3>\n<ul>\n<li>Titular: Prof. Dr. Eduardo Santiago Ventura de Aguiar<\/li>\n<li>Adjunto: Prof. Dr. Leandro Quintana Nizoli<b><br \/>\n<\/b><\/li>\n<\/ul>\n<h3><b>Membros da COREMU<\/b><\/h3>\n<ul>\n<li>Coordenadora do Programa de Resid\u00eancia Multiprofissional em Aten\u00e7\u00e3o em Oncologia \u2013 Prof\u00aa. Dr\u00aa. Camilla Oleiro da Costa<\/li>\n<li>Coordenadora do Programa de Resid\u00eancia Multiprofissional em Aten\u00e7\u00e3o \u00e0 Sa\u00fade da Crian\u00e7a \u2013 Mestre Fl\u00e1via Prietsch Wendt<\/li>\n<li>Coordenador do Programa de Resid\u00eancia em \u00c1rea Profissional da Sa\u00fade em Cirurgia e Traumatologia Bucomaxilofacial &#8211; Prof. Dr. Pedro Azambuja<\/li>\n<li>Coordenador do Programa de Resid\u00eancia em \u00c1rea Profissional da Sa\u00fade em Anestesiologia Veterin\u00e1ria &#8211; Prof. Dr. Martielo Ivan Gehrcke<\/li>\n<li>Coordenador do Programa de Resid\u00eancia em \u00c1rea Profissional da Sa\u00fade em Cl\u00ednica Cir\u00fargica em Animais de Companhia\u00a0 &#8211; Prof. Dr. Eduardo Santiago Ventura de Aguiar<\/li>\n<li>Coordenadora do Programa de Resid\u00eancia em \u00c1rea Profissional da Sa\u00fade em Cl\u00ednica M\u00e9dica em Animais de Companhia &#8211; Profa. Dra. Mariana Cristina Hoeppner Rondelli<\/li>\n<li>Coordenador do Programa de Resid\u00eancia em \u00c1rea Profissional da Sa\u00fade em Cl\u00ednica M\u00e9dica de Equinos\u00a0 &#8211; Dr. Leandro Am\u00e9rico Rafael<\/li>\n<li>Coordenador do Programa de Resid\u00eancia em \u00c1rea Profissional da Sa\u00fade em Cl\u00ednica M\u00e9dica de Ruminantes\u00a0 &#8211; Prof. Dr. Eduardo Schmitt<\/li>\n<li>Coordenador do Programa de Resid\u00eancia em \u00c1rea Profissional da Sa\u00fade em Diagn\u00f3stico por Imagem em Medicina Veterin\u00e1ria\u00a0 &#8211; Prof. Dr. Guilherme Albuquerque de Oliveira Cavalcanti<\/li>\n<li>Coordenadora do Programa de Resid\u00eancia em \u00c1rea Profissional da Sa\u00fade em Inspe\u00e7\u00e3o e Tecnologia de Produtos de Origem Animal &#8211; Profa. Dra. Natacha Deboni Cereser<\/li>\n<li>Coordenadora do Programa de Resid\u00eancia em \u00c1rea Profissional da Sa\u00fade em Medicina de Animais Silvestres &#8211; Profa. Dra. Raqueli Teresinha Fran\u00e7a<\/li>\n<li>Coordenador do Programa de Resid\u00eancia em \u00c1rea Profissional da Sa\u00fade em Medicina Veterin\u00e1ria Preventiva &#8211; Prof. Dr. Leandro Quintana Nizoli<\/li>\n<li>Coordenadora do Programa de Resid\u00eancia em \u00c1rea Profissional da Sa\u00fade em Patologia Animal &#8211; Profa. Dra. Josiane Bonel<\/li>\n<li>Coordenadora do Programa de Resid\u00eancia em \u00c1rea Profissional da Sa\u00fade em Patologia Cl\u00ednica Veterin\u00e1ria &#8211; Profa. Dra. Ana Raquel Mano Meinerz<\/li>\n<li>Coordenadora do Programa de Resid\u00eancia em \u00c1rea Profissional da Sa\u00fade em Sa\u00fade Animal integrada \u00e0 Sa\u00fade P\u00fablica &#8211; Profa. Dra. Marlete Cleff<\/li>\n<li>Coordenador do Programa de Resid\u00eancia em \u00c1rea Profissional da Sa\u00fade em Sa\u00fade Coletiva &#8211; Prof. Dr. Fabio Raphael Pascoti Bruhn<\/li>\n<\/ul>\n<h3>Secretaria da Comiss\u00e3o<\/h3>\n<ul>\n<li>Luciele Santa B\u00e1rbara Soares<\/li>\n<\/ul>\n","protected":false},"excerpt":{"rendered":"<p>Coordena\u00e7\u00e3o da COREMU Titular: Prof. Dr. Eduardo Santiago Ventura de Aguiar Adjunto: Prof. Dr. Leandro Quintana Nizoli Membros da COREMU Coordenadora do Programa de Resid\u00eancia Multiprofissional em Aten\u00e7\u00e3o em Oncologia \u2013 Prof\u00aa. Dr\u00aa. Camilla Oleiro da Costa Coordenadora do Programa de Resid\u00eancia Multiprofissional em Aten\u00e7\u00e3o \u00e0 Sa\u00fade da Crian\u00e7a \u2013 Mestre Fl\u00e1via Prietsch Wendt Coordenador [&hellip;]<\/p>\n","protected":false},"author":1208,"featured_media":0,"parent":10,"menu_order":1,"comment_status":"closed","ping_status":"closed","template":"","meta":{"footnotes":""},"class_list":["post-16","page","type-page","status-publish","hentry"],"_links":{"self":[{"href":"https:\/\/wp.ufpel.edu.br\/coremu\/wp-json\/wp\/v2\/pages\/16","targetHints":{"allow":["GET"]}}],"collection":[{"href":"https:\/\/wp.ufpel.edu.br\/coremu\/wp-json\/wp\/v2\/pages"}],"about":[{"href":"https:\/\/wp.ufpel.edu.br\/coremu\/wp-json\/wp\/v2\/types\/page"}],"author":[{"embeddable":true,"href":"https:\/\/wp.ufpel.edu.br\/coremu\/wp-json\/wp\/v2\/users\/1208"}],"replies":[{"embeddable":true,"href":"https:\/\/wp.ufpel.edu.br\/coremu\/wp-json\/wp\/v2\/comments?post=16"}],"version-history":[{"count":4,"href":"https:\/\/wp.ufpel.edu.br\/coremu\/wp-json\/wp\/v2\/pages\/16\/revisions"}],"predecessor-version":[{"id":1849,"href":"https:\/\/wp.ufpel.edu.br\/coremu\/wp-json\/wp\/v2\/pages\/16\/revisions\/1849"}],"up":[{"embeddable":true,"href":"https:\/\/wp.ufpel.edu.br\/coremu\/wp-json\/wp\/v2\/pages\/10"}],"wp:attachment":[{"href":"https:\/\/wp.ufpel.edu.br\/coremu\/wp-json\/wp\/v2\/media?parent=16"}],"curies":[{"name":"wp","href":"https:\/\/api.w.org\/{rel}","templated":true}]}}