{"id":1521,"date":"2025-04-23T12:45:43","date_gmt":"2025-04-23T15:45:43","guid":{"rendered":"https:\/\/wp.ufpel.edu.br\/coremu\/?page_id=1521"},"modified":"2026-03-09T15:38:42","modified_gmt":"2026-03-09T18:38:42","slug":"1521-2","status":"publish","type":"page","link":"https:\/\/wp.ufpel.edu.br\/coremu\/1521-2\/","title":{"rendered":"Agenda de atendimento presencial"},"content":{"rendered":"<p>Durante o per\u00edodo de 9 a 20 de mar\u00e7o a COREMU, assim como toda a Universidade, estar\u00e1 atendendo em turno \u00fanico, das 8h \u00e0s 12h.<\/p>\n<p>Al\u00e9m disso, considerando o movimento paredista da categoria dos T\u00e9cnicos em Educa\u00e7\u00e3o, os atendimentos presenciais estar\u00e3o suspensos, enquanto durar a greve.<\/p>\n<p>As demandas dever\u00e3o ser encaminhadas UNICAMENTE por e-mail, onde ser\u00e1 dado o devido tratamento.<\/p>\n<p>Qualquer situa\u00e7\u00e3o excepcional, ser\u00e1 tratada conforme a exig\u00eancia da situa\u00e7\u00e3o.<\/p>\n<p>&nbsp;<\/p>\n<p><code><iframe style=\"border-width: 0;\" src=\"https:\/\/calendar.google.com\/calendar\/embed?height=600&amp;wkst=1&amp;ctz=America%2FSao_Paulo&amp;showTz=0&amp;src=Y29yZW11LnVmcGVsQGdtYWlsLmNvbQ&amp;src=cHQtYnIuYnJhemlsaWFuI2hvbGlkYXlAZ3JvdXAudi5jYWxlbmRhci5nb29nbGUuY29t&amp;color=%23039BE5&amp;color=%230B8043\" width=\"700\" height=\"600\" frameborder=\"0\" scrolling=\"no\"><\/iframe><\/code><\/p>\n<p>&nbsp;<\/p>\n","protected":false},"excerpt":{"rendered":"<p>Durante o per\u00edodo de 9 a 20 de mar\u00e7o a COREMU, assim como toda a Universidade, estar\u00e1 atendendo em turno \u00fanico, das 8h \u00e0s 12h. Al\u00e9m disso, considerando o movimento paredista da categoria dos T\u00e9cnicos em Educa\u00e7\u00e3o, os atendimentos presenciais estar\u00e3o suspensos, enquanto durar a greve. As demandas dever\u00e3o ser encaminhadas UNICAMENTE por e-mail, onde [&hellip;]<\/p>\n","protected":false},"author":1208,"featured_media":0,"parent":0,"menu_order":2,"comment_status":"closed","ping_status":"closed","template":"","meta":{"footnotes":""},"class_list":["post-1521","page","type-page","status-publish","hentry"],"_links":{"self":[{"href":"https:\/\/wp.ufpel.edu.br\/coremu\/wp-json\/wp\/v2\/pages\/1521","targetHints":{"allow":["GET"]}}],"collection":[{"href":"https:\/\/wp.ufpel.edu.br\/coremu\/wp-json\/wp\/v2\/pages"}],"about":[{"href":"https:\/\/wp.ufpel.edu.br\/coremu\/wp-json\/wp\/v2\/types\/page"}],"author":[{"embeddable":true,"href":"https:\/\/wp.ufpel.edu.br\/coremu\/wp-json\/wp\/v2\/users\/1208"}],"replies":[{"embeddable":true,"href":"https:\/\/wp.ufpel.edu.br\/coremu\/wp-json\/wp\/v2\/comments?post=1521"}],"version-history":[{"count":5,"href":"https:\/\/wp.ufpel.edu.br\/coremu\/wp-json\/wp\/v2\/pages\/1521\/revisions"}],"predecessor-version":[{"id":1854,"href":"https:\/\/wp.ufpel.edu.br\/coremu\/wp-json\/wp\/v2\/pages\/1521\/revisions\/1854"}],"wp:attachment":[{"href":"https:\/\/wp.ufpel.edu.br\/coremu\/wp-json\/wp\/v2\/media?parent=1521"}],"curies":[{"name":"wp","href":"https:\/\/api.w.org\/{rel}","templated":true}]}}