{"id":1426,"date":"2025-02-20T11:07:54","date_gmt":"2025-02-20T14:07:54","guid":{"rendered":"https:\/\/wp.ufpel.edu.br\/coremu\/?page_id=1426"},"modified":"2025-02-20T12:38:56","modified_gmt":"2025-02-20T15:38:56","slug":"quer-estagiar-conosco","status":"publish","type":"page","link":"https:\/\/wp.ufpel.edu.br\/coremu\/quer-estagiar-conosco\/","title":{"rendered":"QUER ESTAGIAR CONOSCO?"},"content":{"rendered":"<p>Entre em contato pelo e-mail: coremu@ufpel.edu.br<\/p>\n<p>&nbsp;<\/p>\n<p>Documenta\u00e7\u00e3o necess\u00e1ria em caso de aceite:<\/p>\n<ul>\n<li>preenchimento do termo de Compromisso (modelo da UFPel);<\/li>\n<li>ap\u00f3lice de seguro v\u00e1lida para acidente pessoal, morte, invalidez permanente ou parcial;<\/li>\n<li>carta de apresenta\u00e7\u00e3o da Institui\u00e7\u00e3o de origem;<\/li>\n<li>documento de identifica\u00e7\u00e3o com foto;<\/li>\n<li>carteira de vacina\u00e7\u00e3o com a comprova\u00e7\u00e3o das doses de: antitet\u00e2nica (para todos os profissionais), antirr\u00e1bica (somente para veterin\u00e1rios), hepatite B (exceto para veterin\u00e1rios);<\/li>\n<li>comprovante de registro no conselho profissional da categoria, com validade para atuar no Rio Grande do Sul. &#8211; RS.<\/li>\n<li>preenchimento do <a href=\"https:\/\/forms.gle\/2vBzehxKvHMgmyzY6\">link<\/a>.<\/li>\n<\/ul>\n","protected":false},"excerpt":{"rendered":"<p>Entre em contato pelo e-mail: coremu@ufpel.edu.br &nbsp; Documenta\u00e7\u00e3o necess\u00e1ria em caso de aceite: preenchimento do termo de Compromisso (modelo da UFPel); ap\u00f3lice de seguro v\u00e1lida para acidente pessoal, morte, invalidez permanente ou parcial; carta de apresenta\u00e7\u00e3o da Institui\u00e7\u00e3o de origem; documento de identifica\u00e7\u00e3o com foto; carteira de vacina\u00e7\u00e3o com a comprova\u00e7\u00e3o das doses de: antitet\u00e2nica [&hellip;]<\/p>\n","protected":false},"author":1208,"featured_media":0,"parent":0,"menu_order":7,"comment_status":"closed","ping_status":"closed","template":"","meta":{"footnotes":""},"class_list":["post-1426","page","type-page","status-publish","hentry"],"_links":{"self":[{"href":"https:\/\/wp.ufpel.edu.br\/coremu\/wp-json\/wp\/v2\/pages\/1426","targetHints":{"allow":["GET"]}}],"collection":[{"href":"https:\/\/wp.ufpel.edu.br\/coremu\/wp-json\/wp\/v2\/pages"}],"about":[{"href":"https:\/\/wp.ufpel.edu.br\/coremu\/wp-json\/wp\/v2\/types\/page"}],"author":[{"embeddable":true,"href":"https:\/\/wp.ufpel.edu.br\/coremu\/wp-json\/wp\/v2\/users\/1208"}],"replies":[{"embeddable":true,"href":"https:\/\/wp.ufpel.edu.br\/coremu\/wp-json\/wp\/v2\/comments?post=1426"}],"version-history":[{"count":7,"href":"https:\/\/wp.ufpel.edu.br\/coremu\/wp-json\/wp\/v2\/pages\/1426\/revisions"}],"predecessor-version":[{"id":1434,"href":"https:\/\/wp.ufpel.edu.br\/coremu\/wp-json\/wp\/v2\/pages\/1426\/revisions\/1434"}],"wp:attachment":[{"href":"https:\/\/wp.ufpel.edu.br\/coremu\/wp-json\/wp\/v2\/media?parent=1426"}],"curies":[{"name":"wp","href":"https:\/\/api.w.org\/{rel}","templated":true}]}}