{"id":1410,"date":"2025-02-11T14:24:49","date_gmt":"2025-02-11T17:24:49","guid":{"rendered":"https:\/\/wp.ufpel.edu.br\/coremu\/?page_id=1410"},"modified":"2026-03-20T15:24:55","modified_gmt":"2026-03-20T18:24:55","slug":"matriculados","status":"publish","type":"page","link":"https:\/\/wp.ufpel.edu.br\/coremu\/processos-seletivos\/anteriores\/processo-seletivo-2024-2025\/matriculados\/","title":{"rendered":"R1 2025"},"content":{"rendered":"<h2>Programas de Resid\u00eancia em \u00c1rea Profissional da Sa\u00fade<\/h2>\n<h3>Anestesiologia Veterin\u00e1ria<\/h3>\n<p>K\u00e1ssia Martins Machado<\/p>\n<p>Rafaela Amestoy de Oliveira<\/p>\n<p>&nbsp;<\/p>\n<h3>Cl\u00ednica Cir\u00fargica em Animais de Companhia<\/h3>\n<p>Jo\u00e3o Pedro Sanches de \u00c1vila<\/p>\n<p>Kelvin Mateus Oliveira Santos<\/p>\n<p>&nbsp;<\/p>\n<h3>Cl\u00ednica M\u00e9dica em Animais de Companhia<\/h3>\n<p>Eliza Moreira Piemolini<\/p>\n<p>Amanda Flores de Souza<\/p>\n<p>&nbsp;<\/p>\n<h3>Cl\u00ednica M\u00e9dica de Equinos<\/h3>\n<p>Gustavo Eduardo Zeni<\/p>\n<p>Julia Enderli do Nascimento<\/p>\n<p>&nbsp;<\/p>\n<h3>Cl\u00ednica M\u00e9dica de Ruminantes<\/h3>\n<p>Emerson Mendes de Souza<\/p>\n<p>&nbsp;<\/p>\n<h3>Diagn\u00f3stico por Imagem em Medicina Veterin\u00e1ria<\/h3>\n<p>Wesley Gomes de Almeida<\/p>\n<p>&nbsp;<\/p>\n<h3>Inspe\u00e7\u00e3o e Tecnologia de Produtos de Origem Animal<\/h3>\n<p>Larissa Jord\u00e3o de Arruda C\u00e2mara<\/p>\n<p>&nbsp;<\/p>\n<h3>Medicina de Animais Silvestres<\/h3>\n<p>Daniele Gehres<\/p>\n<p>Bianca Cherem Corni<\/p>\n<p>&nbsp;<\/p>\n<h3>Medicina Veterin\u00e1ria Preventiva<\/h3>\n<p>Jana\u00edna Fadrique da Silva<\/p>\n<p>Maiza Paix\u00e3o Souza<\/p>\n<p>&nbsp;<\/p>\n<h3>Patologia Animal<\/h3>\n<p>M\u00e1rcia Pl\u00e1 Blasco<\/p>\n<p>Laura Vieira Borges (desistente)<\/p>\n<p>&nbsp;<\/p>\n<h3>Patologia Cl\u00ednica Veterin\u00e1ria<\/h3>\n<p>Talita Vit\u00f3ria Oliveira Fabossa<\/p>\n<p>&nbsp;<\/p>\n<h3>Sa\u00fade Animal Integrada \u00e0 Sa\u00fade P\u00fablica<\/h3>\n<p>Alessandra Aguiar de Andrade<\/p>\n<p>&nbsp;<\/p>\n<h3>Sa\u00fade Coletiva<\/h3>\n<p>Graziele Silveira da Costa<\/p>\n<p>Gabriela Caroline Duarte<\/p>\n<p>&nbsp;<\/p>\n<h3>Cirurgia e Traumatologia Bucomaxilofacial<\/h3>\n<p>Maria Luiza Oliveira da Silva<\/p>\n<p>Anna Thaise Dias de Mota Paiva<\/p>\n<p>&nbsp;<\/p>\n<h2>Programa de Resid\u00eancia Multiprofissional<\/h2>\n<h3>Aten\u00e7\u00e3o em Oncologia<\/h3>\n<h3>Enfermagem<\/h3>\n<p>Laura Reinaldo Fuhr<\/p>\n<p>Yasmin Bastos Cargnin<\/p>\n<p>&nbsp;<\/p>\n<h3>Farm\u00e1cia<\/h3>\n<p>Aline M\u00fcller Dostatni<\/p>\n<p>Julia da Silva Chaves<\/p>\n<p>&nbsp;<\/p>\n<h3>Odontologia<\/h3>\n<p>Salma Rose Buchnveitz Salybi (desistente)<\/p>\n<p>L\u00edvia Raquel de Oliveira Rosa<\/p>\n<p>&nbsp;<\/p>\n<h3>Terapia Ocupacional<\/h3>\n<p>Raillane de Oliveira Marques<\/p>\n<p>Milena Hernandes Silva<\/p>\n<p>&nbsp;<\/p>\n<p><span style=\"font-size: 8pt;\"><span style=\"font-size: 10pt;\">Atualiza\u00e7\u00e3o em 20\/03\/2026<\/span><\/span><\/p>\n<p>&nbsp;<\/p>\n","protected":false},"excerpt":{"rendered":"<p>Programas de Resid\u00eancia em \u00c1rea Profissional da Sa\u00fade Anestesiologia Veterin\u00e1ria K\u00e1ssia Martins Machado Rafaela Amestoy de Oliveira &nbsp; Cl\u00ednica Cir\u00fargica em Animais de Companhia Jo\u00e3o Pedro Sanches de \u00c1vila Kelvin Mateus Oliveira Santos &nbsp; Cl\u00ednica M\u00e9dica em Animais de Companhia Eliza Moreira Piemolini Amanda Flores de Souza &nbsp; Cl\u00ednica M\u00e9dica de Equinos Gustavo Eduardo Zeni [&hellip;]<\/p>\n","protected":false},"author":1208,"featured_media":0,"parent":1018,"menu_order":2,"comment_status":"closed","ping_status":"closed","template":"","meta":{"footnotes":""},"class_list":["post-1410","page","type-page","status-publish","hentry"],"_links":{"self":[{"href":"https:\/\/wp.ufpel.edu.br\/coremu\/wp-json\/wp\/v2\/pages\/1410","targetHints":{"allow":["GET"]}}],"collection":[{"href":"https:\/\/wp.ufpel.edu.br\/coremu\/wp-json\/wp\/v2\/pages"}],"about":[{"href":"https:\/\/wp.ufpel.edu.br\/coremu\/wp-json\/wp\/v2\/types\/page"}],"author":[{"embeddable":true,"href":"https:\/\/wp.ufpel.edu.br\/coremu\/wp-json\/wp\/v2\/users\/1208"}],"replies":[{"embeddable":true,"href":"https:\/\/wp.ufpel.edu.br\/coremu\/wp-json\/wp\/v2\/comments?post=1410"}],"version-history":[{"count":4,"href":"https:\/\/wp.ufpel.edu.br\/coremu\/wp-json\/wp\/v2\/pages\/1410\/revisions"}],"predecessor-version":[{"id":1863,"href":"https:\/\/wp.ufpel.edu.br\/coremu\/wp-json\/wp\/v2\/pages\/1410\/revisions\/1863"}],"up":[{"embeddable":true,"href":"https:\/\/wp.ufpel.edu.br\/coremu\/wp-json\/wp\/v2\/pages\/1018"}],"wp:attachment":[{"href":"https:\/\/wp.ufpel.edu.br\/coremu\/wp-json\/wp\/v2\/media?parent=1410"}],"curies":[{"name":"wp","href":"https:\/\/api.w.org\/{rel}","templated":true}]}}