{"id":131,"date":"2021-12-14T09:09:24","date_gmt":"2021-12-14T12:09:24","guid":{"rendered":"https:\/\/wp.ufpel.edu.br\/coremu\/?page_id=131"},"modified":"2022-01-03T15:09:51","modified_gmt":"2022-01-03T18:09:51","slug":"convocacao-segunda-fase","status":"publish","type":"page","link":"https:\/\/wp.ufpel.edu.br\/coremu\/processos-seletivos\/anteriores\/processo-seletivo-2021-ingresso-2022\/convocacao-segunda-fase\/","title":{"rendered":"Convoca\u00e7\u00e3o Segunda Fase"},"content":{"rendered":"<h3>Programa de Resid\u00eancia Integrada Multiprofissional em Aten\u00e7\u00e3o \u00e0 Sa\u00fade Oncol\u00f3gica<\/h3>\n<p><a href=\"https:\/\/wp.ufpel.edu.br\/coremu\/files\/2022\/01\/RETIFICACAO-Convocacao-para-a-Segunda-Fase-Enfermagem.pdf\">RETIFICA\u00c7\u00c3O &#8211; Convoca\u00e7\u00e3o para a Segunda Fase &#8211; Enfermagem<\/a> (03\/01\/2022)<br \/>\n<a href=\"https:\/\/wp.ufpel.edu.br\/coremu\/files\/2021\/12\/Convocacao-para-a-Segunda-Fase-Odontologia.pdf\">Convoca\u00e7\u00e3o para a Segunda Fase &#8211; Odontologia<\/a> (14\/12\/2021)<br \/>\n<a href=\"https:\/\/wp.ufpel.edu.br\/coremu\/files\/2021\/12\/Convocacao-para-a-Segunda-Fase-Terapia-Ocupacional.pdf\">Convoca\u00e7\u00e3o para a Segunda Fase &#8211; Terapia Ocupacional<\/a> (14\/12\/2021)<\/p>\n<h3>Programas de Resid\u00eancia em \u00c1rea Profissional da Sa\u00fade: Medicina Veterin\u00e1ria<\/h3>\n<p><a href=\"https:\/\/wp.ufpel.edu.br\/coremu\/files\/2021\/12\/Convocacao-para-a-Segunda-Fase-Anestesiologia.pdf\">Convoca\u00e7\u00e3o para a Segunda Fase &#8211; Anestesiologia<\/a> (14\/12\/2021)<br \/>\n<a href=\"https:\/\/wp.ufpel.edu.br\/coremu\/files\/2021\/12\/Convocacao-para-a-Segunda-Fase-Clinica-Cirurgica-em-Animais-de-Companhia.pdf\">Convoca\u00e7\u00e3o para a Segunda Fase &#8211; Cl\u00ednica Cir\u00fargica em Animais de Companhia<\/a> (14\/12\/2021)<br \/>\n<a href=\"https:\/\/wp.ufpel.edu.br\/coremu\/files\/2021\/12\/Convocacao-para-a-Segunda-Fase-Clinica-Medica-de-Equinos.pdf\">Convoca\u00e7\u00e3o para a Segunda Fase &#8211; Cl\u00ednica M\u00e9dica de Equinos<\/a> (14\/12\/2021)<br \/>\n<a href=\"https:\/\/wp.ufpel.edu.br\/coremu\/files\/2021\/12\/Convocacao-para-a-Segunda-Fase-Clinica-Medica-de-Ruminantes.pdf\">Convoca\u00e7\u00e3o para a Segunda Fase &#8211; Cl\u00ednica M\u00e9dica de Ruminantes<\/a> (14\/12\/2021)<br \/>\n<a href=\"https:\/\/wp.ufpel.edu.br\/coremu\/files\/2021\/12\/Convocacao-para-a-Segunda-Fase-Clinica-Medica-em-Animais-de-Companhia.pdf\">Convoca\u00e7\u00e3o para a Segunda Fase &#8211; Cl\u00ednica M\u00e9dica em Animais de Companhia<\/a> (14\/12\/2021)<br \/>\n<a href=\"https:\/\/wp.ufpel.edu.br\/coremu\/files\/2021\/12\/Convocacao-para-a-Segunda-Fase-Diagnostico-por-Imagem.pdf\">Convoca\u00e7\u00e3o para a Segunda Fase &#8211; Diagn\u00f3stico por Imagem<\/a> (14\/12\/2021)<br \/>\n<a href=\"https:\/\/wp.ufpel.edu.br\/coremu\/files\/2021\/12\/Convocacao-para-a-Segunda-Fase-Doencas-e-Zoonoses-Parasitarias.pdf\">Convoca\u00e7\u00e3o para a Segunda Fase &#8211; Doen\u00e7as e Zoonoses Parasit\u00e1rias<\/a> (14\/12\/2021)<br \/>\n<a href=\"https:\/\/wp.ufpel.edu.br\/coremu\/files\/2021\/12\/Convocacao-para-a-Segunda-Fase-Inspecao-de-Leite-e-Derivados.pdf\">Convoca\u00e7\u00e3o para a Segunda Fase &#8211; Inspe\u00e7\u00e3o de Leite e Derivados<\/a> (14\/12\/2021)<br \/>\n<a href=\"https:\/\/wp.ufpel.edu.br\/coremu\/files\/2021\/12\/Convocacao-para-a-Segunda-Fase-Medicina-de-Animais-Silvestres.pdf\">Convoca\u00e7\u00e3o para a Segunda Fase &#8211; Medicina de Animais Silvestres<\/a> (14\/12\/2021)<br \/>\n<a href=\"https:\/\/wp.ufpel.edu.br\/coremu\/files\/2021\/12\/Convocacao-para-a-Segunda-Fase-Patologia-Animal.pdf\">Convoca\u00e7\u00e3o para a Segunda Fase &#8211; Patologia Animal<\/a> (14\/12\/2021)<br \/>\n<a href=\"https:\/\/wp.ufpel.edu.br\/coremu\/files\/2021\/12\/Convocacao-para-a-Segunda-Fase-Patologia-Clinica-Veterinaria.pdf\">Convoca\u00e7\u00e3o para a Segunda Fase &#8211; Patologia Cl\u00ednica Veterin\u00e1ria<\/a> (14\/12\/2021)<br \/>\n<a href=\"https:\/\/wp.ufpel.edu.br\/coremu\/files\/2021\/12\/Convocacao-para-a-Segunda-Fase-Pet-Terapia-Intervencoes-Assistidas-por-Animais.pdf\">Convoca\u00e7\u00e3o para a Segunda Fase &#8211; Pet Terapia Interven\u00e7\u00f5es Assistidas por Animais<\/a> (14\/12\/2021)<br \/>\n<a href=\"https:\/\/wp.ufpel.edu.br\/coremu\/files\/2021\/12\/Convocacao-para-a-Segunda-Fase-Saude-Coletiva.pdf\">Convoca\u00e7\u00e3o para a Segunda Fase &#8211; Sa\u00fade Coletiva<\/a> (14\/12\/2021)<\/p>\n","protected":false},"excerpt":{"rendered":"<p>Programa de Resid\u00eancia Integrada Multiprofissional em Aten\u00e7\u00e3o \u00e0 Sa\u00fade Oncol\u00f3gica RETIFICA\u00c7\u00c3O &#8211; Convoca\u00e7\u00e3o para a Segunda Fase &#8211; Enfermagem (03\/01\/2022) Convoca\u00e7\u00e3o para a Segunda Fase &#8211; Odontologia (14\/12\/2021) Convoca\u00e7\u00e3o para a Segunda Fase &#8211; Terapia Ocupacional (14\/12\/2021) Programas de Resid\u00eancia em \u00c1rea Profissional da Sa\u00fade: Medicina Veterin\u00e1ria Convoca\u00e7\u00e3o para a Segunda Fase &#8211; Anestesiologia (14\/12\/2021) [&hellip;]<\/p>\n","protected":false},"author":1209,"featured_media":0,"parent":54,"menu_order":1,"comment_status":"closed","ping_status":"closed","template":"","meta":{"footnotes":""},"class_list":["post-131","page","type-page","status-publish","hentry"],"_links":{"self":[{"href":"https:\/\/wp.ufpel.edu.br\/coremu\/wp-json\/wp\/v2\/pages\/131","targetHints":{"allow":["GET"]}}],"collection":[{"href":"https:\/\/wp.ufpel.edu.br\/coremu\/wp-json\/wp\/v2\/pages"}],"about":[{"href":"https:\/\/wp.ufpel.edu.br\/coremu\/wp-json\/wp\/v2\/types\/page"}],"author":[{"embeddable":true,"href":"https:\/\/wp.ufpel.edu.br\/coremu\/wp-json\/wp\/v2\/users\/1209"}],"replies":[{"embeddable":true,"href":"https:\/\/wp.ufpel.edu.br\/coremu\/wp-json\/wp\/v2\/comments?post=131"}],"version-history":[{"count":7,"href":"https:\/\/wp.ufpel.edu.br\/coremu\/wp-json\/wp\/v2\/pages\/131\/revisions"}],"predecessor-version":[{"id":182,"href":"https:\/\/wp.ufpel.edu.br\/coremu\/wp-json\/wp\/v2\/pages\/131\/revisions\/182"}],"up":[{"embeddable":true,"href":"https:\/\/wp.ufpel.edu.br\/coremu\/wp-json\/wp\/v2\/pages\/54"}],"wp:attachment":[{"href":"https:\/\/wp.ufpel.edu.br\/coremu\/wp-json\/wp\/v2\/media?parent=131"}],"curies":[{"name":"wp","href":"https:\/\/api.w.org\/{rel}","templated":true}]}}