{"id":1176,"date":"2025-01-08T09:29:35","date_gmt":"2025-01-08T12:29:35","guid":{"rendered":"https:\/\/wp.ufpel.edu.br\/coremu\/?page_id=1176"},"modified":"2025-03-10T17:09:03","modified_gmt":"2025-03-10T20:09:03","slug":"convocacoes","status":"publish","type":"page","link":"https:\/\/wp.ufpel.edu.br\/coremu\/processos-seletivos\/anteriores\/processo-seletivo-2024-2025\/convocacoes\/","title":{"rendered":"Convoca\u00e7\u00f5es"},"content":{"rendered":"<p><a href=\"https:\/\/wp.ufpel.edu.br\/coremu\/files\/2025\/03\/QUARTA-CHAMADA-ONCO.pdf\">QUARTA CHAMADA &#8211; Programa Multiprofissional em Aten\u00e7\u00e3o em Oncologia<\/a> (publicado em 10\/03\/2025)<\/p>\n<p><a href=\"https:\/\/wp.ufpel.edu.br\/coremu\/files\/2025\/03\/TERCEIRA-CHAMADA-ONCO.pdf\">TERCEIRA CHAMADA &#8211; Programa Multiprofissional em Aten\u00e7\u00e3o em Oncologia<\/a> (publicado em 06\/03\/2025)<\/p>\n<p><a href=\"https:\/\/wp.ufpel.edu.br\/coremu\/files\/2025\/03\/QUARTA-CHAMADA-CME.pdf\">QUARTA CHAMADA &#8211; Programa de Resid\u00eancia em Cl\u00ednica M\u00e9dica de Equinos<\/a> (publicado em 06\/03\/2025)<\/p>\n<p><a href=\"https:\/\/wp.ufpel.edu.br\/coremu\/files\/2025\/02\/TERCEIRA-CHAMADA-CME-1.pdf\">TERCEIRA CHAMADA &#8211; Programa de Resid\u00eancia em Cl\u00ednica M\u00e9dica de Equinos<\/a>\u00a0(publicado em 27\/02\/2025)<\/p>\n<p><a href=\"https:\/\/wp.ufpel.edu.br\/coremu\/files\/2025\/02\/TERCEIRA-CHAMADA-CTBMF.pdf\">TERCEIRA CHAMADA &#8211; Programa de Resid\u00eancia em Cirurgia e Traumatologia Bucomaxilofacial<\/a> (publicado em 24\/02\/2025)<\/p>\n<p><a href=\"https:\/\/wp.ufpel.edu.br\/coremu\/files\/2025\/02\/SEGUNDA-CHAMADA-MAS.pdf\">SEGUNDA CHAMADA &#8211; Programa de Resid\u00eancia em Medicina de Animais Silvestres<\/a> (publicado em 20\/02\/2025)<\/p>\n<p><a href=\"https:\/\/wp.ufpel.edu.br\/coremu\/files\/2025\/02\/SEGUNDA-CHAMADA-SAUDE-COLETIVA.pdf\">SEGUNDA CHAMADA &#8211; Programa de Resid\u00eancia em Sa\u00fade Coletiva<\/a> (publicado em 10\/02\/2025)<\/p>\n<p><a href=\"https:\/\/wp.ufpel.edu.br\/coremu\/files\/2025\/02\/SEGUNDA-CHAMADA-MVP.pdf\">SEGUNDA CHAMADA &#8211; Programa de Resid\u00eancia em Medicina Veterin\u00e1ria Preventiva<\/a> (publicado em 10\/02\/2025)<\/p>\n<p><a href=\"https:\/\/wp.ufpel.edu.br\/coremu\/files\/2025\/02\/SEGUNDA-CHAMADA-CCAC.pdf\">SEGUNDA CHAMADA &#8211; Programa de Resid\u00eancia em Cl\u00ednica Cir\u00fargica em Animais de Companhia<\/a> (publicado em 10\/02\/2025)<\/p>\n<p><a href=\"https:\/\/wp.ufpel.edu.br\/coremu\/files\/2025\/02\/SEGUNDA-CHAMADA-CTBMF.pdf\">SEGUNDA CHAMADA &#8211; programa de Resid\u00eancia em Cirurgia e Traumatologia Bucomaxilofacial<\/a> (publicado em 10\/02\/2025)<\/p>\n<p><a href=\"https:\/\/wp.ufpel.edu.br\/coremu\/files\/2025\/02\/SEGUNDA-CHAMADA-ONCOLOGIA.pdf\">SEGUNDA CHAMADA &#8211; Programa Multiprofissional em Aten\u00e7\u00e3o em Oncologia<\/a> (publicado em 10\/02\/2025)<\/p>\n<p><a href=\"https:\/\/wp.ufpel.edu.br\/coremu\/files\/2025\/02\/SEGUNDA-CHAMADA-CMR.pdf\">SEGUNDA CHAMADA &#8211; Programa de Resid\u00eancia em Cl\u00ednica M\u00e9dica de Ruminantes<\/a> (publicado em 07\/02\/2025)<\/p>\n<p><a href=\"https:\/\/wp.ufpel.edu.br\/coremu\/files\/2025\/02\/SEGUNDA-CHAMADA-CME-1.pdf\">SEGUNDA CHAMADA &#8211; Programa de Resid\u00eancia em Cl\u00ednica M\u00e9dica de Equinos<\/a> (publicado em 07\/02\/2025)<\/p>\n<p><a href=\"https:\/\/wp.ufpel.edu.br\/coremu\/files\/2025\/02\/PRIMEIRA-CHAMADA-MVET.pdf\">PRIMEIRA CHAMADA &#8211; Programas da Medicina Veterin\u00e1ria<\/a> (publicado em 05\/02\/2025)<\/p>\n<p><a href=\"https:\/\/wp.ufpel.edu.br\/coremu\/files\/2025\/02\/PRIMEIRA-CHAMADA-ONCO.pdf\">PRIMEIRA CHAMADA &#8211; Programa Multiprofissional em Aten\u00e7\u00e3o em Oncologia<\/a> (publicado em 05\/02\/2025)<\/p>\n<p><a href=\"https:\/\/wp.ufpel.edu.br\/coremu\/files\/2025\/02\/PRIMEIRA-CHAMADA-CTBMF.pdf\">PRIMEIRA CHAMADA &#8211; Programa de Resid\u00eancia em Cirurgia e Traumatologia Bucomaxilofacial<\/a> (publicado em 05\/02\/2025)<\/p>\n<p><a href=\"https:\/\/wp.ufpel.edu.br\/coremu\/files\/2025\/02\/SEGUNDA-CHAMADA-MEDICINA-VETERINARIA.pdf\">SEGUNDA CHAMADA &#8211; Programa de Resid\u00eancia em Patologia Animal<\/a> (publicado em 05\/02\/2025)<\/p>\n<p>&nbsp;<\/p>\n<p>&nbsp;<\/p>\n<p>&nbsp;<\/p>\n<p>&nbsp;<\/p>\n","protected":false},"excerpt":{"rendered":"<p>QUARTA CHAMADA &#8211; Programa Multiprofissional em Aten\u00e7\u00e3o em Oncologia (publicado em 10\/03\/2025) TERCEIRA CHAMADA &#8211; Programa Multiprofissional em Aten\u00e7\u00e3o em Oncologia (publicado em 06\/03\/2025) QUARTA CHAMADA &#8211; Programa de Resid\u00eancia em Cl\u00ednica M\u00e9dica de Equinos (publicado em 06\/03\/2025) TERCEIRA CHAMADA &#8211; Programa de Resid\u00eancia em Cl\u00ednica M\u00e9dica de Equinos\u00a0(publicado em 27\/02\/2025) TERCEIRA CHAMADA &#8211; Programa [&hellip;]<\/p>\n","protected":false},"author":1208,"featured_media":0,"parent":1018,"menu_order":1,"comment_status":"closed","ping_status":"closed","template":"","meta":{"footnotes":""},"class_list":["post-1176","page","type-page","status-publish","hentry"],"_links":{"self":[{"href":"https:\/\/wp.ufpel.edu.br\/coremu\/wp-json\/wp\/v2\/pages\/1176","targetHints":{"allow":["GET"]}}],"collection":[{"href":"https:\/\/wp.ufpel.edu.br\/coremu\/wp-json\/wp\/v2\/pages"}],"about":[{"href":"https:\/\/wp.ufpel.edu.br\/coremu\/wp-json\/wp\/v2\/types\/page"}],"author":[{"embeddable":true,"href":"https:\/\/wp.ufpel.edu.br\/coremu\/wp-json\/wp\/v2\/users\/1208"}],"replies":[{"embeddable":true,"href":"https:\/\/wp.ufpel.edu.br\/coremu\/wp-json\/wp\/v2\/comments?post=1176"}],"version-history":[{"count":26,"href":"https:\/\/wp.ufpel.edu.br\/coremu\/wp-json\/wp\/v2\/pages\/1176\/revisions"}],"predecessor-version":[{"id":1459,"href":"https:\/\/wp.ufpel.edu.br\/coremu\/wp-json\/wp\/v2\/pages\/1176\/revisions\/1459"}],"up":[{"embeddable":true,"href":"https:\/\/wp.ufpel.edu.br\/coremu\/wp-json\/wp\/v2\/pages\/1018"}],"wp:attachment":[{"href":"https:\/\/wp.ufpel.edu.br\/coremu\/wp-json\/wp\/v2\/media?parent=1176"}],"curies":[{"name":"wp","href":"https:\/\/api.w.org\/{rel}","templated":true}]}}