{"id":114,"date":"2021-12-10T15:29:04","date_gmt":"2021-12-10T18:29:04","guid":{"rendered":"https:\/\/wp.ufpel.edu.br\/coremu\/?page_id=114"},"modified":"2022-11-03T12:06:25","modified_gmt":"2022-11-03T15:06:25","slug":"normas-e-regimentos","status":"publish","type":"page","link":"https:\/\/wp.ufpel.edu.br\/coremu\/documentos\/normas-e-regimentos\/","title":{"rendered":"Normas e Regimentos"},"content":{"rendered":"<p><a href=\"https:\/\/wp.ufpel.edu.br\/coremu\/files\/2022\/01\/Regimento-dos-Programas-de-Pos-Graduacao-Lato-Sensu.pdf\">Regimento dos Programas de P\u00f3s-Gradua\u00e7\u00e3o Lato Sensu<\/a><\/p>\n<p><a href=\"https:\/\/wp.ufpel.edu.br\/coremu\/files\/2022\/11\/SEI_UFPel-1920844-Parecer-Normativo-COCEPE.pdf\">Regimento COREMU<\/a><\/p>\n<p><a href=\"https:\/\/wp.ufpel.edu.br\/coremu\/files\/2021\/12\/Resolucao-no-63-de-2021-Trata-do-fornecimento-de-moradia-aos-Residentes.pdf\">Resolu\u00e7\u00e3o n\u00ba 63 de 2021 &#8211; Trata do fornecimento de moradia aos Residentes<\/a><\/p>\n<p>&nbsp;<\/p>\n<p>&nbsp;<\/p>\n<p>&nbsp;<\/p>\n","protected":false},"excerpt":{"rendered":"<p>Regimento dos Programas de P\u00f3s-Gradua\u00e7\u00e3o Lato Sensu Regimento COREMU Resolu\u00e7\u00e3o n\u00ba 63 de 2021 &#8211; Trata do fornecimento de moradia aos Residentes &nbsp; &nbsp; &nbsp;<\/p>\n","protected":false},"author":1209,"featured_media":0,"parent":22,"menu_order":1,"comment_status":"closed","ping_status":"closed","template":"","meta":{"footnotes":""},"class_list":["post-114","page","type-page","status-publish","hentry"],"_links":{"self":[{"href":"https:\/\/wp.ufpel.edu.br\/coremu\/wp-json\/wp\/v2\/pages\/114","targetHints":{"allow":["GET"]}}],"collection":[{"href":"https:\/\/wp.ufpel.edu.br\/coremu\/wp-json\/wp\/v2\/pages"}],"about":[{"href":"https:\/\/wp.ufpel.edu.br\/coremu\/wp-json\/wp\/v2\/types\/page"}],"author":[{"embeddable":true,"href":"https:\/\/wp.ufpel.edu.br\/coremu\/wp-json\/wp\/v2\/users\/1209"}],"replies":[{"embeddable":true,"href":"https:\/\/wp.ufpel.edu.br\/coremu\/wp-json\/wp\/v2\/comments?post=114"}],"version-history":[{"count":7,"href":"https:\/\/wp.ufpel.edu.br\/coremu\/wp-json\/wp\/v2\/pages\/114\/revisions"}],"predecessor-version":[{"id":448,"href":"https:\/\/wp.ufpel.edu.br\/coremu\/wp-json\/wp\/v2\/pages\/114\/revisions\/448"}],"up":[{"embeddable":true,"href":"https:\/\/wp.ufpel.edu.br\/coremu\/wp-json\/wp\/v2\/pages\/22"}],"wp:attachment":[{"href":"https:\/\/wp.ufpel.edu.br\/coremu\/wp-json\/wp\/v2\/media?parent=114"}],"curies":[{"name":"wp","href":"https:\/\/api.w.org\/{rel}","templated":true}]}}