{"id":1071,"date":"2024-11-04T09:48:25","date_gmt":"2024-11-04T12:48:25","guid":{"rendered":"https:\/\/wp.ufpel.edu.br\/coremu\/?page_id=1071"},"modified":"2025-11-06T18:27:15","modified_gmt":"2025-11-06T21:27:15","slug":"encontro-de-residencias-em-saude-da-ufpel","status":"publish","type":"page","link":"https:\/\/wp.ufpel.edu.br\/coremu\/encontro-de-residencias-em-saude-da-ufpel\/","title":{"rendered":"Encontros de Resid\u00eancias em Sa\u00fade da UFPel"},"content":{"rendered":"<p><strong>SOBRE<\/strong><\/p>\n<p>O 2\u00ba Encontro de Resid\u00eancias em Sa\u00fade da UFPel, organizado pela Comiss\u00e3o de Resid\u00eancia Multiprofissional (COREMU), organizado pela Comiss\u00e3o de Resid\u00eancia Multiprofissional (COREMU), \u00e9 um evento que tem o objetivo de difundir, entre os profissionais residentes da Universidade, as pesquisas e relatos de experi\u00eancia vivenciados nos Programas.<\/p>\n<p>O evento acontecer\u00e1 nos dias 10 a 14 de novembro de 2025, no audit\u00f3rio da Faculdade de Meteorologia, no Campus Cap\u00e3o do Le\u00e3o, com abertura \u00e0s 8h30 do dia 10.<\/p>\n<p>As submiss\u00f5es de trabalhos dever\u00e3o ser feitas do dia 13 de outubro at\u00e9 o dia 31 de outubro de 2025.<\/p>\n<p>A submiss\u00e3o de trabalhos dos profissionais matriculados nos Programas de Resid\u00eancia da UFPel tem car\u00e1ter OBRIGAT\u00d3RIO, podendo ser em formato de:<\/p>\n<p><strong>1) Para os Profissionais R1:<\/strong><\/p>\n<p>&#8211; Proposta de projeto, que tenha vincula\u00e7\u00e3o ao projeto a ser desenvolvido na Resid\u00eancia (a apresenta\u00e7\u00e3o da proposta de trabalho substituir\u00e1 a qualifica\u00e7\u00e3o).<\/p>\n<p>ou<\/p>\n<p>&#8211; Relato de caso, resultados parciais ou relato de experi\u00eancia, em formato de resumo expandido, desenvolvido durante a Resid\u00eancia.<\/p>\n<p><strong>2) Para os Profissionais R2:<\/strong><\/p>\n<p>&#8211; Relato de caso, resultados parciais ou relato de experi\u00eancia, em formato de resumo expandido, desenvolvido durante a Resid\u00eancia.<\/p>\n<p>&nbsp;<\/p>\n<p><strong>INSTRU\u00c7\u00d5ES PARA SUBMISS\u00c3O<\/strong><\/p>\n<p>Os trabalhos ser\u00e3o submetidos como resumo expandido (de 3 a 4 p\u00e1ginas), em formato edit\u00e1vel (word), obedecendo a estrutura do modelo dispon\u00edvel neste <a href=\"https:\/\/wp.ufpel.edu.br\/coremu\/files\/2025\/10\/MODELO-ENCONTRO-WORD.docx\">link<\/a>.<\/p>\n<p>O envio deve ser feito por formul\u00e1rio eletr\u00f4nico espec\u00edfico, dispon\u00edvel <a href=\"https:\/\/forms.gle\/yFhdqn1ayPsveXjh8\">AQUI<\/a>.<\/p>\n<p>A an\u00e1lise para a aceita\u00e7\u00e3o dos trabalhos ser\u00e1 feita do dia 01 de novembro a 04 de novembro e, em caso de necessidade de adequa\u00e7\u00e3o, o envio dever\u00e1 ser novamente realizado, ap\u00f3s os ajustes solicitados, at\u00e9 o dia\u00a006 de novembro.<\/p>\n<p>&nbsp;<\/p>\n<p><strong>APRESENTA\u00c7\u00c3O E AVALIA\u00c7\u00c3O DOS TRABALHOS<\/strong><\/p>\n<p>Cada apresenta\u00e7\u00e3o ser\u00e1 de, no m\u00e1ximo, 15 (quinze) minutos, sendo avaliada por banca composta por profissionais da \u00e1rea ou \u00e1rea afim.<\/p>\n<p>O cronograma de apresenta\u00e7\u00e3o dos trabalhos ser\u00e1 divulgado em breve.<\/p>\n<p>Cada residente dever\u00e1 estar de posse de sua apresenta\u00e7\u00e3o no dia e hor\u00e1rio indicados no cronograma.<\/p>\n<p>Para obter o modelo para apresenta\u00e7\u00e3o <a href=\"https:\/\/wp.ufpel.edu.br\/coremu\/files\/2025\/10\/Apresentacao-Segundo-Encontro.pptx\">CLIQUE AQUI<\/a>.<\/p>\n<p>&nbsp;<\/p>\n<p><strong>CRONOGRAMA<\/strong><\/p>\n<table style=\"width: 608px;\" width=\"485\">\n<tbody>\n<tr>\n<td style=\"width: 458px;\" width=\"393\">Per\u00edodo de submiss\u00e3o dos trabalhos<\/td>\n<td style=\"width: 150px;\" width=\"92\">13 a 31\/10<\/td>\n<\/tr>\n<tr>\n<td style=\"width: 458px;\" width=\"393\">Per\u00edodo para an\u00e1lise dos trabalhos submetidos<\/td>\n<td style=\"width: 150px;\" width=\"92\">1\u00ba\/11 a 04\/11<\/td>\n<\/tr>\n<tr>\n<td style=\"width: 458px;\" width=\"393\">Prazo para adequa\u00e7\u00f5es, caso sejam solicitadas, e re-envio<\/td>\n<td style=\"width: 150px;\" width=\"92\">at\u00e9 dia 05\/11<\/td>\n<\/tr>\n<tr>\n<td style=\"width: 458px;\" width=\"393\">Encontro<\/td>\n<td style=\"width: 150px;\" width=\"92\">10 a 14\/11<\/td>\n<\/tr>\n<tr>\n<td style=\"width: 458px;\" width=\"393\">Cronograma de apresenta\u00e7\u00e3o dos trabalhos<\/td>\n<td style=\"width: 150px;\" width=\"92\">EM BREVE<\/td>\n<\/tr>\n<\/tbody>\n<\/table>\n<h4><a href=\"https:\/\/wp.ufpel.edu.br\/coremu\/files\/2025\/11\/Primeiro-2-1-1.pdf\">CRONOGRAMA DAS APRESENTA\u00c7\u00d5ES<\/a><\/h4>\n<p><strong>CERTIFICA\u00c7\u00c3O<\/strong><\/p>\n<p>A certifica\u00e7\u00e3o de participa\u00e7\u00e3o ser\u00e1 gerada atrav\u00e9s do sistema Cobalto.<\/p>\n<p>&nbsp;<\/p>\n<p><strong>DIVULGA\u00c7\u00c3O DOS TRABALHOS<\/strong><\/p>\n<p>Os anais dos trabalhos ser\u00e3o publicados na p\u00e1gina da COREMU.<\/p>\n","protected":false},"excerpt":{"rendered":"<p>SOBRE O 2\u00ba Encontro de Resid\u00eancias em Sa\u00fade da UFPel, organizado pela Comiss\u00e3o de Resid\u00eancia Multiprofissional (COREMU), organizado pela Comiss\u00e3o de Resid\u00eancia Multiprofissional (COREMU), \u00e9 um evento que tem o objetivo de difundir, entre os profissionais residentes da Universidade, as pesquisas e relatos de experi\u00eancia vivenciados nos Programas. O evento acontecer\u00e1 nos dias 10 a [&hellip;]<\/p>\n","protected":false},"author":1208,"featured_media":0,"parent":0,"menu_order":9,"comment_status":"closed","ping_status":"closed","template":"","meta":{"footnotes":""},"class_list":["post-1071","page","type-page","status-publish","hentry"],"_links":{"self":[{"href":"https:\/\/wp.ufpel.edu.br\/coremu\/wp-json\/wp\/v2\/pages\/1071","targetHints":{"allow":["GET"]}}],"collection":[{"href":"https:\/\/wp.ufpel.edu.br\/coremu\/wp-json\/wp\/v2\/pages"}],"about":[{"href":"https:\/\/wp.ufpel.edu.br\/coremu\/wp-json\/wp\/v2\/types\/page"}],"author":[{"embeddable":true,"href":"https:\/\/wp.ufpel.edu.br\/coremu\/wp-json\/wp\/v2\/users\/1208"}],"replies":[{"embeddable":true,"href":"https:\/\/wp.ufpel.edu.br\/coremu\/wp-json\/wp\/v2\/comments?post=1071"}],"version-history":[{"count":4,"href":"https:\/\/wp.ufpel.edu.br\/coremu\/wp-json\/wp\/v2\/pages\/1071\/revisions"}],"predecessor-version":[{"id":1693,"href":"https:\/\/wp.ufpel.edu.br\/coremu\/wp-json\/wp\/v2\/pages\/1071\/revisions\/1693"}],"wp:attachment":[{"href":"https:\/\/wp.ufpel.edu.br\/coremu\/wp-json\/wp\/v2\/media?parent=1071"}],"curies":[{"name":"wp","href":"https:\/\/api.w.org\/{rel}","templated":true}]}}