{"id":105,"date":"2021-12-08T16:20:18","date_gmt":"2021-12-08T19:20:18","guid":{"rendered":"https:\/\/wp.ufpel.edu.br\/coremu\/?page_id=105"},"modified":"2024-02-19T09:04:12","modified_gmt":"2024-02-19T12:04:12","slug":"programas-de-residencia-em-area-profissional-da-saude-medicina-veterinaria","status":"publish","type":"page","link":"https:\/\/wp.ufpel.edu.br\/coremu\/documentos\/programas-de-residencia-em-area-profissional-da-saude-medicina-veterinaria\/","title":{"rendered":"Programas de Resid\u00eancia em \u00c1rea Profissional da Sa\u00fade: Medicina Veterin\u00e1ria"},"content":{"rendered":"<p><a href=\"https:\/\/wp.ufpel.edu.br\/coremu\/files\/2024\/02\/Folha-de-Frequencia-13.docx\">Folha de Frequ\u00eancia<\/a><\/p>\n","protected":false},"excerpt":{"rendered":"<p>Folha de Frequ\u00eancia<\/p>\n","protected":false},"author":1209,"featured_media":0,"parent":22,"menu_order":4,"comment_status":"closed","ping_status":"closed","template":"","meta":{"footnotes":""},"class_list":["post-105","page","type-page","status-publish","hentry"],"_links":{"self":[{"href":"https:\/\/wp.ufpel.edu.br\/coremu\/wp-json\/wp\/v2\/pages\/105","targetHints":{"allow":["GET"]}}],"collection":[{"href":"https:\/\/wp.ufpel.edu.br\/coremu\/wp-json\/wp\/v2\/pages"}],"about":[{"href":"https:\/\/wp.ufpel.edu.br\/coremu\/wp-json\/wp\/v2\/types\/page"}],"author":[{"embeddable":true,"href":"https:\/\/wp.ufpel.edu.br\/coremu\/wp-json\/wp\/v2\/users\/1209"}],"replies":[{"embeddable":true,"href":"https:\/\/wp.ufpel.edu.br\/coremu\/wp-json\/wp\/v2\/comments?post=105"}],"version-history":[{"count":2,"href":"https:\/\/wp.ufpel.edu.br\/coremu\/wp-json\/wp\/v2\/pages\/105\/revisions"}],"predecessor-version":[{"id":911,"href":"https:\/\/wp.ufpel.edu.br\/coremu\/wp-json\/wp\/v2\/pages\/105\/revisions\/911"}],"up":[{"embeddable":true,"href":"https:\/\/wp.ufpel.edu.br\/coremu\/wp-json\/wp\/v2\/pages\/22"}],"wp:attachment":[{"href":"https:\/\/wp.ufpel.edu.br\/coremu\/wp-json\/wp\/v2\/media?parent=105"}],"curies":[{"name":"wp","href":"https:\/\/api.w.org\/{rel}","templated":true}]}}