{"id":100,"date":"2021-12-08T16:15:07","date_gmt":"2021-12-08T19:15:07","guid":{"rendered":"https:\/\/wp.ufpel.edu.br\/coremu\/?page_id=100"},"modified":"2021-12-08T16:16:21","modified_gmt":"2021-12-08T19:16:21","slug":"programas-de-residencia-em-area-profissional-da-saude","status":"publish","type":"page","link":"https:\/\/wp.ufpel.edu.br\/coremu\/documentos\/programas-de-residencia-em-area-profissional-da-saude\/","title":{"rendered":"Programa de Resid\u00eancia em \u00c1rea Profissional da Sa\u00fade: Cirurgia e Traumatologia Bucomaxilofacial"},"content":{"rendered":"<p><a href=\"https:\/\/wp.ufpel.edu.br\/coremu\/files\/2021\/12\/Folha-de-Frequencia.pdf\">Folha de Frequ\u00eancia<\/a><\/p>\n","protected":false},"excerpt":{"rendered":"<p>Folha de Frequ\u00eancia<\/p>\n","protected":false},"author":1209,"featured_media":0,"parent":22,"menu_order":3,"comment_status":"closed","ping_status":"closed","template":"","meta":{"footnotes":""},"class_list":["post-100","page","type-page","status-publish","hentry"],"_links":{"self":[{"href":"https:\/\/wp.ufpel.edu.br\/coremu\/wp-json\/wp\/v2\/pages\/100","targetHints":{"allow":["GET"]}}],"collection":[{"href":"https:\/\/wp.ufpel.edu.br\/coremu\/wp-json\/wp\/v2\/pages"}],"about":[{"href":"https:\/\/wp.ufpel.edu.br\/coremu\/wp-json\/wp\/v2\/types\/page"}],"author":[{"embeddable":true,"href":"https:\/\/wp.ufpel.edu.br\/coremu\/wp-json\/wp\/v2\/users\/1209"}],"replies":[{"embeddable":true,"href":"https:\/\/wp.ufpel.edu.br\/coremu\/wp-json\/wp\/v2\/comments?post=100"}],"version-history":[{"count":2,"href":"https:\/\/wp.ufpel.edu.br\/coremu\/wp-json\/wp\/v2\/pages\/100\/revisions"}],"predecessor-version":[{"id":104,"href":"https:\/\/wp.ufpel.edu.br\/coremu\/wp-json\/wp\/v2\/pages\/100\/revisions\/104"}],"up":[{"embeddable":true,"href":"https:\/\/wp.ufpel.edu.br\/coremu\/wp-json\/wp\/v2\/pages\/22"}],"wp:attachment":[{"href":"https:\/\/wp.ufpel.edu.br\/coremu\/wp-json\/wp\/v2\/media?parent=100"}],"curies":[{"name":"wp","href":"https:\/\/api.w.org\/{rel}","templated":true}]}}