{"id":10,"date":"2021-12-06T15:30:48","date_gmt":"2021-12-06T18:30:48","guid":{"rendered":"https:\/\/wp.ufpel.edu.br\/coremu\/?page_id=10"},"modified":"2021-12-07T12:05:19","modified_gmt":"2021-12-07T15:05:19","slug":"sobre","status":"publish","type":"page","link":"https:\/\/wp.ufpel.edu.br\/coremu\/sobre\/","title":{"rendered":"Sobre"},"content":{"rendered":"<p><span id=\"page148R_mcid18\" class=\"markedContent\"><span dir=\"ltr\" role=\"presentation\">Os Programas de Resid\u00eancia Multiprofissional em Sa\u00fade e em \u00c1rea Profissional da Sa\u00fade constituem <\/span><span dir=\"ltr\" role=\"presentation\">modalidades de ensino de p\u00f3s<\/span><span dir=\"ltr\" role=\"presentation\">&#8211;<\/span><span dir=\"ltr\" role=\"presentation\">gradua\u00e7\u00e3o <em>lato sensu<\/em> destinados \u00e0s profiss\u00f5es da \u00e1rea da sa\u00fade, exceto medicina, sob a forma de curso <\/span><span dir=\"ltr\" role=\"presentation\">de <\/span><span dir=\"ltr\" role=\"presentation\">especializa\u00e7\u00e3o caracterizado por ensino em servi\u00e7o, com carga hor\u00e1ria de 60 (sessenta) horas semanais, d<\/span><span dir=\"ltr\" role=\"presentation\">ura\u00e7\u00e3o m\u00ednima de 2 (dois) anos e dedica\u00e7\u00e3o exclusiva.<\/span><\/span><span id=\"page148R_mcid19\" class=\"markedContent\"><br role=\"presentation\" \/><\/span><span id=\"page148R_mcid20\" class=\"markedContent\"><br \/>\n<span id=\"page148R_mcid22\" class=\"markedContent\">S\u00e3o<span dir=\"ltr\" role=\"presentation\"> orientados pelos princ\u00edpios e diretrizes do Sistema \u00danico de Sa\u00fade (SUS), considerando-se as necessidades e realidades loco<\/span><span dir=\"ltr\" role=\"presentation\">rregionais.<\/span><\/span><\/span><\/p>\n<p>Os Programas de Resid\u00eancia certificados pela Universidade Federal de Pelotas (UFPel) t\u00eam suas bolsas financiadas pelo Minist\u00e9rio da Educa\u00e7\u00e3o (MEC), para os quais a oferta anual de vagas fica vinculada \u00e0 disponibilidade or\u00e7ament\u00e1ria deste \u00f3rg\u00e3o.<\/p>\n<p><span id=\"page148R_mcid5\" class=\"markedContent\"><span dir=\"ltr\" role=\"presentation\">Portaria Interministerial MEC\/MS N\u00ba 1.077, de 12 de novembro de 2009<\/span><\/span><\/p>\n","protected":false},"excerpt":{"rendered":"<p>Os Programas de Resid\u00eancia Multiprofissional em Sa\u00fade e em \u00c1rea Profissional da Sa\u00fade constituem modalidades de ensino de p\u00f3s&#8211;gradua\u00e7\u00e3o lato sensu destinados \u00e0s profiss\u00f5es da \u00e1rea da sa\u00fade, exceto medicina, sob a forma de curso de especializa\u00e7\u00e3o caracterizado por ensino em servi\u00e7o, com carga hor\u00e1ria de 60 (sessenta) horas semanais, dura\u00e7\u00e3o m\u00ednima de 2 (dois) [&hellip;]<\/p>\n","protected":false},"author":1208,"featured_media":0,"parent":0,"menu_order":1,"comment_status":"closed","ping_status":"closed","template":"","meta":{"footnotes":""},"class_list":["post-10","page","type-page","status-publish","hentry"],"_links":{"self":[{"href":"https:\/\/wp.ufpel.edu.br\/coremu\/wp-json\/wp\/v2\/pages\/10","targetHints":{"allow":["GET"]}}],"collection":[{"href":"https:\/\/wp.ufpel.edu.br\/coremu\/wp-json\/wp\/v2\/pages"}],"about":[{"href":"https:\/\/wp.ufpel.edu.br\/coremu\/wp-json\/wp\/v2\/types\/page"}],"author":[{"embeddable":true,"href":"https:\/\/wp.ufpel.edu.br\/coremu\/wp-json\/wp\/v2\/users\/1208"}],"replies":[{"embeddable":true,"href":"https:\/\/wp.ufpel.edu.br\/coremu\/wp-json\/wp\/v2\/comments?post=10"}],"version-history":[{"count":9,"href":"https:\/\/wp.ufpel.edu.br\/coremu\/wp-json\/wp\/v2\/pages\/10\/revisions"}],"predecessor-version":[{"id":78,"href":"https:\/\/wp.ufpel.edu.br\/coremu\/wp-json\/wp\/v2\/pages\/10\/revisions\/78"}],"wp:attachment":[{"href":"https:\/\/wp.ufpel.edu.br\/coremu\/wp-json\/wp\/v2\/media?parent=10"}],"curies":[{"name":"wp","href":"https:\/\/api.w.org\/{rel}","templated":true}]}}