{"id":991,"date":"2026-01-15T09:38:09","date_gmt":"2026-01-15T12:38:09","guid":{"rendered":"https:\/\/wp.ufpel.edu.br\/coreme\/?page_id=991"},"modified":"2026-03-10T12:05:38","modified_gmt":"2026-03-10T15:05:38","slug":"clinica-medica-3","status":"publish","type":"page","link":"https:\/\/wp.ufpel.edu.br\/coreme\/clinica-medica-3\/","title":{"rendered":"CL\u00cdNICA M\u00c9DICA"},"content":{"rendered":"<p><a href=\"https:\/\/wp.ufpel.edu.br\/coreme\/files\/2026\/01\/CLASSI1.pdf\">CLASSIFICA\u00c7\u00c3O PRELIMINAR &#8211; PRM EM CL\u00cdNICA M\u00c9DICA<\/a><\/p>\n<p><a href=\"https:\/\/wp.ufpel.edu.br\/coreme\/files\/2026\/01\/CLASSIFICACAO-FINAL-PRM-EM-CLINICA-MEDICA.pdf\">CLASSIFICA\u00c7\u00c3O FINAL &#8211; PRM EM CL\u00cdNICA M\u00c9DICA<\/a><\/p>\n<p><a href=\"https:\/\/wp.ufpel.edu.br\/coreme\/files\/2026\/01\/1a-CHAMADA-\u2013-CONVOCACAO-PARA-MATRICULA-\u2013-PRM-EM-CLINICA-MEDICA-1.pdf\">1\u00aa CHAMADA \u2013 CONVOCA\u00c7\u00c3O PARA MATR\u00cdCULA \u2013 PRM EM CL\u00cdNICA M\u00c9DICA<\/a><\/p>\n<p><a href=\"https:\/\/wp.ufpel.edu.br\/coreme\/files\/2026\/01\/2a-CHAMADA-\u2013-CONVOCACAO-PARA-MATRICULA-\u2013-PRM-EM-CLINICA-MEDICA-2.pdf\">2\u00aa CHAMADA \u2013 CONVOCA\u00c7\u00c3O PARA MATR\u00cdCULA \u2013 PRM EM CL\u00cdNICA M\u00c9DICA<\/a><\/p>\n<p><a href=\"https:\/\/wp.ufpel.edu.br\/coreme\/files\/2026\/02\/3a-CHAMADA-\u2013-CONVOCACAO-PARA-MATRICULA-\u2013-PRM-EM-CLINICA-MEDICA.pdf\">3\u00aa CHAMADA \u2013 CONVOCA\u00c7\u00c3O PARA MATR\u00cdCULA \u2013 PRM EM CL\u00cdNICA M\u00c9DICA<\/a><\/p>\n<p><a href=\"https:\/\/wp.ufpel.edu.br\/coreme\/files\/2026\/02\/4a-CHAMADA-\u2013-CONVOCACAO-PARA-MATRICULA-\u2013-PRM-EM-CLINICA-MEDICA.pdf\">4\u00aa CHAMADA \u2013 CONVOCA\u00c7\u00c3O PARA MATR\u00cdCULA \u2013 PRM EM CL\u00cdNICA M\u00c9DICA<\/a><\/p>\n<p><a href=\"https:\/\/wp.ufpel.edu.br\/coreme\/files\/2026\/02\/5a-CHAMADA-\u2013-CONVOCACAO-PARA-MATRICULA-\u2013-PRM-EM-CLINICA-MEDICA.pdf\">5\u00aa CHAMADA \u2013 CONVOCA\u00c7\u00c3O PARA MATR\u00cdCULA \u2013 PRM EM CL\u00cdNICA M\u00c9DICA<\/a><\/p>\n<p><a href=\"https:\/\/wp.ufpel.edu.br\/coreme\/files\/2026\/02\/6a-CHAMADA-\u2013-CONVOCACAO-PARA-MATRICULA-\u2013-PRM-EM-CLINICA-MEDICA.pdf\">6\u00aa CHAMADA \u2013 CONVOCA\u00c7\u00c3O PARA MATR\u00cdCULA \u2013 PRM EM CL\u00cdNICA M\u00c9DICA<\/a><\/p>\n<p><a href=\"https:\/\/wp.ufpel.edu.br\/coreme\/files\/2026\/02\/7a-CHAMADA-\u2013-CONVOCACAO-PARA-MATRICULA-\u2013-PRM-EM-CLINICA-MEDICA.pdf\">7\u00aa CHAMADA \u2013 CONVOCA\u00c7\u00c3O PARA MATR\u00cdCULA \u2013 PRM EM CL\u00cdNICA M\u00c9DICA<\/a><\/p>\n<p><a href=\"https:\/\/wp.ufpel.edu.br\/coreme\/files\/2026\/02\/8a-CHAMADA-\u2013-CONVOCACAO-PARA-MATRICULA-\u2013-PRM-EM-CLINICA-MEDICA.pdf\">8\u00aa CHAMADA \u2013 CONVOCA\u00c7\u00c3O PARA MATR\u00cdCULA \u2013 PRM EM CL\u00cdNICA M\u00c9DICA<\/a><\/p>\n<p><a href=\"https:\/\/wp.ufpel.edu.br\/coreme\/files\/2026\/03\/9a-CHAMADA-\u2013-CONVOCACAO-PARA-MATRICULA-\u2013-PRM-EM-CLINICA-MEDICA.pdf\">9\u00aa CHAMADA \u2013 CONVOCA\u00c7\u00c3O PARA MATR\u00cdCULA \u2013 PRM EM CL\u00cdNICA M\u00c9DICA<\/a><\/p>\n<p><a href=\"https:\/\/wp.ufpel.edu.br\/coreme\/files\/2026\/03\/10a-CHAMADA-\u2013-CONVOCACAO-PARA-MATRICULA-\u2013-PRM-EM-CLINICA-MEDICA-1.pdf\">10\u00aa CHAMADA \u2013 CONVOCA\u00c7\u00c3O PARA MATR\u00cdCULA \u2013 PRM EM CL\u00cdNICA M\u00c9DICA<\/a><\/p>\n<p><a href=\"https:\/\/wp.ufpel.edu.br\/coreme\/files\/2026\/03\/11a-CHAMADA-\u2013-CONVOCACAO-PARA-MATRICULA-\u2013-PRM-EM-CLINICA-MEDICA.pdf\">11\u00aa CHAMADA \u2013 CONVOCA\u00c7\u00c3O PARA MATR\u00cdCULA \u2013 PRM EM CL\u00cdNICA M\u00c9DICA<\/a><\/p>\n<p><a href=\"https:\/\/wp.ufpel.edu.br\/coreme\/files\/2026\/03\/12a-CHAMADA-\u2013-CONVOCACAO-PARA-MATRICULA-\u2013-PRM-EM-CLINICA-MEDICA.pdf\">12\u00aa CHAMADA \u2013 CONVOCA\u00c7\u00c3O PARA MATR\u00cdCULA \u2013 PRM EM CL\u00cdNICA M\u00c9DICA<\/a><\/p>\n<p>&nbsp;<\/p>\n<p>&nbsp;<\/p>\n","protected":false},"excerpt":{"rendered":"<p>CLASSIFICA\u00c7\u00c3O PRELIMINAR &#8211; PRM EM CL\u00cdNICA M\u00c9DICA CLASSIFICA\u00c7\u00c3O FINAL &#8211; PRM EM CL\u00cdNICA M\u00c9DICA 1\u00aa CHAMADA \u2013 CONVOCA\u00c7\u00c3O PARA MATR\u00cdCULA \u2013 PRM EM CL\u00cdNICA M\u00c9DICA 2\u00aa CHAMADA \u2013 CONVOCA\u00c7\u00c3O PARA MATR\u00cdCULA \u2013 PRM EM CL\u00cdNICA M\u00c9DICA 3\u00aa CHAMADA \u2013 CONVOCA\u00c7\u00c3O PARA MATR\u00cdCULA \u2013 PRM EM CL\u00cdNICA M\u00c9DICA 4\u00aa CHAMADA \u2013 CONVOCA\u00c7\u00c3O PARA MATR\u00cdCULA \u2013 PRM [&hellip;]<\/p>\n","protected":false},"author":1322,"featured_media":0,"parent":0,"menu_order":0,"comment_status":"closed","ping_status":"closed","template":"","meta":{"footnotes":""},"class_list":["post-991","page","type-page","status-publish","hentry"],"_links":{"self":[{"href":"https:\/\/wp.ufpel.edu.br\/coreme\/wp-json\/wp\/v2\/pages\/991","targetHints":{"allow":["GET"]}}],"collection":[{"href":"https:\/\/wp.ufpel.edu.br\/coreme\/wp-json\/wp\/v2\/pages"}],"about":[{"href":"https:\/\/wp.ufpel.edu.br\/coreme\/wp-json\/wp\/v2\/types\/page"}],"author":[{"embeddable":true,"href":"https:\/\/wp.ufpel.edu.br\/coreme\/wp-json\/wp\/v2\/users\/1322"}],"replies":[{"embeddable":true,"href":"https:\/\/wp.ufpel.edu.br\/coreme\/wp-json\/wp\/v2\/comments?post=991"}],"version-history":[{"count":4,"href":"https:\/\/wp.ufpel.edu.br\/coreme\/wp-json\/wp\/v2\/pages\/991\/revisions"}],"predecessor-version":[{"id":1363,"href":"https:\/\/wp.ufpel.edu.br\/coreme\/wp-json\/wp\/v2\/pages\/991\/revisions\/1363"}],"wp:attachment":[{"href":"https:\/\/wp.ufpel.edu.br\/coreme\/wp-json\/wp\/v2\/media?parent=991"}],"curies":[{"name":"wp","href":"https:\/\/api.w.org\/{rel}","templated":true}]}}