{"id":875,"date":"2025-09-08T10:20:17","date_gmt":"2025-09-08T13:20:17","guid":{"rendered":"https:\/\/wp.ufpel.edu.br\/coreme\/?page_id=875"},"modified":"2026-01-15T09:35:06","modified_gmt":"2026-01-15T12:35:06","slug":"edital-n-160-2025","status":"publish","type":"page","link":"https:\/\/wp.ufpel.edu.br\/coreme\/edital-n-160-2025\/","title":{"rendered":"EDITAL N\u00b0 160\/2025"},"content":{"rendered":"<p>&nbsp;<\/p>\n<p>A Comiss\u00e3o de Resid\u00eancia M\u00e9dica (COREME) informa que <strong>n\u00e3o ser\u00e1 publicada na data de hoje, 23 de dezembro, a lista de classifica\u00e7\u00e3o e convoca\u00e7\u00e3o para a segunda fase do Processo Seletivo<\/strong>, conforme previsto no Edital n\u00ba 160\/2025.<\/p>\n<p>O adiamento ocorre em raz\u00e3o de <strong>inconsist\u00eancias identificadas pela AMRIGS\/FUNDATEC<\/strong> na lista de classifica\u00e7\u00e3o encaminhada anteriormente, referentes \u00e0 <strong>n\u00e3o atribui\u00e7\u00e3o da pontua\u00e7\u00e3o adicional<\/strong> de 10% relativa aos Programas de Governo, as quais necessitam de retifica\u00e7\u00e3o.<\/p>\n<p>Ap\u00f3s o recebimento e valida\u00e7\u00e3o da lista retificada, a COREME divulgar\u00e1 a convoca\u00e7\u00e3o oficial para a segunda fase do processo seletivo.<\/p>\n<p>Orientamos que os candidatos<strong> acompanhem diariamente o site da COREME.<\/strong><\/p>\n<p>Agradecemos a compreens\u00e3o.<\/p>\n<p>Pelotas, 23 de dezembro de 2025.<\/p>\n<p><strong>COREME<\/strong><\/p>\n<hr \/>\n<p><a href=\"https:\/\/wp.ufpel.edu.br\/coreme\/files\/2025\/09\/Edital-n\u00b0-160-2025-Processo-Seletivo-com-anexos.pdf\">Edital n\u00b0 160\/2025<\/a><\/p>\n<hr \/>\n<p><a href=\"https:\/\/wp.ufpel.edu.br\/coreme\/files\/2025\/10\/ANEXO-I-Criterios-analise-curricular.pdf\">ANEXO I &#8211; An\u00e1lise curricular<\/a><\/p>\n<p><a href=\"https:\/\/wp.ufpel.edu.br\/coreme\/files\/2025\/10\/ANEXO-II-Solicitacao-de-pontuacao-adicional-PRMGFC.pdf\">ANEXO II &#8211; Solicita\u00e7\u00e3o de pontua\u00e7\u00e3o PRMGFC<\/a><\/p>\n<p><a href=\"https:\/\/wp.ufpel.edu.br\/coreme\/files\/2025\/10\/ANEXO-III-Formulario-para-requerimento-de-revisao-fase-2.pdf\">ANEXO III &#8211; Solicita\u00e7\u00e3o revis\u00e3o fase 2<\/a><\/p>\n<p><a href=\"https:\/\/wp.ufpel.edu.br\/coreme\/files\/2025\/10\/ANEXO-IV-Declaracao-de-pertencimento-etnico.pdf\">ANEXO IV &#8211; Declara\u00e7\u00e3o de pertencimento \u00e9tnico<\/a><\/p>\n<p><a href=\"https:\/\/wp.ufpel.edu.br\/coreme\/files\/2025\/10\/ANEXO-V-Autodeclaracao-de-deficiencia.pdf\">ANEXO V &#8211; Autodeclara\u00e7\u00e3o de defici\u00eancia<\/a><\/p>\n<p><a href=\"https:\/\/wp.ufpel.edu.br\/coreme\/files\/2025\/10\/ANEXO-VI-Autodeclaracao-de-identidade-de-genero.pdf\">ANEXO VI &#8211; Autodeclara\u00e7\u00e3o de identidade de g\u00eanero<\/a><\/p>\n<p>&nbsp;<\/p>\n<p>&nbsp;<\/p>\n","protected":false},"excerpt":{"rendered":"<p>&nbsp; A Comiss\u00e3o de Resid\u00eancia M\u00e9dica (COREME) informa que n\u00e3o ser\u00e1 publicada na data de hoje, 23 de dezembro, a lista de classifica\u00e7\u00e3o e convoca\u00e7\u00e3o para a segunda fase do Processo Seletivo, conforme previsto no Edital n\u00ba 160\/2025. O adiamento ocorre em raz\u00e3o de inconsist\u00eancias identificadas pela AMRIGS\/FUNDATEC na lista de classifica\u00e7\u00e3o encaminhada anteriormente, referentes [&hellip;]<\/p>\n","protected":false},"author":1322,"featured_media":0,"parent":0,"menu_order":0,"comment_status":"closed","ping_status":"closed","template":"","meta":{"footnotes":""},"class_list":["post-875","page","type-page","status-publish","hentry"],"_links":{"self":[{"href":"https:\/\/wp.ufpel.edu.br\/coreme\/wp-json\/wp\/v2\/pages\/875","targetHints":{"allow":["GET"]}}],"collection":[{"href":"https:\/\/wp.ufpel.edu.br\/coreme\/wp-json\/wp\/v2\/pages"}],"about":[{"href":"https:\/\/wp.ufpel.edu.br\/coreme\/wp-json\/wp\/v2\/types\/page"}],"author":[{"embeddable":true,"href":"https:\/\/wp.ufpel.edu.br\/coreme\/wp-json\/wp\/v2\/users\/1322"}],"replies":[{"embeddable":true,"href":"https:\/\/wp.ufpel.edu.br\/coreme\/wp-json\/wp\/v2\/comments?post=875"}],"version-history":[{"count":4,"href":"https:\/\/wp.ufpel.edu.br\/coreme\/wp-json\/wp\/v2\/pages\/875\/revisions"}],"predecessor-version":[{"id":986,"href":"https:\/\/wp.ufpel.edu.br\/coreme\/wp-json\/wp\/v2\/pages\/875\/revisions\/986"}],"wp:attachment":[{"href":"https:\/\/wp.ufpel.edu.br\/coreme\/wp-json\/wp\/v2\/media?parent=875"}],"curies":[{"name":"wp","href":"https:\/\/api.w.org\/{rel}","templated":true}]}}