{"id":869,"date":"2025-09-08T10:16:55","date_gmt":"2025-09-08T13:16:55","guid":{"rendered":"https:\/\/wp.ufpel.edu.br\/coreme\/?page_id=869"},"modified":"2026-02-04T17:19:31","modified_gmt":"2026-02-04T20:19:31","slug":"enare","status":"publish","type":"page","link":"https:\/\/wp.ufpel.edu.br\/coreme\/enare\/","title":{"rendered":"ENARE"},"content":{"rendered":"<p>Candidato,<\/p>\n<p>As convoca\u00e7\u00f5es para matr\u00edculas do Exame Nacional de Resid\u00eancia (ENARE) come\u00e7ar\u00e3o a partir de <strong>06 de fevereiro de 2026<\/strong>.<\/p>\n<p>Fique atento \u00e0s publica\u00e7\u00f5es, as chamadas ser\u00e3o publicadas neste site, mais especificadamente no menu em \u201cPROCESSO SELETIVO &gt; 2025 &gt; ENARE &gt; CONVOCA\u00c7\u00d5ES PARA MATR\u00cdCULA\u201d.<\/p>\n<p>As convoca\u00e7\u00f5es de suplentes acontecer\u00e3o ao fim do per\u00edodo estipulado para matr\u00edcula, quando os convocados n\u00e3o se matricularem, ou a qualquer tempo, caso os convocados encaminhem termo de desist\u00eancia.<\/p>\n<p>Para mais informa\u00e7\u00f5es acesse o site do <a href=\"https:\/\/www.gov.br\/ebserh\/pt-br\/ensino-e-pesquisa\/exame-nacional-de-residencia-enare\">ENARE<\/a> e acompanhe as atualiza\u00e7\u00f5es no site da COREME.<\/p>\n<hr \/>\n<p><a href=\"https:\/\/wp.ufpel.edu.br\/coreme\/files\/2026\/02\/EDITAL-No-03-2025-RESIDENCIA-MEDICA.pdf\">INFORMA\u00c7\u00d5ES DE MATR\u00cdCULA ENARE \u2013 EDITAL N\u00ba 03\/2025 \u2013 RESID\u00caNCIA M\u00c9DICA<\/a><\/p>\n","protected":false},"excerpt":{"rendered":"<p>Candidato, As convoca\u00e7\u00f5es para matr\u00edculas do Exame Nacional de Resid\u00eancia (ENARE) come\u00e7ar\u00e3o a partir de 06 de fevereiro de 2026. Fique atento \u00e0s publica\u00e7\u00f5es, as chamadas ser\u00e3o publicadas neste site, mais especificadamente no menu em \u201cPROCESSO SELETIVO &gt; 2025 &gt; ENARE &gt; CONVOCA\u00c7\u00d5ES PARA MATR\u00cdCULA\u201d. As convoca\u00e7\u00f5es de suplentes acontecer\u00e3o ao fim do per\u00edodo estipulado [&hellip;]<\/p>\n","protected":false},"author":1322,"featured_media":0,"parent":0,"menu_order":0,"comment_status":"closed","ping_status":"closed","template":"","meta":{"footnotes":""},"class_list":["post-869","page","type-page","status-publish","hentry"],"_links":{"self":[{"href":"https:\/\/wp.ufpel.edu.br\/coreme\/wp-json\/wp\/v2\/pages\/869","targetHints":{"allow":["GET"]}}],"collection":[{"href":"https:\/\/wp.ufpel.edu.br\/coreme\/wp-json\/wp\/v2\/pages"}],"about":[{"href":"https:\/\/wp.ufpel.edu.br\/coreme\/wp-json\/wp\/v2\/types\/page"}],"author":[{"embeddable":true,"href":"https:\/\/wp.ufpel.edu.br\/coreme\/wp-json\/wp\/v2\/users\/1322"}],"replies":[{"embeddable":true,"href":"https:\/\/wp.ufpel.edu.br\/coreme\/wp-json\/wp\/v2\/comments?post=869"}],"version-history":[{"count":3,"href":"https:\/\/wp.ufpel.edu.br\/coreme\/wp-json\/wp\/v2\/pages\/869\/revisions"}],"predecessor-version":[{"id":1198,"href":"https:\/\/wp.ufpel.edu.br\/coreme\/wp-json\/wp\/v2\/pages\/869\/revisions\/1198"}],"wp:attachment":[{"href":"https:\/\/wp.ufpel.edu.br\/coreme\/wp-json\/wp\/v2\/media?parent=869"}],"curies":[{"name":"wp","href":"https:\/\/api.w.org\/{rel}","templated":true}]}}