{"id":8,"date":"2023-08-29T15:16:31","date_gmt":"2023-08-29T18:16:31","guid":{"rendered":"https:\/\/wp.ufpel.edu.br\/coreme\/?page_id=8"},"modified":"2026-04-01T15:03:23","modified_gmt":"2026-04-01T18:03:23","slug":"sobre","status":"publish","type":"page","link":"https:\/\/wp.ufpel.edu.br\/coreme\/sobre\/","title":{"rendered":"SOBRE"},"content":{"rendered":"<h4>Coordenadora da Comiss\u00e3o de Resid\u00eancia M\u00e9dica:<\/h4>\n<p>Prof\u00aa.\u00a0Dr\u00aa Cec\u00edlia Fernandes Lorea<\/p>\n<h4>Vice-Coordenador:<\/h4>\n<p>Prof. Dr. Daniel Brito de Araujo<\/p>\n<h4>Supervisores dos Programas de Resid\u00eancia M\u00e9dica (PRMs):<\/h4>\n<ul>\n<li>Esp. Dr. Pedo Funari Pereira \u2013 PRM em Cirurgia Geral<\/li>\n<li>Esp. Dr. Alexandre de Abreu Gastaud \u2013 PRM em Cl\u00ednica M\u00e9dica<\/li>\n<li>Esp. Me. Eduardo Coelho Machado \u2013 PRM em Endocrinologia e Metabologia<\/li>\n<li>Esp. Dr\u00aa. Elza Cristina Miranda da Cunha Bueno \u2013 PRM em Gastroenterologia<\/li>\n<li>Esp. Dr. Pedro Henrique de Castro Haical \u2013 PRM em Ginecologia e Obstetr\u00edcia<\/li>\n<li>Prof\u00aa. Dr\u00aa. B\u00e1rbara Heather Lutz \u2013 PRM em Medicina de Fam\u00edlia e Comunidade<\/li>\n<li>Prof\u00aa. Dr\u00aa. Cristiane Rios Petrarca \u2013 PRM em Oncologia Cl\u00ednica<\/li>\n<li>Esp. Dr\u00aa. Ana L\u00facia Mello Fonseca Zeni &#8211; PRM em Neonatologia<\/li>\n<li>Esp. Dr\u00aa.\u00a0Lucia Helena Schaun Ribeiro Ferrari \u2013 PRM em Pediatria<\/li>\n<li>Esp. Dr\u00aa.\u00a0Maria Cristine Igansi da Cunha \u2013 PRM em\u00a0Psiquiatria<\/li>\n<li>Esp. Tiago Maas \u2013 R3 em Aten\u00e7\u00e3o Domiciliar<\/li>\n<\/ul>\n","protected":false},"excerpt":{"rendered":"<p>Coordenadora da Comiss\u00e3o de Resid\u00eancia M\u00e9dica: Prof\u00aa.\u00a0Dr\u00aa Cec\u00edlia Fernandes Lorea Vice-Coordenador: Prof. Dr. Daniel Brito de Araujo Supervisores dos Programas de Resid\u00eancia M\u00e9dica (PRMs): Esp. Dr. Pedo Funari Pereira \u2013 PRM em Cirurgia Geral Esp. Dr. Alexandre de Abreu Gastaud \u2013 PRM em Cl\u00ednica M\u00e9dica Esp. Me. Eduardo Coelho Machado \u2013 PRM em Endocrinologia e [&hellip;]<\/p>\n","protected":false},"author":1322,"featured_media":0,"parent":0,"menu_order":1,"comment_status":"closed","ping_status":"closed","template":"","meta":{"footnotes":""},"class_list":["post-8","page","type-page","status-publish","hentry"],"_links":{"self":[{"href":"https:\/\/wp.ufpel.edu.br\/coreme\/wp-json\/wp\/v2\/pages\/8","targetHints":{"allow":["GET"]}}],"collection":[{"href":"https:\/\/wp.ufpel.edu.br\/coreme\/wp-json\/wp\/v2\/pages"}],"about":[{"href":"https:\/\/wp.ufpel.edu.br\/coreme\/wp-json\/wp\/v2\/types\/page"}],"author":[{"embeddable":true,"href":"https:\/\/wp.ufpel.edu.br\/coreme\/wp-json\/wp\/v2\/users\/1322"}],"replies":[{"embeddable":true,"href":"https:\/\/wp.ufpel.edu.br\/coreme\/wp-json\/wp\/v2\/comments?post=8"}],"version-history":[{"count":3,"href":"https:\/\/wp.ufpel.edu.br\/coreme\/wp-json\/wp\/v2\/pages\/8\/revisions"}],"predecessor-version":[{"id":1374,"href":"https:\/\/wp.ufpel.edu.br\/coreme\/wp-json\/wp\/v2\/pages\/8\/revisions\/1374"}],"wp:attachment":[{"href":"https:\/\/wp.ufpel.edu.br\/coreme\/wp-json\/wp\/v2\/media?parent=8"}],"curies":[{"name":"wp","href":"https:\/\/api.w.org\/{rel}","templated":true}]}}