{"id":632,"date":"2025-02-05T09:42:10","date_gmt":"2025-02-05T12:42:10","guid":{"rendered":"https:\/\/wp.ufpel.edu.br\/coreme\/?page_id=632"},"modified":"2025-02-05T13:43:24","modified_gmt":"2025-02-05T16:43:24","slug":"pediatria-2","status":"publish","type":"page","link":"https:\/\/wp.ufpel.edu.br\/coreme\/pediatria-2\/","title":{"rendered":"Pediatria"},"content":{"rendered":"<p><a href=\"https:\/\/wp.ufpel.edu.br\/coreme\/files\/2025\/02\/1a-chamada-2.pdf\">1\u00aa CHAMADA \u2013 CONVOCA\u00c7\u00c3O PARA MATR\u00cdCULA ENARE \u2013 PRM EM PEDIATRIA<\/a><\/p>\n","protected":false},"excerpt":{"rendered":"<p>1\u00aa CHAMADA \u2013 CONVOCA\u00c7\u00c3O PARA MATR\u00cdCULA ENARE \u2013 PRM EM PEDIATRIA<\/p>\n","protected":false},"author":1322,"featured_media":0,"parent":0,"menu_order":0,"comment_status":"closed","ping_status":"closed","template":"","meta":{"footnotes":""},"class_list":["post-632","page","type-page","status-publish","hentry"],"_links":{"self":[{"href":"https:\/\/wp.ufpel.edu.br\/coreme\/wp-json\/wp\/v2\/pages\/632","targetHints":{"allow":["GET"]}}],"collection":[{"href":"https:\/\/wp.ufpel.edu.br\/coreme\/wp-json\/wp\/v2\/pages"}],"about":[{"href":"https:\/\/wp.ufpel.edu.br\/coreme\/wp-json\/wp\/v2\/types\/page"}],"author":[{"embeddable":true,"href":"https:\/\/wp.ufpel.edu.br\/coreme\/wp-json\/wp\/v2\/users\/1322"}],"replies":[{"embeddable":true,"href":"https:\/\/wp.ufpel.edu.br\/coreme\/wp-json\/wp\/v2\/comments?post=632"}],"version-history":[{"count":2,"href":"https:\/\/wp.ufpel.edu.br\/coreme\/wp-json\/wp\/v2\/pages\/632\/revisions"}],"predecessor-version":[{"id":654,"href":"https:\/\/wp.ufpel.edu.br\/coreme\/wp-json\/wp\/v2\/pages\/632\/revisions\/654"}],"wp:attachment":[{"href":"https:\/\/wp.ufpel.edu.br\/coreme\/wp-json\/wp\/v2\/media?parent=632"}],"curies":[{"name":"wp","href":"https:\/\/api.w.org\/{rel}","templated":true}]}}